{"id":30807,"date":"2024-06-04T14:42:58","date_gmt":"2024-06-04T12:42:58","guid":{"rendered":"https:\/\/webnemji.azurewebsites.net\/?page_id=30807"},"modified":"2024-11-20T09:09:53","modified_gmt":"2024-11-20T08:09:53","slug":"vzdelavani-odborne-verejnosti-lekari","status":"publish","type":"page","link":"https:\/\/webnemji.azurewebsites.net\/en\/vzdelavani-odborne-verejnosti-lekari\/","title":{"rendered":"Vzd\u011bl\u00e1v\u00e1n\u00ed odborn\u00e9 ve\u0159ejnosti &#8211; l\u00e9ka\u0159i"},"content":{"rendered":"<div id=\"cmsmasters_row_ksciwp6ujf\" class=\"cmsmasters_row cmsmasters_color_scheme_default heroblocks cmsmasters_row_top_default cmsmasters_row_bot_default cmsmasters_row_boxed\">\n<div id=\"heroboxes\" class=\"cmsmasters_row_outer_parent\">\n<div class=\"cmsmasters_row_overlay\"><\/div>\n<div class=\"cmsmasters_row_outer\">\n<div class=\"cmsmasters_row_inner\">\n<div class=\"cmsmasters_row_margin\">\n<div id=\"cmsmasters_column_bxgnwqgwt\" class=\"cmsmasters_column one_first\">\n<div class=\"cmsmasters_column_inner\"><div id=\"cmsmasters_heading_mkdgjovddq\" class=\"cmsmasters_heading_wrap cmsmasters_heading_align_center pageheadingtitle\" data-animation=\"fadeIn\" data-delay=\"100\">\n\t<h1 class=\"cmsmasters_heading\">Vzd\u011bl\u00e1v\u00e1n\u00ed odborn\u00e9 ve\u0159ejnosti<\/h1>\n<\/div><div id=\"cmsmasters_heading_gb7vg9rtje\" class=\"cmsmasters_heading_wrap cmsmasters_heading_align_center\" data-animation=\"fadeIn\" data-delay=\"150\">\n\t<h3 class=\"cmsmasters_heading\">Nemocnice Jihlava, p\u0159\u00edsp\u011bvkov\u00e1 organizace<\/h3>\n<\/div>\n<\/div><\/div>\n<\/div>\n<\/div>\n<\/div>\n<\/div>\n<\/div>\n<div id=\"cmsmasters_row_bj7zxjapxj\" class=\"cmsmasters_row cmsmasters_color_scheme_default cmsmasters_row_top_default cmsmasters_row_bot_default cmsmasters_row_boxed\">\n<div class=\"cmsmasters_row_outer_parent\">\n<div class=\"cmsmasters_row_outer\">\n<div class=\"cmsmasters_row_inner\">\n<div class=\"cmsmasters_row_margin\">\n<div id=\"cmsmasters_column_22eksm2374\" class=\"cmsmasters_column one_first\">\n<div class=\"cmsmasters_column_inner\"><div class=\"cmsmasters_text\">\n<p><nav aria-label=\"breadcrumbs\">\n            <div class=\"breadcrumb-container theme1\">\n                <ol>\n                                    <\/ol>\n            <\/div>\n        <\/nav>    <script type=\"application\/ld+json\">\n        {\n            \"@context\": \"http:\/\/schema.org\",\n            \"@type\": \"BreadcrumbList\",\n            \"itemListElement\": [\n                            ]\n        }\n    <\/script>\n   \n    <script>\n            <\/script>\n<\/p>\n<\/div>\n<\/div><\/div>\n<\/div>\n<\/div>\n<\/div>\n<\/div>\n<\/div>\n<div id=\"cmsmasters_row_ldf2o8mry4\" class=\"cmsmasters_row cmsmasters_color_scheme_default cmsmasters_row_top_default cmsmasters_row_bot_default cmsmasters_row_boxed\">\n<div class=\"cmsmasters_row_outer_parent\">\n<div class=\"cmsmasters_row_outer\">\n<div class=\"cmsmasters_row_inner\">\n<div class=\"cmsmasters_row_margin\">\n<div id=\"cmsmasters_column_gg7lw4yg2b\" class=\"cmsmasters_column one_third stickyinfocolumn\">\n<div class=\"cmsmasters_column_inner\"><div id=\"cmsmasters_heading_p15yq2mpjk\" class=\"cmsmasters_heading_wrap cmsmasters_heading_align_center\">\n\t<h3 class=\"cmsmasters_heading\">Vzd\u011bl\u00e1v\u00e1n\u00ed<\/h3>\n<\/div>\n<div id=\"cmsmasters_divider_l6t6q1gvwr\" class=\"cmsmasters_divider cmsmasters_divider_width_short cmsmasters_divider_pos_center\"><\/div>\n<div class=\"cmsmasters_sidebar sidebar_layout_11 sidebar-custom-menu\"><aside id=\"nav_menu-60\" class=\"widget widget_nav_menu\"><div class=\"menu-vzdelavani-container\"><ul id=\"menu-vzdelavani\" class=\"menu\"><li id=\"menu-item-28954\" class=\"menu-item menu-item-type-custom menu-item-object-custom menu-item-28954\"><a href=\"\/vzdelavani\/#nelekari\" data-ps2id-api=\"true\"><i class=\"fa-solid fa-users-between-lines\"><\/i>Celo\u017eivotn\u00ed vzd\u011bl\u00e1v\u00e1n\u00ed nel\u00e9ka\u0159sk\u00fdch zdravotnick\u00fdch pracovn\u00edk\u016f<\/a><\/li>\n<li id=\"menu-item-29066\" class=\"menu-item menu-item-type-custom menu-item-object-custom menu-item-29066\"><a href=\"\/vzdelavani\/#rezidenti\" data-ps2id-api=\"true\"><i class=\"fa-solid fa-users-between-lines\"><\/i>Nel\u00e9ka\u0159sk\u00e1 reziden\u010dn\u00ed m\u00edsta<\/a><\/li>\n<li id=\"menu-item-30809\" class=\"menu-item menu-item-type-custom menu-item-object-custom menu-item-30809\"><a href=\"\/vzdelavani-odborne-verejnosti-lekari\/#lekari\" data-ps2id-api=\"true\"><i class=\"fa-solid fa-users\"><\/i>Specializa\u010dn\u00ed vzd\u011bl\u00e1v\u00e1n\u00ed l\u00e9ka\u0159\u016f<\/a><\/li>\n<li id=\"menu-item-30814\" class=\"static-link menu-item menu-item-type-custom menu-item-object-custom menu-item-30814\"><a href=\"\/vzdelavani-odborne-verejnosti-lekari\/#rezidenti\" data-ps2id-api=\"true\"><i class=\"fa-solid fa-users\"><\/i>L\u00e9ka\u0159sk\u00e1 reziden\u010dn\u00ed m\u00edsta<\/a><\/li>\n<li id=\"menu-item-32409\" class=\"menu-item menu-item-type-custom menu-item-object-custom menu-item-32409\"><a href=\"https:\/\/nemocnice.tritius.cz\/library\/jihlava\/\" data-ps2id-api=\"true\"><i class=\"fa-solid fa-book\"><\/i>L\u00e9ka\u0159sk\u00e1 knihovna<\/a><\/li>\n<li id=\"menu-item-28955\" class=\"static-link menu-item menu-item-type-custom menu-item-object-custom menu-item-28955\"><a href=\"\/vzdelavani\/kontakt_vzdelavani\" data-ps2id-api=\"true\"><i class=\"fa-solid fa-user\"><\/i> Kontakt<\/a><\/li>\n<\/ul><\/div><\/aside><div class=\"cl\"><\/div>\n<\/div>\n<\/div><\/div>\n<div id=\"cmsmasters_column_rf5nlcobhl\" class=\"cmsmasters_column two_third\">\n<div class=\"cmsmasters_column_inner\"><div id=\"cmsmasters_heading_tkvja2wsw\" class=\"cmsmasters_heading_wrap cmsmasters_heading_align_left\">\n\t<h2 class=\"cmsmasters_heading\">Vzd\u011bl\u00e1v\u00e1n\u00ed odborn\u00e9 ve\u0159ejnosti &#8211; l\u00e9ka\u0159i<\/h2>\n<\/div>\n<div id=\"cmsmasters_divider_al0t253cl\" class=\"cmsmasters_divider cmsmasters_divider_width_short cmsmasters_divider_pos_left\"><\/div>\n<div class=\"cmsmasters_text\">\n<p><a id=\"lekari\"><\/a><\/p>\n<\/div>\n<div class=\"cmsmasters_text download-links-large\">\n<h3>Specializa\u010dn\u00ed vzd\u011bl\u00e1v\u00e1n\u00ed l\u00e9ka\u0159\u016f, zubn\u00edch l\u00e9ka\u0159\u016f a farmaceut\u016f<\/h3>\n<p>Ministerstvo zdravotnictv\u00ed vydalo rozhodnut\u00ed o ud\u011blen\u00ed akreditace podle z\u00e1kona \u010d. 95\/2004 Sb. o podm\u00ednk\u00e1ch z\u00edsk\u00e1v\u00e1n\u00ed a uzn\u00e1v\u00e1n\u00ed odborn\u00e9 zp\u016fsobilosti a specializovan\u00e9 zp\u016fsobilosti k v\u00fdkonu zdravotnick\u00e9ho povol\u00e1n\u00ed l\u00e9ka\u0159e t\u011bmto obor\u016fm v Nemocnici Jihlava, p. o.<br \/>\nV p\u0159\u00edloze naleznete seznam ud\u011blen\u00fdch akreditac\u00ed pro Nemocnici Jihlava, p. o., dle vzd\u011bl\u00e1vac\u00edch program\u016f.<\/p>\n<p>Akreditace dle novelizace z\u00e1kona \u010d. 95\/2004 Sb. se p\u0159ipravuj\u00ed. Aktu\u00e1ln\u00ed seznam akreditovan\u00fdch za\u0159\u00edzen\u00ed naleznete na str\u00e1nk\u00e1ch MZ\u010cR.<\/p>\n<style type=\"text\/css\"><\/style><section id='' \n                class='helpie-faq accordions groupSettings-441__enabled' \n                data-collection='' \n                data-pagination='0' \n                data-search='0' \n                data-pagination-enabled='0'\n                role='region'\n                aria-label='FAQ Section'\n                aria-live='polite'><article class=\"accordion \"><div class='helpie-faq-row'><div class='helpie-faq-col helpie-faq-col-12' ><ul><li class=\"accordion__item \"><div class=\"accordion__header \" \r\n                id=\"accordion-header-post-29063\"\r\n                role=\"button\"\r\n                aria-expanded=\"false\"\r\n                aria-controls=\"accordion-content-post-29063\"\r\n                data-id=\"post-29063\" \r\n                data-item=\"hfaq-post-29063\" \r\n                style=\"background:transparent;\" \r\n                data-tags=\"\"\r\n                tabindex=\"0\"><div class=\"accordion__title\">Vzd\u011bl\u00e1v\u00e1n\u00ed \u2013 Specializa\u010dn\u00ed vzd\u011bl\u00e1v\u00e1n\u00ed l\u00e9ka\u0159\u016f<\/div><\/div><div id=\"accordion-content-post-29063\" \r\n                class=\"accordion__body\" \r\n                role=\"region\"\r\n                aria-labelledby=\"accordion-header-post-29063\"\r\n                style=\"background:transparent;\"><p><a href=\"\/wp-content\/uploads\/2024\/01\/Akreditace.xls\">Akreditace NemJi<\/a><\/p>\n<\/div><\/li><\/ul><\/div><\/div><\/article><\/section>\n<\/div>\n<div id=\"cmsmasters_divider_1jf3klbqau\" class=\"cmsmasters_divider cmsmasters_divider_width_long cmsmasters_divider_pos_left\"><\/div>\n<div class=\"cmsmasters_text\">\n<p>&nbsp;<\/p>\n<p>&nbsp;<\/p>\n<\/div>\n<div class=\"cmsmasters_text\">\n<p>&nbsp;<\/p>\n<p>&nbsp;<\/p>\n<\/div>\n<div id=\"cmsmasters_heading_myl1duvyz9\" class=\"cmsmasters_heading_wrap cmsmasters_heading_align_left\">\n\t<h2 class=\"cmsmasters_heading\">L\u00e9ka\u0159sk\u00e1 reziden\u010dn\u00ed m\u00edsta<\/h2>\n<\/div><div class=\"cmsmasters_text\">\n<p><a id=\"rezidenti\"><\/a><\/p>\n<\/div>\n<div id=\"cmsmasters_divider_5gnz27wgks\" class=\"cmsmasters_divider cmsmasters_divider_width_short cmsmasters_divider_pos_left\"><\/div>\n<div class=\"cmsmasters_text download-links-large\">\n<p><a href=\"\/wp-content\/uploads\/2024\/11\/Vyberove-rizeni-na-RM-lekari-Pediatrie.pdf\">V\u00fdb\u011brov\u00e9 \u0159\u00edzen\u00ed na RM &#8211; l\u00e9ka\u0159i &#8211; Pediatrie<\/a><\/p>\n<p><a href=\"\/wp-content\/uploads\/2024\/07\/Vyhlaseni_vyber_RM_lekari.pdf\">V\u00fdb\u011brov\u00e9 \u0159\u00edzen\u00ed na RM &#8211; l\u00e9ka\u0159i<\/a><\/p>\n<p><a href=\"\/wp-content\/uploads\/2024\/07\/Priloha-1-Prihlaska.xlsx\">P\u0159\u00edloha 1: P\u0159ihl\u00e1\u0161ka<\/a><\/p>\n<p><a href=\"\/wp-content\/uploads\/2024\/07\/Priloha-2-Osobni-dotaznik.xlsx\">P\u0159\u00edloha 2: Osobn\u00ed dotazn\u00edk<\/a><\/p>\n<\/div>\n\n<div id=\"cmsmasters_divider_er94sle6n3\" class=\"cmsmasters_divider cmsmasters_divider_width_long cmsmasters_divider_pos_left\"><\/div>\n<\/div><\/div>\n<\/div>\n<\/div>\n<\/div>\n<\/div>\n<\/div>\n\n","protected":false},"excerpt":{"rendered":"","protected":false},"author":5,"featured_media":26771,"parent":0,"menu_order":0,"comment_status":"closed","ping_status":"closed","template":"","meta":{"pgc_sgb_lightbox_settings":"","footnotes":"","_links_to":"","_links_to_target":""},"categories":[],"class_list":["post-30807","page","type-page","status-publish","has-post-thumbnail","hentry"],"publishpress_future_action":{"enabled":false,"date":"2026-04-18 01:37:22","action":"change-status","newStatus":"draft","terms":[],"taxonomy":"category","extraData":[]},"publishpress_future_workflow_manual_trigger":{"enabledWorkflows":[]},"_links":{"self":[{"href":"https:\/\/webnemji.azurewebsites.net\/en\/wp-json\/wp\/v2\/pages\/30807","targetHints":{"allow":["GET"]}}],"collection":[{"href":"https:\/\/webnemji.azurewebsites.net\/en\/wp-json\/wp\/v2\/pages"}],"about":[{"href":"https:\/\/webnemji.azurewebsites.net\/en\/wp-json\/wp\/v2\/types\/page"}],"author":[{"embeddable":true,"href":"https:\/\/webnemji.azurewebsites.net\/en\/wp-json\/wp\/v2\/users\/5"}],"replies":[{"embeddable":true,"href":"https:\/\/webnemji.azurewebsites.net\/en\/wp-json\/wp\/v2\/comments?post=30807"}],"version-history":[{"count":0,"href":"https:\/\/webnemji.azurewebsites.net\/en\/wp-json\/wp\/v2\/pages\/30807\/revisions"}],"wp:featuredmedia":[{"embeddable":true,"href":"https:\/\/webnemji.azurewebsites.net\/en\/wp-json\/wp\/v2\/media\/26771"}],"wp:attachment":[{"href":"https:\/\/webnemji.azurewebsites.net\/en\/wp-json\/wp\/v2\/media?parent=30807"}],"wp:term":[{"taxonomy":"category","embeddable":true,"href":"https:\/\/webnemji.azurewebsites.net\/en\/wp-json\/wp\/v2\/categories?post=30807"}],"curies":[{"name":"wp","href":"https:\/\/api.w.org\/{rel}","templated":true}]}}