{"id":30995,"date":"2024-06-24T09:23:54","date_gmt":"2024-06-24T07:23:54","guid":{"rendered":"https:\/\/webnemji.azurewebsites.net\/?page_id=30995"},"modified":"2024-10-01T14:31:53","modified_gmt":"2024-10-01T12:31:53","slug":"vzdelavani","status":"publish","type":"page","link":"https:\/\/webnemji.azurewebsites.net\/en\/oddeleni\/okbmi\/vzdelavani\/","title":{"rendered":"Vzd\u011bl\u00e1v\u00e1n\u00ed"},"content":{"rendered":"<div id=\"cmsmasters_row_6iluctg3hk\" class=\"cmsmasters_row cmsmasters_color_scheme_default cmsmasters_row_top_default cmsmasters_row_bot_default cmsmasters_row_boxed\">\n<div class=\"cmsmasters_row_outer_parent\">\n<div class=\"cmsmasters_row_overlay\"><\/div>\n<div class=\"cmsmasters_row_outer\">\n<div class=\"cmsmasters_row_inner\">\n<div class=\"cmsmasters_row_margin\">\n<div id=\"cmsmasters_column_sybg7he2sg\" class=\"cmsmasters_column one_first\">\n<div class=\"cmsmasters_column_inner\"><div id=\"cmsmasters_heading_b3c74b95a0\" class=\"cmsmasters_heading_wrap cmsmasters_heading_align_center pageheadingtitle\">\n\t<h1 class=\"cmsmasters_heading\"> Odd\u011blen\u00ed klinick\u00e9 biochemie, mikrobiologie a imunologie<\/h1>\n<\/div>\n<\/div><\/div>\n<\/div>\n<\/div>\n<\/div>\n<\/div>\n<\/div>\n<div id=\"cmsmasters_row_ly5ze1hf8e\" class=\"cmsmasters_row cmsmasters_color_scheme_default cmsmasters_row_top_default cmsmasters_row_bot_default cmsmasters_row_boxed\">\n<div class=\"cmsmasters_row_outer_parent\">\n<div class=\"cmsmasters_row_outer\">\n<div class=\"cmsmasters_row_inner\">\n<div class=\"cmsmasters_row_margin\">\n<div id=\"cmsmasters_column_v67ee6nvg7\" class=\"cmsmasters_column one_first\">\n<div class=\"cmsmasters_column_inner\"><div class=\"cmsmasters_text\">\n<p><nav aria-label=\"breadcrumbs\">\n            <div class=\"breadcrumb-container theme1\">\n                <ol>\n                                    <\/ol>\n            <\/div>\n        <\/nav>    <script type=\"application\/ld+json\">\n        {\n            \"@context\": \"http:\/\/schema.org\",\n            \"@type\": \"BreadcrumbList\",\n            \"itemListElement\": [\n                            ]\n        }\n    <\/script>\n   \n    <script>\n            <\/script>\n<\/p>\n<\/div>\n<\/div><\/div>\n<\/div>\n<\/div>\n<\/div>\n<\/div>\n<\/div>\n<div id=\"cmsmasters_row_3f2f8816dd\" class=\"cmsmasters_row cmsmasters_color_scheme_default cmsmasters_row_top_default cmsmasters_row_bot_default cmsmasters_row_boxed\">\n<div class=\"cmsmasters_row_outer_parent\">\n<div class=\"cmsmasters_row_outer\">\n<div class=\"cmsmasters_row_inner\">\n<div class=\"cmsmasters_row_margin\">\n<div id=\"cmsmasters_column_0a1c5940f5\" class=\"cmsmasters_column one_third stickyinfocolumn\">\n<div class=\"cmsmasters_column_inner\"><div id=\"cmsmasters_heading_rva6m2t32d\" class=\"cmsmasters_heading_wrap cmsmasters_heading_align_center\">\n\t<h3 class=\"cmsmasters_heading\">Informace o odd\u011blen\u00ed<\/h3>\n<\/div>\n<div id=\"cmsmasters_divider_dpp34mcdj5\" class=\"cmsmasters_divider cmsmasters_divider_width_short cmsmasters_divider_pos_center\"><\/div>\n<div class=\"cmsmasters_sidebar sidebar_layout_11 sidebar-custom-menu\"><aside id=\"nav_menu-36\" class=\"widget widget_nav_menu\"><div class=\"menu-oddeleni-okbmi-container\"><ul id=\"menu-oddeleni-okbmi\" class=\"menu\"><li id=\"menu-item-23135\" class=\"menu-item menu-item-type-custom menu-item-object-custom menu-item-23135\"><a href=\"\/oddeleni\/okbmi\/#popis-oddeleni\" data-ps2id-api=\"true\"><i class=\"fa-solid fa-info\"><\/i> Popis odd\u011blen\u00ed<\/a><\/li>\n<li id=\"menu-item-23136\" class=\"menu-item menu-item-type-custom menu-item-object-custom menu-item-23136\"><a href=\"\/oddeleni\/okbmi\/#personalni-obsazeni\" data-ps2id-api=\"true\"><i class=\"fa-solid fa-user-doctor\"><\/i> Person\u00e1ln\u00ed obsazen\u00ed<\/a><\/li>\n<li id=\"menu-item-23137\" class=\"menu-item menu-item-type-custom menu-item-object-custom menu-item-23137\"><a href=\"\/oddeleni\/okbmi\/#pracovni-doba\" data-ps2id-api=\"true\"><i class=\"fa-regular fa-clock\"><\/i> Pracovn\u00ed doba<\/a><\/li>\n<li id=\"menu-item-23138\" class=\"menu-item menu-item-type-custom menu-item-object-custom menu-item-23138\"><a href=\"\/oddeleni\/okbmi\/#kontaktni-informace\" data-ps2id-api=\"true\"><i class=\"fa-solid fa-phone\"><\/i> Kontaktn\u00ed informace<\/a><\/li>\n<li id=\"menu-item-23139\" class=\"menu-item menu-item-type-custom menu-item-object-custom menu-item-23139\"><a href=\"\/oddeleni\/okbmi\/#kde-nas-najdete\" data-ps2id-api=\"true\"><i class=\"fa-solid fa-location-dot\"><\/i> Kde n\u00e1s najdete<\/a><\/li>\n<li id=\"menu-item-23140\" class=\"menu-item menu-item-type-custom menu-item-object-custom menu-item-23140\"><a href=\"\/oddeleni\/okbmi\/#fotogalerie\" data-ps2id-api=\"true\"><i class=\"fa-solid fa-camera\"><\/i> Fotogalerie<\/a><\/li>\n<li id=\"menu-item-23141\" class=\"menu-custom-separator menu-item menu-item-type-custom menu-item-object-custom menu-item-23141\"><hr class=\"mhm-menu-separator\"><\/li>\n<li id=\"menu-item-23143\" class=\"static-link menu-item menu-item-type-custom menu-item-object-custom menu-item-23143\"><a href=\"\/oddeleni\/okbmi\/zadanky\/\" data-ps2id-api=\"true\"><i class=\"fa-solid fa-list-check\"><\/i> \u017d\u00e1danky<\/a><\/li>\n<li id=\"menu-item-23144\" class=\"static-link menu-item menu-item-type-custom menu-item-object-custom menu-item-23144\"><a href=\"\/oddeleni\/okbmi\/spektrum-pece\/\" data-ps2id-api=\"true\"><i class=\"fa-solid fa-stethoscope\"><\/i> Spektrum p\u00e9\u010de<\/a><\/li>\n<li id=\"menu-item-30998\" class=\"static-link menu-item menu-item-type-custom menu-item-object-custom menu-item-30998\"><a href=\"\/oddeleni\/okbmi\/vzdelavani\/\" data-ps2id-api=\"true\"><i class=\"fa-solid fa-graduation-cap\"><\/i>Vzd\u011bl\u00e1v\u00e1n\u00ed<\/a><\/li>\n<li id=\"menu-item-26863\" class=\"static-link menu-item menu-item-type-custom menu-item-object-custom menu-item-26863\"><a href=\"https:\/\/slp.nemji.cz\/verejna-prirucka\/stranka\/laboratorni-prirucka-okbmi\" data-ps2id-api=\"true\"><i class=\"fa-solid fa-file-medical\"><\/i> Laboratorn\u00ed p\u0159\u00edru\u010dka<\/a><\/li>\n<\/ul><\/div><\/aside><div class=\"cl\"><\/div>\n<\/div>\n<\/div><\/div>\n<div id=\"cmsmasters_column_k7vlyuz4yq\" class=\"cmsmasters_column two_third\">\n<div class=\"cmsmasters_column_inner\"><div id=\"cmsmasters_heading_0cx4mcjjyd\" class=\"cmsmasters_heading_wrap cmsmasters_heading_align_left\">\n\t<h2 class=\"cmsmasters_heading\">Vzd\u011bl\u00e1v\u00e1n\u00ed<\/h2>\n<\/div>\n<div id=\"cmsmasters_divider_kul4awri6m\" class=\"cmsmasters_divider cmsmasters_divider_width_short cmsmasters_divider_pos_left\"><\/div>\n<div class=\"cmsmasters_text download-links-large\">\n<h5>OKBMI je dr\u017eitelem akredita\u010dn\u00edho opr\u00e1vn\u011bn\u00ed k\u00a0uskute\u010d\u0148ov\u00e1n\u00ed praktick\u00e9 \u010d\u00e1sti vzd\u011bl\u00e1vac\u00edho programu pro obory specializa\u010dn\u00edho vzd\u011bl\u00e1v\u00e1n\u00ed:<\/h5>\n<ul>\n<li>L\u00e9ka\u0159sk\u00e1 mikrobiologie<\/li>\n<li>Klinick\u00e1 biochemie<\/li>\n<li>Odborn\u00fd pracovn\u00edk v laboratorn\u00edch metod\u00e1ch a v p\u0159\u00edprav\u011b l\u00e9\u010div\u00fdch p\u0159\u00edpravk\u016f \u2013 Klinick\u00e1 biochemie<\/li>\n<li>Odborn\u00fd pracovn\u00edk v laboratorn\u00edch metod\u00e1ch a v p\u0159\u00edprav\u011b l\u00e9\u010div\u00fdch p\u0159\u00edpravk\u016f \u2013 Mikrobiologie<\/li>\n<li>Zdravotn\u00ed laborant pro alergologii a klinickou imunologii<\/li>\n<li>Zdravotn\u00ed laborant pro mikrobiologii<\/li>\n<li>Zdravotn\u00ed laborant pro biochemii<\/li>\n<li>Zdravotn\u00ed laborant pro klinickou biochemii<\/li>\n<\/ul>\n<\/div>\n<\/div><\/div>\n<\/div>\n<\/div>\n<\/div>\n<\/div>\n<\/div>\n\n","protected":false},"excerpt":{"rendered":"","protected":false},"author":5,"featured_media":23100,"parent":23037,"menu_order":0,"comment_status":"closed","ping_status":"closed","template":"","meta":{"pgc_sgb_lightbox_settings":"","footnotes":"","_links_to":"","_links_to_target":""},"categories":[85],"class_list":["post-30995","page","type-page","status-publish","has-post-thumbnail","hentry","category-page-oddeleni"],"publishpress_future_action":{"enabled":false,"date":"2026-04-21 16:28:58","action":"change-status","newStatus":"draft","terms":[],"taxonomy":"category","extraData":[]},"publishpress_future_workflow_manual_trigger":{"enabledWorkflows":[]},"_links":{"self":[{"href":"https:\/\/webnemji.azurewebsites.net\/en\/wp-json\/wp\/v2\/pages\/30995","targetHints":{"allow":["GET"]}}],"collection":[{"href":"https:\/\/webnemji.azurewebsites.net\/en\/wp-json\/wp\/v2\/pages"}],"about":[{"href":"https:\/\/webnemji.azurewebsites.net\/en\/wp-json\/wp\/v2\/types\/page"}],"author":[{"embeddable":true,"href":"https:\/\/webnemji.azurewebsites.net\/en\/wp-json\/wp\/v2\/users\/5"}],"replies":[{"embeddable":true,"href":"https:\/\/webnemji.azurewebsites.net\/en\/wp-json\/wp\/v2\/comments?post=30995"}],"version-history":[{"count":0,"href":"https:\/\/webnemji.azurewebsites.net\/en\/wp-json\/wp\/v2\/pages\/30995\/revisions"}],"up":[{"embeddable":true,"href":"https:\/\/webnemji.azurewebsites.net\/en\/wp-json\/wp\/v2\/pages\/23037"}],"wp:featuredmedia":[{"embeddable":true,"href":"https:\/\/webnemji.azurewebsites.net\/en\/wp-json\/wp\/v2\/media\/23100"}],"wp:attachment":[{"href":"https:\/\/webnemji.azurewebsites.net\/en\/wp-json\/wp\/v2\/media?parent=30995"}],"wp:term":[{"taxonomy":"category","embeddable":true,"href":"https:\/\/webnemji.azurewebsites.net\/en\/wp-json\/wp\/v2\/categories?post=30995"}],"curies":[{"name":"wp","href":"https:\/\/api.w.org\/{rel}","templated":true}]}}