{"id":31010,"date":"2024-06-24T14:30:09","date_gmt":"2024-06-24T12:30:09","guid":{"rendered":"https:\/\/webnemji.azurewebsites.net\/?page_id=31010"},"modified":"2025-04-14T09:03:45","modified_gmt":"2025-04-14T07:03:45","slug":"pokladna","status":"publish","type":"page","link":"https:\/\/webnemji.azurewebsites.net\/en\/informace-pro-pacienty-a-navstevy\/pokladna\/","title":{"rendered":"Cash desk"},"content":{"rendered":"<div id=\"cmsmasters_row_0b6bd5f67e\" class=\"cmsmasters_row cmsmasters_color_scheme_default heroblocks cmsmasters_row_top_default cmsmasters_row_bot_default cmsmasters_row_boxed\">\n<div id=\"heroboxes\" class=\"cmsmasters_row_outer_parent\">\n<div class=\"cmsmasters_row_overlay\"><\/div>\n<div class=\"cmsmasters_row_outer\">\n<div class=\"cmsmasters_row_inner\">\n<div class=\"cmsmasters_row_margin\">\n<div id=\"cmsmasters_column_b6d3203234\" class=\"cmsmasters_column one_first\">\n<div class=\"cmsmasters_column_inner\"><div id=\"cmsmasters_heading_a82262ad0f\" class=\"cmsmasters_heading_wrap cmsmasters_heading_align_center pageheadingtitle\" data-animation=\"fadeIn\" data-delay=\"100\">\n\t<h1 class=\"cmsmasters_heading\">Informace pro pacienty a n\u00e1v\u0161t\u011bvy<\/h1>\n<\/div><div id=\"cmsmasters_heading_royjz0cx5\" class=\"cmsmasters_heading_wrap cmsmasters_heading_align_center\" data-animation=\"fadeIn\" data-delay=\"150\">\n\t<h3 class=\"cmsmasters_heading\">Pokladna<\/h3>\n<\/div>\n<\/div><\/div>\n<\/div>\n<\/div>\n<\/div>\n<\/div>\n<\/div>\n<div id=\"cmsmasters_row_5b5f870ey8\" class=\"cmsmasters_row cmsmasters_color_scheme_default cmsmasters_row_top_default cmsmasters_row_bot_default cmsmasters_row_boxed\">\n<div class=\"cmsmasters_row_outer_parent\">\n<div class=\"cmsmasters_row_outer\">\n<div class=\"cmsmasters_row_inner\">\n<div class=\"cmsmasters_row_margin\">\n<div id=\"cmsmasters_column_41ezgd92r\" class=\"cmsmasters_column one_first\">\n<div class=\"cmsmasters_column_inner\"><div class=\"cmsmasters_text\">\n<p><nav aria-label=\"breadcrumbs\">\n            <div class=\"breadcrumb-container theme1\">\n                <ol>\n                                    <\/ol>\n            <\/div>\n        <\/nav>    <script type=\"application\/ld+json\">\n        {\n            \"@context\": \"http:\/\/schema.org\",\n            \"@type\": \"BreadcrumbList\",\n            \"itemListElement\": [\n                            ]\n        }\n    <\/script>\n   \n    <script>\n            <\/script>\n<\/p>\n<\/div>\n<\/div><\/div>\n<\/div>\n<\/div>\n<\/div>\n<\/div>\n<\/div>\n<div id=\"cmsmasters_row_7c1c11db73\" class=\"cmsmasters_row cmsmasters_color_scheme_default responsive-sidebar-padding cmsmasters_row_top_default cmsmasters_row_bot_default cmsmasters_row_boxed\">\n<div class=\"cmsmasters_row_outer_parent\">\n<div class=\"cmsmasters_row_outer\">\n<div class=\"cmsmasters_row_inner\">\n<div class=\"cmsmasters_row_margin\">\n<div id=\"cmsmasters_column_18105c8427\" class=\"cmsmasters_column one_third stickyinfocolumn\">\n<div class=\"cmsmasters_column_inner\"><div id=\"cmsmasters_heading_06oshyxaep\" class=\"cmsmasters_heading_wrap cmsmasters_heading_align_center\">\n\t<h3 class=\"cmsmasters_heading\">Informace pro pacienty a n\u00e1v\u0161t\u011bvy<\/h3>\n<\/div>\n<div id=\"cmsmasters_divider_fk418hu6k\" class=\"cmsmasters_divider cmsmasters_divider_width_short cmsmasters_divider_pos_center\"><\/div>\n<div class=\"cmsmasters_sidebar sidebar_layout_11 sidebar-custom-menu\"><aside id=\"nav_menu-3\" class=\"widget widget_nav_menu\"><div class=\"menu-informace-pro-pacienty-a-navstevy-container\"><ul id=\"menu-informace-pro-pacienty-a-navstevy\" class=\"menu\"><li id=\"menu-item-21858\" class=\"static-link menu-item menu-item-type-post_type menu-item-object-page menu-item-21858\"><a href=\"https:\/\/webnemji.azurewebsites.net\/en\/informace-pro-pacienty-a-navstevy\/\" data-ps2id-api=\"true\"><i class=\"fa-solid fa-circle-info\"><\/i> Informace pro pacienty<\/a><\/li>\n<li id=\"menu-item-15322\" class=\"static-link menu-item menu-item-type-post_type menu-item-object-page menu-item-15322\"><a href=\"https:\/\/webnemji.azurewebsites.net\/en\/informace-pro-pacienty-a-navstevy\/jak-se-k-nam-dostanete\/\" data-ps2id-api=\"true\"><i class=\"fa-solid fa-bus\"><\/i>Jak se k n\u00e1m dostanete<\/a><\/li>\n<li id=\"menu-item-15321\" class=\"static-link menu-item menu-item-type-post_type menu-item-object-page menu-item-15321\"><a href=\"https:\/\/webnemji.azurewebsites.net\/en\/informace-pro-pacienty-a-navstevy\/parkovani-v-arealu\/\" data-ps2id-api=\"true\"><i class=\"fa-solid fa-square-parking\"><\/i>Parkov\u00e1n\u00ed v are\u00e1lu<\/a><\/li>\n<li id=\"menu-item-33179\" class=\"static-link menu-item menu-item-type-post_type menu-item-object-page menu-item-33179\"><a href=\"https:\/\/webnemji.azurewebsites.net\/en\/informace-pro-pacienty-a-navstevy\/aktualni-stav-parkovist\/\" data-ps2id-api=\"true\"><i class=\"fa-solid fa-square-parking\"><\/i>Aktu\u00e1ln\u00ed stav parkovi\u0161\u0165<\/a><\/li>\n<li id=\"menu-item-15323\" class=\"static-link menu-item menu-item-type-post_type menu-item-object-page menu-item-15323\"><a href=\"https:\/\/webnemji.azurewebsites.net\/en\/informace-pro-pacienty-a-navstevy\/orientacni-plan-nemocnice\/\" data-ps2id-api=\"true\"><i class=\"fa-solid fa-map-location-dot\"><\/i>Orienta\u010dn\u00ed pl\u00e1n nemocnice<\/a><\/li>\n<li id=\"menu-item-15318\" class=\"static-link menu-item menu-item-type-post_type menu-item-object-page menu-item-15318\"><a href=\"https:\/\/webnemji.azurewebsites.net\/en\/informace-pro-pacienty-a-navstevy\/zubni-pohotovost\/\" data-ps2id-api=\"true\"><i class=\"fa-solid fa-tooth\"><\/i>Zubn\u00ed pohotovost<\/a><\/li>\n<li id=\"menu-item-27984\" class=\"static-link menu-item menu-item-type-post_type menu-item-object-page menu-item-27984\"><a href=\"https:\/\/webnemji.azurewebsites.net\/en\/oddeleni\/gynekologicko-porodnicke-oddeleni\/porodnice\/\" data-ps2id-api=\"true\"><i class=\"fa-solid fa-baby\"><\/i> Porodnice<\/a><\/li>\n<li id=\"menu-item-34869\" class=\"menu-item menu-item-type-custom menu-item-object-custom menu-item-34869\"><a href=\"\/informace-pro-pacienty-a-navstevy\/lekarska-pohotovostni-sluzba\/\" data-ps2id-api=\"true\"><i class=\"fa-solid fa-hospital\"><\/i>L\u00e9ka\u0159sk\u00e1 pohotovostn\u00ed slu\u017eba<\/a><\/li>\n<li id=\"menu-item-15319\" class=\"static-link menu-item menu-item-type-post_type menu-item-object-page menu-item-15319\"><a href=\"https:\/\/webnemji.azurewebsites.net\/en\/informace-pro-pacienty-a-navstevy\/lekarenska-pohotovost\/\" data-ps2id-api=\"true\"><i class=\"fa-solid fa-prescription-bottle-medical\"><\/i>L\u00e9k\u00e1rensk\u00e1 pohotovost<\/a><\/li>\n<li id=\"menu-item-15320\" class=\"static-link menu-item menu-item-type-post_type menu-item-object-page menu-item-15320\"><a href=\"https:\/\/webnemji.azurewebsites.net\/en\/informace-pro-pacienty-a-navstevy\/dopravni-zdravotni-sluzba\/\" data-ps2id-api=\"true\"><i class=\"fa-solid fa-truck-medical\"><\/i>Dopravn\u00ed zdravotn\u00ed slu\u017eba<\/a><\/li>\n<li id=\"menu-item-31041\" class=\"static-link menu-item menu-item-type-custom menu-item-object-custom menu-item-31041\"><a href=\"\/informace-pro-pacienty-a-navstevy\/pokladna\/\" data-ps2id-api=\"true\"><i class=\"fa-solid fa-cash-register\"><\/i>Pokladna<\/a><\/li>\n<li id=\"menu-item-15388\" class=\"static-link menu-item menu-item-type-post_type menu-item-object-page menu-item-15388\"><a href=\"https:\/\/webnemji.azurewebsites.net\/en\/informace-pro-pacienty-a-navstevy\/prava-pacienta\/\" data-ps2id-api=\"true\"><i class=\"fa-solid fa-scale-balanced\"><\/i>Pr\u00e1va pacienta<\/a><\/li>\n<li id=\"menu-item-20717\" class=\"static-link menu-item menu-item-type-post_type menu-item-object-page menu-item-20717\"><a href=\"https:\/\/webnemji.azurewebsites.net\/en\/informace-pro-pacienty-a-navstevy\/cenik\/\" data-ps2id-api=\"true\"><i class=\"fa-solid fa-coins\"><\/i> Cen\u00edk<\/a><\/li>\n<li id=\"menu-item-30314\" class=\"static-link menu-item menu-item-type-custom menu-item-object-custom menu-item-30314\"><a href=\"\/informace-pro-pacienty-a-navstevy\/paliativni-pece-v-jihlavske-nemocnici\/\" data-ps2id-api=\"true\"><i class=\"fa-solid fa-handshake-angle\"><\/i>Paliativn\u00ed p\u00e9\u010de v nemocnici<\/a><\/li>\n<li id=\"menu-item-30988\" class=\"static-link menu-item menu-item-type-custom menu-item-object-custom menu-item-30988\"><a href=\"\/oddeleni\/centrum-sp-pece\/dobrovolnici\/\" data-ps2id-api=\"true\"><i class=\"fa-solid fa-hand-holding-heart\"><\/i> Dobrovoln\u00edci v Nemocnici Jihlava<\/a><\/li>\n<li id=\"menu-item-31309\" class=\"static-link menu-item menu-item-type-post_type menu-item-object-page menu-item-31309\"><a href=\"https:\/\/webnemji.azurewebsites.net\/en\/informace-pro-pacienty-a-navstevy\/informace-pro-neslysici\/\" data-ps2id-api=\"true\"><i class=\"fa-solid fa-ear-deaf\"><\/i> Informace pro nesly\u0161\u00edc\u00ed<\/a><\/li>\n<li id=\"menu-item-15099\" class=\"static-link menu-item menu-item-type-custom menu-item-object-custom menu-item-15099\"><a href=\"\/informace-pro-pacienty-a-navstevy\/informace-pro-pozustale\/\" data-ps2id-api=\"true\"><i class=\"fa-solid fa-cross\"><\/i>Informace pro poz\u016fstal\u00e9<\/a><\/li>\n<li id=\"menu-item-30390\" class=\"static-link menu-item menu-item-type-custom menu-item-object-custom menu-item-30390\"><a href=\"\/oddeleni\/centrum-sp-pece\/duchovni-pece\/\" data-ps2id-api=\"true\"><i class=\"fa-solid fa-cross\"><\/i>Duchovn\u00ed p\u00e9\u010de<\/a><\/li>\n<\/ul><\/div><\/aside><div class=\"cl\"><\/div>\n<\/div>\n<\/div><\/div>\n<div id=\"cmsmasters_column_b598bb73ec\" class=\"cmsmasters_column two_third\">\n<div class=\"cmsmasters_column_inner\"><div id=\"cmsmasters_heading_mtegi3s8uz\" class=\"cmsmasters_heading_wrap cmsmasters_heading_align_left\">\n\t<h2 class=\"cmsmasters_heading\">Pokladny<\/h2>\n<\/div>\n<div id=\"cmsmasters_divider_uvdut49ew\" class=\"cmsmasters_divider cmsmasters_divider_width_short cmsmasters_divider_pos_left\"><\/div>\n<div class=\"cmsmasters_text\">\n<p>Pokladny najdete p\u0159ed vchodem k urgentn\u00edmu p\u0159\u00edjmu, n\u011bkolik metr\u016f od bufetu Slune\u010dnice.<\/p>\n<div id=\"unpobtekane\">\n<div id=\"unpobtekane\">\n<div class=\"obsah\">\n<div class=\"obsah\">\n<p class=\"perex text-to-speech\"><span class=\"automat\">M\u016f\u017eete zde zaplatit nap\u0159\u00edklad popla<\/span>tek za nadstandardn\u00ed pokoj, samostatn\u00fd pokoj, plastick\u00e9 operace atd).<\/p>\n<p class=\"perex text-to-speech\"><strong><span style=\"color: #000000;\">Na m\u00edst\u011b je mo\u017en\u00e1 platba v hotovosti i platebn\u00ed kartou.<\/span><\/strong><\/p>\n<p>&nbsp;<\/p>\n<\/div>\n<\/div>\n<\/div>\n<\/div>\n<\/div>\n<div id=\"cmsmasters_heading_zeqndsk328\" class=\"cmsmasters_heading_wrap cmsmasters_heading_align_left\">\n\t<h3 class=\"cmsmasters_heading\">Otev\u00edrac\u00ed doba:<\/h3>\n<\/div>\n<div id=\"cmsmasters_divider_uuo4pid5pj\" class=\"cmsmasters_divider cmsmasters_divider_width_short cmsmasters_divider_pos_left\"><\/div>\n<div class=\"cmsmasters_text\">\n<table style=\"width: 99.2089%; height: 140px; border-collapse: collapse;\">\n<tbody>\n<tr style=\"height: 10px;\">\n<td style=\"width: 16.9857%; height: 14px; border: none;\"><strong>Pokladn\u00ed:<\/strong><\/td>\n<td class=\"xl26\" style=\"width: 83.0143%; height: 14px; border: none;\" width=\"256\">Jana Prchalov\u00e1<br \/>\nBohumila Nov\u00e1kov\u00e1<\/td>\n<\/tr>\n<tr style=\"height: 24px;\">\n<td style=\"width: 16.9857%; height: 10px; border: none;\"><strong>Telefon:<\/strong><\/td>\n<td class=\"xl28\" style=\"width: 83.0143%; height: 10px; border: none;\" width=\"256\" height=\"17\">\n<div>+ 567 157 732, +567 157 520<\/div>\n<\/td>\n<\/tr>\n<tr style=\"height: 28px;\">\n<td style=\"width: 16.9857%; height: 28px; border: none;\"><span style=\"color: #bf311f;\"><strong>B\u011b\u017en\u00fd provoz:<\/strong><\/span><\/td>\n<td style=\"width: 83.0143%; height: 28px; border: none;\">\n<table style=\"width: 100%; border-collapse: collapse;\">\n<tbody>\n<tr>\n<td style=\"width: 23.7566%; border: none;\"><strong>Pond\u011bl\u00ed, st\u0159eda:<\/strong><\/td>\n<td style=\"width: 76.2434%; border: none;\">7:00 \u2013 16:00<\/td>\n<\/tr>\n<tr>\n<td style=\"width: 23.7566%; border: none;\"><strong> \u00dater\u00fd, \u010dtvrtek, p\u00e1tek<\/strong><\/td>\n<td style=\"width: 76.2434%; border: none;\">7:00 &#8211; 15:00<\/td>\n<\/tr>\n<\/tbody>\n<\/table>\n<\/td>\n<\/tr>\n<tr style=\"height: 28px;\">\n<td style=\"width: 16.9857%; height: 28px; border: none;\"><span style=\"color: #bf311f;\"><strong>Pr\u00e1zdninov\u00fd provoz:<\/strong><\/span><\/td>\n<td style=\"width: 83.0143%; height: 28px; border: none;\">\n<table style=\"width: 100%; border-collapse: collapse;\">\n<tbody>\n<tr>\n<td style=\"width: 23.3126%; border: none;\"><strong>Pond\u011bl\u00ed<\/strong><\/td>\n<td style=\"width: 76.6874%; border: none;\">8:00 \u2013 16:00<\/td>\n<\/tr>\n<tr>\n<td style=\"width: 23.3126%; border: none;\"><strong> \u00dater\u00fd &#8211; p\u00e1tek<\/strong><\/td>\n<td style=\"width: 76.6874%; border: none;\">8:00 &#8211; 15:00<\/td>\n<\/tr>\n<\/tbody>\n<\/table>\n<\/td>\n<\/tr>\n<tr style=\"height: 24px;\">\n<td style=\"width: 16.9857%; height: 24px; border: none;\"><strong>Kde n\u00e1s najdete:<br \/>\n<\/strong><\/td>\n<td style=\"width: 83.0143%; height: 24px; border: none;\">Spojovac\u00ed chodba v p\u0159\u00edzem\u00ed budovy B<\/td>\n<\/tr>\n<\/tbody>\n<\/table>\n<p>&nbsp;<\/p>\n<\/div>\n<\/div><\/div>\n<\/div>\n<\/div>\n<\/div>\n<\/div>\n<\/div>\n\n","protected":false},"excerpt":{"rendered":"","protected":false},"author":5,"featured_media":20724,"parent":14993,"menu_order":0,"comment_status":"closed","ping_status":"closed","template":"","meta":{"pgc_sgb_lightbox_settings":"","footnotes":"","_links_to":"","_links_to_target":""},"categories":[86],"class_list":["post-31010","page","type-page","status-publish","has-post-thumbnail","hentry","category-page-informace-pro-pacienty-a-navstevy"],"publishpress_future_action":{"enabled":false,"date":"2026-04-11 05:58:50","action":"change-status","newStatus":"draft","terms":[],"taxonomy":"category","extraData":[]},"publishpress_future_workflow_manual_trigger":{"enabledWorkflows":[]},"_links":{"self":[{"href":"https:\/\/webnemji.azurewebsites.net\/en\/wp-json\/wp\/v2\/pages\/31010","targetHints":{"allow":["GET"]}}],"collection":[{"href":"https:\/\/webnemji.azurewebsites.net\/en\/wp-json\/wp\/v2\/pages"}],"about":[{"href":"https:\/\/webnemji.azurewebsites.net\/en\/wp-json\/wp\/v2\/types\/page"}],"author":[{"embeddable":true,"href":"https:\/\/webnemji.azurewebsites.net\/en\/wp-json\/wp\/v2\/users\/5"}],"replies":[{"embeddable":true,"href":"https:\/\/webnemji.azurewebsites.net\/en\/wp-json\/wp\/v2\/comments?post=31010"}],"version-history":[{"count":0,"href":"https:\/\/webnemji.azurewebsites.net\/en\/wp-json\/wp\/v2\/pages\/31010\/revisions"}],"up":[{"embeddable":true,"href":"https:\/\/webnemji.azurewebsites.net\/en\/wp-json\/wp\/v2\/pages\/14993"}],"wp:featuredmedia":[{"embeddable":true,"href":"https:\/\/webnemji.azurewebsites.net\/en\/wp-json\/wp\/v2\/media\/20724"}],"wp:attachment":[{"href":"https:\/\/webnemji.azurewebsites.net\/en\/wp-json\/wp\/v2\/media?parent=31010"}],"wp:term":[{"taxonomy":"category","embeddable":true,"href":"https:\/\/webnemji.azurewebsites.net\/en\/wp-json\/wp\/v2\/categories?post=31010"}],"curies":[{"name":"wp","href":"https:\/\/api.w.org\/{rel}","templated":true}]}}