{"id":32399,"date":"2024-12-12T10:24:56","date_gmt":"2024-12-12T09:24:56","guid":{"rendered":"https:\/\/webnemji.azurewebsites.net\/?page_id=32399"},"modified":"2025-06-23T08:51:38","modified_gmt":"2025-06-23T06:51:38","slug":"pkict","status":"publish","type":"page","link":"https:\/\/webnemji.azurewebsites.net\/en\/oddeleni\/ict\/pkict\/","title":{"rendered":"ICT Quality Manual"},"content":{"rendered":"<div id=\"cmsmasters_row_6iluctg3hk\" class=\"cmsmasters_row cmsmasters_color_scheme_default cmsmasters_row_top_default cmsmasters_row_bot_default cmsmasters_row_boxed\">\n<div class=\"cmsmasters_row_outer_parent\">\n<div class=\"cmsmasters_row_overlay\"><\/div>\n<div class=\"cmsmasters_row_outer\">\n<div class=\"cmsmasters_row_inner\">\n<div class=\"cmsmasters_row_margin\">\n<div id=\"cmsmasters_column_sybg7he2sg\" class=\"cmsmasters_column one_first\">\n<div class=\"cmsmasters_column_inner\"><div id=\"cmsmasters_heading_b3c74b95a0\" class=\"cmsmasters_heading_wrap cmsmasters_heading_align_center pageheadingtitle\">\n\t<h1 class=\"cmsmasters_heading\">P\u0159\u00edru\u010dka kvality ICT v Nemocnici Jihlava<\/h1>\n<\/div>\n<\/div><\/div>\n<\/div>\n<\/div>\n<\/div>\n<\/div>\n<\/div>\n<div id=\"cmsmasters_row_ly5ze1hf8e\" class=\"cmsmasters_row cmsmasters_color_scheme_default cmsmasters_row_top_default cmsmasters_row_bot_default cmsmasters_row_boxed\">\n<div class=\"cmsmasters_row_outer_parent\">\n<div class=\"cmsmasters_row_outer\">\n<div class=\"cmsmasters_row_inner\">\n<div class=\"cmsmasters_row_margin\">\n<div id=\"cmsmasters_column_v67ee6nvg7\" class=\"cmsmasters_column one_first\">\n<div class=\"cmsmasters_column_inner\"><div class=\"cmsmasters_text\">\n<p><nav aria-label=\"breadcrumbs\">\n            <div class=\"breadcrumb-container theme1\">\n                <ol>\n                                    <\/ol>\n            <\/div>\n        <\/nav>    <script type=\"application\/ld+json\">\n        {\n            \"@context\": \"http:\/\/schema.org\",\n            \"@type\": \"BreadcrumbList\",\n            \"itemListElement\": [\n                            ]\n        }\n    <\/script>\n   \n    <script>\n            <\/script>\n<\/p>\n<\/div>\n<\/div><\/div>\n<\/div>\n<\/div>\n<\/div>\n<\/div>\n<\/div>\n<div id=\"cmsmasters_row_3f2f8816dd\" class=\"cmsmasters_row cmsmasters_color_scheme_default cmsmasters_row_top_default cmsmasters_row_bot_default cmsmasters_row_boxed\">\n<div class=\"cmsmasters_row_outer_parent\">\n<div class=\"cmsmasters_row_outer\">\n<div class=\"cmsmasters_row_inner\">\n<div class=\"cmsmasters_row_margin\">\n<div id=\"cmsmasters_column_0a1c5940f5\" class=\"cmsmasters_column one_third stickyinfocolumn\">\n<div class=\"cmsmasters_column_inner\"><div id=\"cmsmasters_heading_rva6m2t32d\" class=\"cmsmasters_heading_wrap cmsmasters_heading_align_center\">\n\t<h3 class=\"cmsmasters_heading\">Informace o odd\u011blen\u00ed<\/h3>\n<\/div>\n<div id=\"cmsmasters_divider_dpp34mcdj5\" class=\"cmsmasters_divider cmsmasters_divider_width_short cmsmasters_divider_pos_center\"><\/div>\n<div class=\"cmsmasters_sidebar sidebar_layout_11 sidebar-custom-menu\"><aside id=\"nav_menu-64\" class=\"widget widget_nav_menu\"><div class=\"menu-ict-container\"><ul id=\"menu-ict\" class=\"menu\"><li id=\"menu-item-29413\" class=\"menu-item menu-item-type-custom menu-item-object-custom menu-item-29413\"><a href=\"\/oddeleni\/ict\/#popis-oddeleni\" data-ps2id-api=\"true\"><i class=\"fa-solid fa-info\"><\/i> Popis odd\u011blen\u00ed<\/a><\/li>\n<li id=\"menu-item-29414\" class=\"static-link menu-item menu-item-type-custom menu-item-object-custom menu-item-29414\"><a href=\"\/kontakty\/usek-ict\/\" data-ps2id-api=\"true\"><i class=\"fa-solid fa-user-doctor\"><\/i> Person\u00e1ln\u00ed obsazen\u00ed<\/a><\/li>\n<li id=\"menu-item-29415\" class=\"menu-item menu-item-type-custom menu-item-object-custom menu-item-29415\"><a href=\"\/oddeleni\/ICT\/#oteviraci-hodiny\" data-ps2id-api=\"true\"><i class=\"fa-regular fa-clock\"><\/i> Pracovn\u00ed doba<\/a><\/li>\n<li id=\"menu-item-29466\" class=\"menu-item menu-item-type-custom menu-item-object-custom menu-item-29466\"><a href=\"\/oddeleni\/ICT\/#napsali\" data-ps2id-api=\"true\"><i class=\"fa-regular fa-newspaper\"><\/i>Napsali o n\u00e1s<\/a><\/li>\n<li id=\"menu-item-29417\" class=\"menu-item menu-item-type-custom menu-item-object-custom menu-item-29417\"><a href=\"\/oddeleni\/ICT\/#kde-nas-najdete\" data-ps2id-api=\"true\"><i class=\"fa-solid fa-location-dot\"><\/i> Kde n\u00e1s najdete<\/a><\/li>\n<li id=\"menu-item-29418\" class=\"menu-item menu-item-type-custom menu-item-object-custom menu-item-29418\"><a href=\"\/oddeleni\/ICT\/#fotogalerie\" data-ps2id-api=\"true\"><i class=\"fa-solid fa-camera\"><\/i> Fotogalerie<\/a><\/li>\n<li id=\"menu-item-29517\" class=\"menu-custom-separator menu-item menu-item-type-custom menu-item-object-custom menu-item-29517\"><hr class=\"mhm-menu-separator\"><\/li>\n<li id=\"menu-item-32404\" class=\"static-link menu-item menu-item-type-custom menu-item-object-custom menu-item-32404\"><a href=\"\/oddeleni\/ict\/pkict\/\" data-ps2id-api=\"true\"><i class=\"fa-solid fa-file-shield\"><\/i>P\u0159\u00edru\u010dka kvality ICT<\/a><\/li>\n<li id=\"menu-item-35564\" class=\"menu-item menu-item-type-custom menu-item-object-custom menu-item-35564\"><a href=\"\/oddeleni\/ict\/citlivost_info\/\" data-ps2id-api=\"true\"><i class=\"fa-solid fa-tag\"><\/i>Ozna\u010dov\u00e1n\u00ed citlivosti informac\u00ed<\/a><\/li>\n<li id=\"menu-item-35565\" class=\"menu-item menu-item-type-custom menu-item-object-custom menu-item-35565\"><a href=\"\/o-nemocnici\/kyberbezpecnost\/\" data-ps2id-api=\"true\"><i class=\"fa-solid fa-shield-halved\"><\/i> Kyberbezpe\u010dnost<\/a><\/li>\n<li id=\"menu-item-30736\" class=\"static-link menu-item menu-item-type-custom menu-item-object-custom menu-item-30736\"><a href=\"\/oddeleni\/ict\/wifi\/\" data-ps2id-api=\"true\"><i class=\"fa-solid fa-wifi\"><\/i>WiFi p\u0159ipojen\u00ed<\/a><\/li>\n<li id=\"menu-item-29561\" class=\"static-link menu-item menu-item-type-custom menu-item-object-custom menu-item-29561\"><a href=\"\/oddeleni\/ict\/historie-ict\/\" data-ps2id-api=\"true\"><i class=\"fa-solid fa-computer\"><\/i>Historie ICT<\/a><\/li>\n<li id=\"menu-item-29578\" class=\"static-link menu-item menu-item-type-custom menu-item-object-custom menu-item-29578\"><a href=\"\/kariera\/volne-pracovni-pozice\/#hfaq-post-29288\" data-ps2id-api=\"true\"><i class=\"fa-solid fa-id-card-clip\"><\/i>Pracovn\u00ed p\u0159\u00edle\u017eitosti<\/a><\/li>\n<li id=\"menu-item-29470\" class=\"menu-item menu-item-type-custom menu-item-object-custom menu-item-29470\"><a href=\"http:\/\/get.teamviewer.com\/bntmts4\" data-ps2id-api=\"true\"><i class=\"fa-solid fa-headset\"><\/i>Podpora ICT (TeamViewer)<\/a><\/li>\n<\/ul><\/div><\/aside><div class=\"cl\"><\/div>\n<\/div>\n<\/div><\/div>\n<div id=\"cmsmasters_column_k7vlyuz4yq\" class=\"cmsmasters_column two_third\">\n<div class=\"cmsmasters_column_inner\"><div class=\"cmsmasters_text scroll-location\">\n<p><a id=\"popis-oddeleni\"><\/a><\/p>\n<\/div>\n<div id=\"cmsmasters_divider_7ib7klfyz7\" class=\"cmsmasters_divider cmsmasters_divider_width_short cmsmasters_divider_pos_left\"><\/div>\n<div id=\"cmsmasters_heading_0cx4mcjjyd\" class=\"cmsmasters_heading_wrap cmsmasters_heading_align_left\">\n\t<h2 class=\"cmsmasters_heading\">P\u0159\u00edru\u010dka kvality ICT<\/h2>\n<\/div><div class=\"cmsmasters_text download-links-large\">\n<h4><strong>Aktu\u00e1ln\u011b platn\u00e1 verze<\/strong><\/h4>\n<p><span style=\"text-decoration: underline;\"><strong><a href=\"\/wp-content\/uploads\/2025\/06\/129-Prirucka-kvality-ICT-VERZE-2.pdf\">P\u0159\u00edru\u010dka kvality ICT v. 2<\/a><\/strong><\/span><\/p>\n<p>&nbsp;<\/p>\n<\/div>\n<div id=\"cmsmasters_divider_pxhhoofiwl\" class=\"cmsmasters_divider cmsmasters_divider_width_short cmsmasters_divider_pos_left\"><\/div>\n<div class=\"cmsmasters_text download-links-large\">\n<h4><strong>P\u0159edchoz\u00ed verze<\/strong><\/h4>\n<p><span style=\"text-decoration: underline;\"><strong><a href=\"\/wp-content\/uploads\/2024\/12\/129-Prirucka-kvality-ICT.pdf\">P\u0159\u00edru\u010dka kvality ICT v 1 &#8211; platn\u00e1 do 22. 6. 2025<\/a><\/strong><\/span><\/p>\n<p>&nbsp;<\/p>\n<\/div>\n\n<div id=\"cmsmasters_divider_hgdnxm8b9\" class=\"cl\"><\/div>\n<\/div><\/div>\n<\/div>\n<\/div>\n<\/div>\n<\/div>\n<\/div>\n<div id=\"cmsmasters_row_4kb0apw7ag\" class=\"cmsmasters_row cmsmasters_color_scheme_default cmsmasters_row_top_default cmsmasters_row_bot_default cmsmasters_row_boxed\">\n<div class=\"cmsmasters_row_outer_parent\">\n<div class=\"cmsmasters_row_outer\">\n<div class=\"cmsmasters_row_inner\">\n<div class=\"cmsmasters_row_margin\">\n<div id=\"cmsmasters_column_nwwitfqy0a\" class=\"cmsmasters_column one_first\">\n<div class=\"cmsmasters_column_inner\"><\/div><\/div>\n<\/div>\n<\/div>\n<\/div>\n<\/div>\n<\/div>\n\n","protected":false},"excerpt":{"rendered":"","protected":false},"author":5,"featured_media":29548,"parent":29423,"menu_order":0,"comment_status":"closed","ping_status":"closed","template":"","meta":{"pgc_sgb_lightbox_settings":"","footnotes":"","_links_to":"","_links_to_target":""},"categories":[85],"class_list":["post-32399","page","type-page","status-publish","has-post-thumbnail","hentry","category-page-oddeleni"],"publishpress_future_action":{"enabled":false,"date":"2026-04-12 17:39:14","action":"change-status","newStatus":"draft","terms":[],"taxonomy":"category","extraData":[]},"publishpress_future_workflow_manual_trigger":{"enabledWorkflows":[]},"_links":{"self":[{"href":"https:\/\/webnemji.azurewebsites.net\/en\/wp-json\/wp\/v2\/pages\/32399","targetHints":{"allow":["GET"]}}],"collection":[{"href":"https:\/\/webnemji.azurewebsites.net\/en\/wp-json\/wp\/v2\/pages"}],"about":[{"href":"https:\/\/webnemji.azurewebsites.net\/en\/wp-json\/wp\/v2\/types\/page"}],"author":[{"embeddable":true,"href":"https:\/\/webnemji.azurewebsites.net\/en\/wp-json\/wp\/v2\/users\/5"}],"replies":[{"embeddable":true,"href":"https:\/\/webnemji.azurewebsites.net\/en\/wp-json\/wp\/v2\/comments?post=32399"}],"version-history":[{"count":0,"href":"https:\/\/webnemji.azurewebsites.net\/en\/wp-json\/wp\/v2\/pages\/32399\/revisions"}],"up":[{"embeddable":true,"href":"https:\/\/webnemji.azurewebsites.net\/en\/wp-json\/wp\/v2\/pages\/29423"}],"wp:featuredmedia":[{"embeddable":true,"href":"https:\/\/webnemji.azurewebsites.net\/en\/wp-json\/wp\/v2\/media\/29548"}],"wp:attachment":[{"href":"https:\/\/webnemji.azurewebsites.net\/en\/wp-json\/wp\/v2\/media?parent=32399"}],"wp:term":[{"taxonomy":"category","embeddable":true,"href":"https:\/\/webnemji.azurewebsites.net\/en\/wp-json\/wp\/v2\/categories?post=32399"}],"curies":[{"name":"wp","href":"https:\/\/api.w.org\/{rel}","templated":true}]}}