{"id":33040,"date":"2025-04-14T10:57:35","date_gmt":"2025-04-14T08:57:35","guid":{"rendered":"https:\/\/webnemji.azurewebsites.net\/?page_id=33040"},"modified":"2025-08-25T09:08:02","modified_gmt":"2025-08-25T07:08:02","slug":"aktualni-stav-parkovist","status":"publish","type":"page","link":"https:\/\/webnemji.azurewebsites.net\/en\/informace-pro-pacienty-a-navstevy\/aktualni-stav-parkovist\/","title":{"rendered":"Current state of parking lots"},"content":{"rendered":"<div id=\"cmsmasters_row_0b6bd5f67e\" class=\"cmsmasters_row cmsmasters_color_scheme_default heroblocks cmsmasters_row_top_default cmsmasters_row_bot_default cmsmasters_row_boxed\">\n<div id=\"heroboxes\" class=\"cmsmasters_row_outer_parent\">\n<div class=\"cmsmasters_row_overlay\"><\/div>\n<div class=\"cmsmasters_row_outer\">\n<div class=\"cmsmasters_row_inner\">\n<div class=\"cmsmasters_row_margin\">\n<div id=\"cmsmasters_column_b6d3203234\" class=\"cmsmasters_column one_first\">\n<div class=\"cmsmasters_column_inner\"><div id=\"cmsmasters_heading_a82262ad0f\" class=\"cmsmasters_heading_wrap cmsmasters_heading_align_center pageheadingtitle\" data-animation=\"fadeIn\" data-delay=\"100\">\n\t<h1 class=\"cmsmasters_heading\">Informace pro pacienty a n\u00e1v\u0161t\u011bvy<\/h1>\n<\/div><div id=\"cmsmasters_heading_u6dbsanidw\" class=\"cmsmasters_heading_wrap cmsmasters_heading_align_center\" data-animation=\"fadeIn\" data-delay=\"150\">\n\t<h3 class=\"cmsmasters_heading\">Parkov\u00e1n\u00ed v are\u00e1lu<\/h3>\n<\/div>\n<\/div><\/div>\n<\/div>\n<\/div>\n<\/div>\n<\/div>\n<\/div>\n<div id=\"cmsmasters_row_osumb9ba6w\" class=\"cmsmasters_row cmsmasters_color_scheme_default cmsmasters_row_top_default cmsmasters_row_bot_default cmsmasters_row_boxed\">\n<div class=\"cmsmasters_row_outer_parent\">\n<div class=\"cmsmasters_row_outer\">\n<div class=\"cmsmasters_row_inner\">\n<div class=\"cmsmasters_row_margin\">\n<div id=\"cmsmasters_column_559k5019d\" class=\"cmsmasters_column one_first\">\n<div class=\"cmsmasters_column_inner\"><div class=\"cmsmasters_text\">\n<p><nav aria-label=\"breadcrumbs\">\n            <div class=\"breadcrumb-container theme1\">\n                <ol>\n                                    <\/ol>\n            <\/div>\n        <\/nav>    <script type=\"application\/ld+json\">\n        {\n            \"@context\": \"http:\/\/schema.org\",\n            \"@type\": \"BreadcrumbList\",\n            \"itemListElement\": [\n                            ]\n        }\n    <\/script>\n   \n    <script>\n            <\/script>\n<\/p>\n<\/div>\n<\/div><\/div>\n<\/div>\n<\/div>\n<\/div>\n<\/div>\n<\/div>\n<div id=\"cmsmasters_row_7c1c11db73\" class=\"cmsmasters_row cmsmasters_color_scheme_default responsive-sidebar-padding cmsmasters_row_top_default cmsmasters_row_bot_default cmsmasters_row_boxed\">\n<div class=\"cmsmasters_row_outer_parent\">\n<div class=\"cmsmasters_row_outer\">\n<div class=\"cmsmasters_row_inner\">\n<div class=\"cmsmasters_row_margin\">\n<div id=\"cmsmasters_column_18105c8427\" class=\"cmsmasters_column one_third stickyinfocolumn\">\n<div class=\"cmsmasters_column_inner\"><div id=\"cmsmasters_heading_06oshyxaep\" class=\"cmsmasters_heading_wrap cmsmasters_heading_align_center\">\n\t<h3 class=\"cmsmasters_heading\">Informace pro pacienty a n\u00e1v\u0161t\u011bvy<\/h3>\n<\/div>\n<div id=\"cmsmasters_divider_fk418hu6k\" class=\"cmsmasters_divider cmsmasters_divider_width_short cmsmasters_divider_pos_center\"><\/div>\n<div class=\"cmsmasters_sidebar sidebar_layout_11 sidebar-custom-menu\"><aside id=\"nav_menu-3\" class=\"widget widget_nav_menu\"><div class=\"menu-informace-pro-pacienty-a-navstevy-container\"><ul id=\"menu-informace-pro-pacienty-a-navstevy\" class=\"menu\"><li id=\"menu-item-21858\" class=\"static-link menu-item menu-item-type-post_type menu-item-object-page menu-item-21858\"><a href=\"https:\/\/webnemji.azurewebsites.net\/en\/informace-pro-pacienty-a-navstevy\/\" data-ps2id-api=\"true\"><i class=\"fa-solid fa-circle-info\"><\/i> Informace pro pacienty<\/a><\/li>\n<li id=\"menu-item-15322\" class=\"static-link menu-item menu-item-type-post_type menu-item-object-page menu-item-15322\"><a href=\"https:\/\/webnemji.azurewebsites.net\/en\/informace-pro-pacienty-a-navstevy\/jak-se-k-nam-dostanete\/\" data-ps2id-api=\"true\"><i class=\"fa-solid fa-bus\"><\/i>Jak se k n\u00e1m dostanete<\/a><\/li>\n<li id=\"menu-item-15321\" class=\"static-link menu-item menu-item-type-post_type menu-item-object-page menu-item-15321\"><a href=\"https:\/\/webnemji.azurewebsites.net\/en\/informace-pro-pacienty-a-navstevy\/parkovani-v-arealu\/\" data-ps2id-api=\"true\"><i class=\"fa-solid fa-square-parking\"><\/i>Parkov\u00e1n\u00ed v are\u00e1lu<\/a><\/li>\n<li id=\"menu-item-33179\" class=\"static-link menu-item menu-item-type-post_type menu-item-object-page menu-item-33179\"><a href=\"https:\/\/webnemji.azurewebsites.net\/en\/informace-pro-pacienty-a-navstevy\/aktualni-stav-parkovist\/\" data-ps2id-api=\"true\"><i class=\"fa-solid fa-square-parking\"><\/i>Aktu\u00e1ln\u00ed stav parkovi\u0161\u0165<\/a><\/li>\n<li id=\"menu-item-15323\" class=\"static-link menu-item menu-item-type-post_type menu-item-object-page menu-item-15323\"><a href=\"https:\/\/webnemji.azurewebsites.net\/en\/informace-pro-pacienty-a-navstevy\/orientacni-plan-nemocnice\/\" data-ps2id-api=\"true\"><i class=\"fa-solid fa-map-location-dot\"><\/i>Orienta\u010dn\u00ed pl\u00e1n nemocnice<\/a><\/li>\n<li id=\"menu-item-15318\" class=\"static-link menu-item menu-item-type-post_type menu-item-object-page menu-item-15318\"><a href=\"https:\/\/webnemji.azurewebsites.net\/en\/informace-pro-pacienty-a-navstevy\/zubni-pohotovost\/\" data-ps2id-api=\"true\"><i class=\"fa-solid fa-tooth\"><\/i>Zubn\u00ed pohotovost<\/a><\/li>\n<li id=\"menu-item-27984\" class=\"static-link menu-item menu-item-type-post_type menu-item-object-page menu-item-27984\"><a href=\"https:\/\/webnemji.azurewebsites.net\/en\/oddeleni\/gynekologicko-porodnicke-oddeleni\/porodnice\/\" data-ps2id-api=\"true\"><i class=\"fa-solid fa-baby\"><\/i> Porodnice<\/a><\/li>\n<li id=\"menu-item-34869\" class=\"menu-item menu-item-type-custom menu-item-object-custom menu-item-34869\"><a href=\"\/informace-pro-pacienty-a-navstevy\/lekarska-pohotovostni-sluzba\/\" data-ps2id-api=\"true\"><i class=\"fa-solid fa-hospital\"><\/i>L\u00e9ka\u0159sk\u00e1 pohotovostn\u00ed slu\u017eba<\/a><\/li>\n<li id=\"menu-item-15319\" class=\"static-link menu-item menu-item-type-post_type menu-item-object-page menu-item-15319\"><a href=\"https:\/\/webnemji.azurewebsites.net\/en\/informace-pro-pacienty-a-navstevy\/lekarenska-pohotovost\/\" data-ps2id-api=\"true\"><i class=\"fa-solid fa-prescription-bottle-medical\"><\/i>L\u00e9k\u00e1rensk\u00e1 pohotovost<\/a><\/li>\n<li id=\"menu-item-15320\" class=\"static-link menu-item menu-item-type-post_type menu-item-object-page menu-item-15320\"><a href=\"https:\/\/webnemji.azurewebsites.net\/en\/informace-pro-pacienty-a-navstevy\/dopravni-zdravotni-sluzba\/\" data-ps2id-api=\"true\"><i class=\"fa-solid fa-truck-medical\"><\/i>Dopravn\u00ed zdravotn\u00ed slu\u017eba<\/a><\/li>\n<li id=\"menu-item-31041\" class=\"static-link menu-item menu-item-type-custom menu-item-object-custom menu-item-31041\"><a href=\"\/informace-pro-pacienty-a-navstevy\/pokladna\/\" data-ps2id-api=\"true\"><i class=\"fa-solid fa-cash-register\"><\/i>Pokladna<\/a><\/li>\n<li id=\"menu-item-15388\" class=\"static-link menu-item menu-item-type-post_type menu-item-object-page menu-item-15388\"><a href=\"https:\/\/webnemji.azurewebsites.net\/en\/informace-pro-pacienty-a-navstevy\/prava-pacienta\/\" data-ps2id-api=\"true\"><i class=\"fa-solid fa-scale-balanced\"><\/i>Pr\u00e1va pacienta<\/a><\/li>\n<li id=\"menu-item-20717\" class=\"static-link menu-item menu-item-type-post_type menu-item-object-page menu-item-20717\"><a href=\"https:\/\/webnemji.azurewebsites.net\/en\/informace-pro-pacienty-a-navstevy\/cenik\/\" data-ps2id-api=\"true\"><i class=\"fa-solid fa-coins\"><\/i> Cen\u00edk<\/a><\/li>\n<li id=\"menu-item-30314\" class=\"static-link menu-item menu-item-type-custom menu-item-object-custom menu-item-30314\"><a href=\"\/informace-pro-pacienty-a-navstevy\/paliativni-pece-v-jihlavske-nemocnici\/\" data-ps2id-api=\"true\"><i class=\"fa-solid fa-handshake-angle\"><\/i>Paliativn\u00ed p\u00e9\u010de v nemocnici<\/a><\/li>\n<li id=\"menu-item-30988\" class=\"static-link menu-item menu-item-type-custom menu-item-object-custom menu-item-30988\"><a href=\"\/oddeleni\/centrum-sp-pece\/dobrovolnici\/\" data-ps2id-api=\"true\"><i class=\"fa-solid fa-hand-holding-heart\"><\/i> Dobrovoln\u00edci v Nemocnici Jihlava<\/a><\/li>\n<li id=\"menu-item-31309\" class=\"static-link menu-item menu-item-type-post_type menu-item-object-page menu-item-31309\"><a href=\"https:\/\/webnemji.azurewebsites.net\/en\/informace-pro-pacienty-a-navstevy\/informace-pro-neslysici\/\" data-ps2id-api=\"true\"><i class=\"fa-solid fa-ear-deaf\"><\/i> Informace pro nesly\u0161\u00edc\u00ed<\/a><\/li>\n<li id=\"menu-item-15099\" class=\"static-link menu-item menu-item-type-custom menu-item-object-custom menu-item-15099\"><a href=\"\/informace-pro-pacienty-a-navstevy\/informace-pro-pozustale\/\" data-ps2id-api=\"true\"><i class=\"fa-solid fa-cross\"><\/i>Informace pro poz\u016fstal\u00e9<\/a><\/li>\n<li id=\"menu-item-30390\" class=\"static-link menu-item menu-item-type-custom menu-item-object-custom menu-item-30390\"><a href=\"\/oddeleni\/centrum-sp-pece\/duchovni-pece\/\" data-ps2id-api=\"true\"><i class=\"fa-solid fa-cross\"><\/i>Duchovn\u00ed p\u00e9\u010de<\/a><\/li>\n<\/ul><\/div><\/aside><div class=\"cl\"><\/div>\n<\/div>\n<\/div><\/div>\n<div id=\"cmsmasters_column_b598bb73ec\" class=\"cmsmasters_column two_third\">\n<div class=\"cmsmasters_column_inner\"><div id=\"cmsmasters_heading_jqjsxhe4f\" class=\"cmsmasters_heading_wrap cmsmasters_heading_align_left\">\n\t<h2 class=\"cmsmasters_heading\">Aktu\u00e1ln\u00ed stav parkovi\u0161\u0165<\/h2>\n<\/div>\n<div id=\"cmsmasters_divider_bzw2u58xzf\" class=\"cmsmasters_divider cmsmasters_divider_width_short cmsmasters_divider_pos_left\"><\/div>\n<div class=\"cmsmasters_text\">\n<p>Na t\u00e9to str\u00e1nce m\u016f\u017eete zjistit aktu\u00e1ln\u00ed obsazenost na\u0161ich vybran\u00fdch parkovi\u0161\u0165. Dal\u0161\u00ed budeme postupn\u011b p\u0159id\u00e1vat.<\/p>\n<\/div>\n<div class=\"cmsmasters_text\">\n<h3><strong>Parkovi\u0161t\u011b P2<\/strong><\/h3>\n<\/div>\n<div class=\"custom_html\">\n<div><img id=\"parking-image1\" alt=\"Parkovi\u0161t\u011b\" style=\"max-width: 100%; height: auto;\"><\/div>\n<div id=\"parking-status1\">Na\u010d\u00edt\u00e1m...<\/div>\n<\/div>\n<div class=\"custom_js\">\n<script type=\"text\/javascript\">\n function updateParkingImage1() {\n   const timestamp = new Date().getTime();\n   const imageUrl = `https:\/\/parqueryimage.blob.core.windows.net\/parqueryimage\/visual_2.jpeg?t=${timestamp}`;\n   document.getElementById('parking-image1').src = imageUrl;\n }\n updateParkingImage1();\n setInterval(updateParkingImage1, 60000);\n\nfunction updateParkingData1() {\n   fetch('https:\/\/parqueryimage.blob.core.windows.net\/parqueryimage\/visual_2.json')\n    .then(response => {\n      if (!response.ok) throw new Error('Chyba p\u0159i na\u010d\u00edt\u00e1n\u00ed dat');\n      return response.json();\n    })\n    .then(data => {\n      document.getElementById('parking-status1').innerHTML = `<div class=\"parking-spots\"><div><p>Dostupn\u00e1 m\u00edsta<\/p><p class=\"parking-num\">${data.available_spots}<\/p><\/div><div><p>Obsazen\u00e1 m\u00edsta<\/p><p class=\"parking-num\">${data.occupied_spots}<\/p><\/div><div><p>Celkem<\/p><p class=\"parking-num\">${data.total_spots}<\/p><\/div><\/div><div class=\"parking-update\">Aktualizov\u00e1no: ${data.timestamp}<\/div>`;\n    })\n    .catch(error => {\n      document.getElementById('parking-status1').textContent = 'Nepoda\u0159ilo se na\u010d\u00edst stav parkov\u00e1n\u00ed.';\n      console.error(error);\n    });\n }\n updateParkingData1();\n setInterval(updateParkingData1, 60000);<\/script>\n<\/div>\n<div class=\"cmsmasters_text\">\n<p>&nbsp;<\/p>\n<p>&nbsp;<\/p>\n<\/div>\n<div class=\"cmsmasters_text\">\n<h3><strong>Parkovi\u0161t\u011b P4 a P5<\/strong><\/h3>\n<\/div>\n<div class=\"custom_html\">\n<div><img id=\"parking-image\" alt=\"Parkovi\u0161t\u011b\" style=\"max-width: 100%; height: auto;\"><\/div>\n<div id=\"parking-status\">Na\u010d\u00edt\u00e1m...<\/div>\n<\/div>\n<div class=\"custom_js\">\n<script type=\"text\/javascript\">\n function updateParkingImage() {\n   const timestamp = new Date().getTime();\n   const imageUrl = `https:\/\/parqueryimage.blob.core.windows.net\/parqueryimage\/visual_1.jpeg?t=${timestamp}`;\n   document.getElementById('parking-image').src = imageUrl;\n }\n updateParkingImage();\n setInterval(updateParkingImage, 60000);\n\nfunction updateParkingData() {\n   fetch('https:\/\/parqueryimage.blob.core.windows.net\/parqueryimage\/visual_1.json')\n    .then(response => {\n      if (!response.ok) throw new Error('Chyba p\u0159i na\u010d\u00edt\u00e1n\u00ed dat');\n      return response.json();\n    })\n    .then(data => {\n      document.getElementById('parking-status').innerHTML = `<div class=\"parking-spots\"><div><p>Dostupn\u00e1 m\u00edsta<\/p><p class=\"parking-num\">${data.available_spots}<\/p><\/div><div><p>Obsazen\u00e1 m\u00edsta<\/p><p class=\"parking-num\">${data.occupied_spots}<\/p><\/div><div><p>Celkem<\/p><p class=\"parking-num\">${data.total_spots}<\/p><\/div><\/div><div class=\"parking-update\">Aktualizov\u00e1no: ${data.timestamp}<\/div>`;\n    })\n    .catch(error => {\n      document.getElementById('parking-status').textContent = 'Nepoda\u0159ilo se na\u010d\u00edst stav parkov\u00e1n\u00ed.';\n      console.error(error);\n    });\n }\n updateParkingData();\n setInterval(updateParkingData, 60000);<\/script>\n<\/div>\n<\/div><\/div>\n<\/div>\n<\/div>\n<\/div>\n<\/div>\n<\/div>\n\n","protected":false},"excerpt":{"rendered":"","protected":false},"author":7,"featured_media":19786,"parent":14993,"menu_order":0,"comment_status":"closed","ping_status":"closed","template":"","meta":{"pgc_sgb_lightbox_settings":"","footnotes":"","_links_to":"","_links_to_target":""},"categories":[86],"class_list":["post-33040","page","type-page","status-publish","has-post-thumbnail","hentry","category-page-informace-pro-pacienty-a-navstevy"],"publishpress_future_action":{"enabled":false,"date":"2026-04-20 00:31:43","action":"change-status","newStatus":"draft","terms":[],"taxonomy":"category","extraData":[]},"publishpress_future_workflow_manual_trigger":{"enabledWorkflows":[]},"_links":{"self":[{"href":"https:\/\/webnemji.azurewebsites.net\/en\/wp-json\/wp\/v2\/pages\/33040","targetHints":{"allow":["GET"]}}],"collection":[{"href":"https:\/\/webnemji.azurewebsites.net\/en\/wp-json\/wp\/v2\/pages"}],"about":[{"href":"https:\/\/webnemji.azurewebsites.net\/en\/wp-json\/wp\/v2\/types\/page"}],"author":[{"embeddable":true,"href":"https:\/\/webnemji.azurewebsites.net\/en\/wp-json\/wp\/v2\/users\/7"}],"replies":[{"embeddable":true,"href":"https:\/\/webnemji.azurewebsites.net\/en\/wp-json\/wp\/v2\/comments?post=33040"}],"version-history":[{"count":0,"href":"https:\/\/webnemji.azurewebsites.net\/en\/wp-json\/wp\/v2\/pages\/33040\/revisions"}],"up":[{"embeddable":true,"href":"https:\/\/webnemji.azurewebsites.net\/en\/wp-json\/wp\/v2\/pages\/14993"}],"wp:featuredmedia":[{"embeddable":true,"href":"https:\/\/webnemji.azurewebsites.net\/en\/wp-json\/wp\/v2\/media\/19786"}],"wp:attachment":[{"href":"https:\/\/webnemji.azurewebsites.net\/en\/wp-json\/wp\/v2\/media?parent=33040"}],"wp:term":[{"taxonomy":"category","embeddable":true,"href":"https:\/\/webnemji.azurewebsites.net\/en\/wp-json\/wp\/v2\/categories?post=33040"}],"curies":[{"name":"wp","href":"https:\/\/api.w.org\/{rel}","templated":true}]}}