{"id":33510,"date":"2025-06-12T14:08:42","date_gmt":"2025-06-12T12:08:42","guid":{"rendered":"https:\/\/webnemji.azurewebsites.net\/?page_id=33510"},"modified":"2025-06-12T14:26:39","modified_gmt":"2025-06-12T12:26:39","slug":"informace-pro-pacienty","status":"publish","type":"page","link":"https:\/\/webnemji.azurewebsites.net\/en\/oddeleni\/traumatologicke-oddeleni\/informace-pro-pacienty\/","title":{"rendered":"Information for patients"},"content":{"rendered":"<div id=\"cmsmasters_row_6iluctg3hk\" class=\"cmsmasters_row cmsmasters_color_scheme_default cmsmasters_row_top_default cmsmasters_row_bot_default cmsmasters_row_boxed\">\n<div class=\"cmsmasters_row_outer_parent\">\n<div class=\"cmsmasters_row_overlay\"><\/div>\n<div class=\"cmsmasters_row_outer\">\n<div class=\"cmsmasters_row_inner\">\n<div class=\"cmsmasters_row_margin\">\n<div id=\"cmsmasters_column_sybg7he2sg\" class=\"cmsmasters_column one_first\">\n<div class=\"cmsmasters_column_inner\"><div id=\"cmsmasters_heading_b3c74b95a0\" class=\"cmsmasters_heading_wrap cmsmasters_heading_align_center pageheadingtitle\">\n\t<h1 class=\"cmsmasters_heading\">Traumatology Department<\/h1>\n<\/div>\n<\/div><\/div>\n<\/div>\n<\/div>\n<\/div>\n<\/div>\n<\/div>\n<div id=\"cmsmasters_row_3f2f8816dd\" class=\"cmsmasters_row cmsmasters_color_scheme_default cmsmasters_row_top_default cmsmasters_row_bot_default cmsmasters_row_boxed\">\n<div class=\"cmsmasters_row_outer_parent\">\n<div class=\"cmsmasters_row_outer\">\n<div class=\"cmsmasters_row_inner\">\n<div class=\"cmsmasters_row_margin\">\n<div id=\"cmsmasters_column_0a1c5940f5\" class=\"cmsmasters_column one_third stickyinfocolumn\">\n<div class=\"cmsmasters_column_inner\"><div id=\"cmsmasters_heading_rva6m2t32d\" class=\"cmsmasters_heading_wrap cmsmasters_heading_align_center\">\n\t<h3 class=\"cmsmasters_heading\">Information about department<\/h3>\n<\/div>\n<div id=\"cmsmasters_divider_dpp34mcdj5\" class=\"cmsmasters_divider cmsmasters_divider_width_short cmsmasters_divider_pos_center\"><\/div>\n<div class=\"cmsmasters_sidebar sidebar_layout_11 sidebar-custom-menu\"><aside id=\"nav_menu-50\" class=\"widget widget_nav_menu\"><div class=\"menu-oddeleni-trm-container\"><ul id=\"menu-oddeleni-trm\" class=\"menu\"><li id=\"menu-item-24716\" class=\"menu-item menu-item-type-custom menu-item-object-custom menu-item-24716\"><a href=\"\/en\/oddeleni\/traumatologicke-oddeleni\/#popis-oddeleni\" data-ps2id-api=\"true\"><i class=\"fa-solid fa-info\"><\/i> Department description<\/a><\/li>\n<li id=\"menu-item-24717\" class=\"menu-item menu-item-type-custom menu-item-object-custom menu-item-24717\"><a href=\"\/en\/oddeleni\/traumatologicke-oddeleni\/#personalni-obsazeni\" data-ps2id-api=\"true\"><i class=\"fa-solid fa-user-doctor\"><\/i> Staff<\/a><\/li>\n<li id=\"menu-item-24718\" class=\"menu-item menu-item-type-custom menu-item-object-custom menu-item-24718\"><a href=\"\/en\/oddeleni\/traumatologicke-oddeleni\/#ordinacni-hodiny\" data-ps2id-api=\"true\"><i class=\"fa-regular fa-clock\"><\/i> Office Hours<\/a><\/li>\n<li id=\"menu-item-24719\" class=\"menu-item menu-item-type-custom menu-item-object-custom menu-item-24719\"><a href=\"\/en\/oddeleni\/traumatologicke-oddeleni\/#kontaktni-informace\" data-ps2id-api=\"true\"><i class=\"fa-solid fa-phone\"><\/i> Contact Information<\/a><\/li>\n<li id=\"menu-item-24720\" class=\"menu-item menu-item-type-custom menu-item-object-custom menu-item-24720\"><a href=\"\/en\/oddeleni\/traumatologicke-oddeleni\/#kde-nas-najdete\" data-ps2id-api=\"true\"><i class=\"fa-solid fa-location-dot\"><\/i> Where to find us<\/a><\/li>\n<li id=\"menu-item-24721\" class=\"menu-item menu-item-type-custom menu-item-object-custom menu-item-24721\"><a href=\"\/en\/oddeleni\/traumatologicke-oddeleni\/#fotogalerie\" data-ps2id-api=\"true\"><i class=\"fa-solid fa-camera\"><\/i> Photogallery<\/a><\/li>\n<li id=\"menu-item-24722\" class=\"menu-custom-separator menu-item menu-item-type-custom menu-item-object-custom menu-item-24722\"><hr class=\"mhm-menu-separator\"><\/li>\n<li id=\"menu-item-24723\" class=\"static-link menu-item menu-item-type-custom menu-item-object-custom menu-item-24723\"><a href=\"\/en\/oddeleni\/traumatologicke-oddeleni\/traumatologicke-ambulance\/\" data-ps2id-api=\"true\"><i class=\"fa-solid fa-house-medical\"><\/i> Clinics<\/a><\/li>\n<li id=\"menu-item-24724\" class=\"static-link menu-item menu-item-type-custom menu-item-object-custom menu-item-24724\"><a href=\"\/en\/oddeleni\/traumatologicke-oddeleni\/luzkova-cast\/\" data-ps2id-api=\"true\"><i class=\"fa-solid fa-bed-pulse\"><\/i> Inpatient ward + ICU<\/a><\/li>\n<li id=\"menu-item-24726\" class=\"static-link menu-item menu-item-type-custom menu-item-object-custom menu-item-24726\"><a href=\"\/en\/oddeleni\/traumatologicke-oddeleni\/spektrum-pece\/\" data-ps2id-api=\"true\"><i class=\"fa-solid fa-stethoscope\"><\/i> Spectrum of provided care<\/a><\/li>\n<li id=\"menu-item-33509\" class=\"static-link menu-item menu-item-type-custom menu-item-object-custom menu-item-33509\"><a href=\"\/en\/oddeleni\/traumatologicke-oddeleni\/\/informace-pro-pacienty\/\" data-ps2id-api=\"true\"><i class=\"fa-regular fa-circle-question\"><\/i> Information for patients<\/a><\/li>\n<\/ul><\/div><\/aside><div class=\"cl\"><\/div>\n<\/div>\n<\/div><\/div>\n<div id=\"cmsmasters_column_k7vlyuz4yq\" class=\"cmsmasters_column two_third\">\n<div class=\"cmsmasters_column_inner\"><div id=\"cmsmasters_heading_0cx4mcjjyd\" class=\"cmsmasters_heading_wrap cmsmasters_heading_align_left\">\n\t<h2 class=\"cmsmasters_heading\">Information for patients<\/h2>\n<\/div>\n<div id=\"cmsmasters_divider_kul4awri6m\" class=\"cmsmasters_divider cmsmasters_divider_width_short cmsmasters_divider_pos_left\"><\/div>\n<div class=\"cmsmasters_text\">\n<style type=\"text\/css\"><\/style><section id='' \n                class='helpie-faq accordions groupSettings-464__enabled' \n                data-collection='' \n                data-pagination='0' \n                data-search='0' \n                data-pagination-enabled='0'\n                role='region'\n                aria-label='FAQ Section'\n                aria-live='polite'><form class=\"search\" onsubmit=\"return false;\" action=\"\"><div class=\"search__wrapper\"><input type=\"text\" class=\"search__input\" aria-label=\"Search\" role=\"searchbox\" placeholder=\"Search\"><span class=\"search__icon\"><svg class=\"svg-icon--search\" role=\"img\" xmlns=\"http:\/\/www.w3.org\/2000\/svg\" viewbox=\"0 0 22 22\">\r\n                        <g fill=\"none\" stroke=\"#171717\">\r\n                            <path stroke-linecap=\"square\" stroke-width=\"2\" d=\"M18.5 18.3l-5.4-5.4\"\/>\r\n                            <circle cx=\"8\" cy=\"8\" r=\"7\" stroke-width=\"2\"\/>\r\n                        <\/g>\r\n                    <\/svg><\/span><\/div><div class=\"search__message\"><\/div><input type=\"hidden\" name=\"trp-form-language\" value=\"en\"\/><\/form><article class=\"accordion\"><div class='helpie-faq-row'><div class='helpie-faq-col helpie-faq-col-12' ><ul><li class=\"accordion__item\"><div class=\"accordion__header\" \r\n                id=\"accordion-header-post-33513\"\r\n                role=\"button\"\r\n                aria-expanded=\"false\"\r\n                aria-controls=\"accordion-content-post-33513\"\r\n                data-id=\"post-33513\" \r\n                data-item=\"hfaq-post-33513\" \r\n                style=\"background:transparent;\" \r\n                data-tags=\"\"\r\n                tabindex=\"0\"><div class=\"accordion__title\">Informace k fixaci pomoc\u00ed Opencastu<\/div><\/div><div id=\"accordion-content-post-33513\" \r\n                class=\"accordion__body\" \r\n                role=\"region\"\r\n                aria-labelledby=\"accordion-header-post-33513\"\r\n                style=\"background:transparent;\"><p>M\u00e1te-li z\u00e1jem o fixaci zlomeniny u d\u00edt\u011bte pomoc\u00ed\u00a0<strong>Opencastu<\/strong>, kontaktujte n\u00e1s pros\u00edm e-mailem. K posouzen\u00ed vhodnosti t\u00e9to metody a k domluv\u011b term\u00ednu pot\u0159ebujeme n\u00e1sleduj\u00edc\u00ed informace:<\/p>\n<ul>\n<li>v\u011bk d\u00edt\u011bte,<\/li>\n<li>v\u00e1hu d\u00edt\u011bte,<\/li>\n<li>typ zlomeniny,<\/li>\n<li>RTG sn\u00edmky zaslan\u00e9 do syst\u00e9mu\u00a0<strong>Jivex Nemocnice Jihlava<\/strong>.<\/li>\n<\/ul>\n<p>Na z\u00e1klad\u011b t\u011bchto \u00fadaj\u016f bude posouzena vhodnost pou\u017eit\u00ed Opencastu a domluven dal\u0161\u00ed postup.<\/p>\n<p><strong>Kontaktn\u00ed e-maily:<\/strong><\/p>\n<ul>\n<li><a href=\"mailto:kohoutp@nemji.cz\" target=\"_parent\"><strong>kohoutp@nemji.cz<\/strong><\/a><\/li>\n<li><a href=\"mailto:ceperal@nemji.cz\" target=\"_parent\"><strong>ceperal@nemji.cz<\/strong><\/a><\/li>\n<\/ul>\n<p><strong>Telefonick\u00e9 konzultace:<\/strong><\/p>\n<p>V p\u0159\u00edpad\u011b pot\u0159eby n\u00e1s m\u016f\u017eete kontaktovat tak\u00e9 telefonicky na \u010d\u00edsle\u00a0<strong>567 157 709<\/strong>, a to\u00a0<strong>v pond\u011bl\u00ed, st\u0159edu a \u010dtvrtek mezi 7:00 a 7:30 hodinou<\/strong>.<\/p>\n<\/div><\/li><\/ul><\/div><\/div><\/article><\/section>\n<\/div>\n<\/div><\/div>\n<\/div>\n<\/div>\n<\/div>\n<\/div>\n<\/div>","protected":false},"excerpt":{"rendered":"","protected":false},"author":5,"featured_media":24998,"parent":24714,"menu_order":0,"comment_status":"closed","ping_status":"closed","template":"","meta":{"pgc_sgb_lightbox_settings":"","footnotes":"","_links_to":"","_links_to_target":""},"categories":[85],"class_list":["post-33510","page","type-page","status-publish","has-post-thumbnail","hentry","category-page-oddeleni"],"publishpress_future_action":{"enabled":false,"date":"2026-05-03 06:26:31","action":"change-status","newStatus":"draft","terms":[],"taxonomy":"category","extraData":[]},"publishpress_future_workflow_manual_trigger":{"enabledWorkflows":[]},"_links":{"self":[{"href":"https:\/\/webnemji.azurewebsites.net\/en\/wp-json\/wp\/v2\/pages\/33510","targetHints":{"allow":["GET"]}}],"collection":[{"href":"https:\/\/webnemji.azurewebsites.net\/en\/wp-json\/wp\/v2\/pages"}],"about":[{"href":"https:\/\/webnemji.azurewebsites.net\/en\/wp-json\/wp\/v2\/types\/page"}],"author":[{"embeddable":true,"href":"https:\/\/webnemji.azurewebsites.net\/en\/wp-json\/wp\/v2\/users\/5"}],"replies":[{"embeddable":true,"href":"https:\/\/webnemji.azurewebsites.net\/en\/wp-json\/wp\/v2\/comments?post=33510"}],"version-history":[{"count":0,"href":"https:\/\/webnemji.azurewebsites.net\/en\/wp-json\/wp\/v2\/pages\/33510\/revisions"}],"up":[{"embeddable":true,"href":"https:\/\/webnemji.azurewebsites.net\/en\/wp-json\/wp\/v2\/pages\/24714"}],"wp:featuredmedia":[{"embeddable":true,"href":"https:\/\/webnemji.azurewebsites.net\/en\/wp-json\/wp\/v2\/media\/24998"}],"wp:attachment":[{"href":"https:\/\/webnemji.azurewebsites.net\/en\/wp-json\/wp\/v2\/media?parent=33510"}],"wp:term":[{"taxonomy":"category","embeddable":true,"href":"https:\/\/webnemji.azurewebsites.net\/en\/wp-json\/wp\/v2\/categories?post=33510"}],"curies":[{"name":"wp","href":"https:\/\/api.w.org\/{rel}","templated":true}]}}