{"id":34863,"date":"2026-01-05T10:46:14","date_gmt":"2026-01-05T09:46:14","guid":{"rendered":"https:\/\/webnemji.azurewebsites.net\/?page_id=34863"},"modified":"2026-01-05T10:46:14","modified_gmt":"2026-01-05T09:46:14","slug":"lekarska-pohotovostni-sluzba","status":"publish","type":"page","link":"https:\/\/webnemji.azurewebsites.net\/en\/informace-pro-pacienty-a-navstevy\/lekarska-pohotovostni-sluzba\/","title":{"rendered":"Emergency medical service"},"content":{"rendered":"<div id=\"cmsmasters_row_0b6bd5f67e\" class=\"cmsmasters_row cmsmasters_color_scheme_default heroblocks cmsmasters_row_top_default cmsmasters_row_bot_default cmsmasters_row_boxed\">\n<div id=\"heroboxes\" class=\"cmsmasters_row_outer_parent\">\n<div class=\"cmsmasters_row_overlay\"><\/div>\n<div class=\"cmsmasters_row_outer\">\n<div class=\"cmsmasters_row_inner\">\n<div class=\"cmsmasters_row_margin\">\n<div id=\"cmsmasters_column_b6d3203234\" class=\"cmsmasters_column one_first\">\n<div class=\"cmsmasters_column_inner\"><div id=\"cmsmasters_heading_a82262ad0f\" class=\"cmsmasters_heading_wrap cmsmasters_heading_align_center pageheadingtitle\" data-animation=\"fadeIn\" data-delay=\"100\">\n\t<h1 class=\"cmsmasters_heading\">Informace pro pacienty a n\u00e1v\u0161t\u011bvy<\/h1>\n<\/div><div id=\"cmsmasters_heading_h8msf5zwgb\" class=\"cmsmasters_heading_wrap cmsmasters_heading_align_center\" data-animation=\"fadeIn\" data-delay=\"150\">\n\t<h3 class=\"cmsmasters_heading\">L\u00e9ka\u0159sk\u00e1 pohotovostn\u00ed slu\u017eba<\/h3>\n<\/div>\n<\/div><\/div>\n<\/div>\n<\/div>\n<\/div>\n<\/div>\n<\/div>\n<div id=\"cmsmasters_row_0ubsn4p87j\" class=\"cmsmasters_row cmsmasters_color_scheme_default cmsmasters_row_top_default cmsmasters_row_bot_default cmsmasters_row_boxed\">\n<div class=\"cmsmasters_row_outer_parent\">\n<div class=\"cmsmasters_row_outer\">\n<div class=\"cmsmasters_row_inner\">\n<div class=\"cmsmasters_row_margin\">\n<div id=\"cmsmasters_column_m105pe8rdd\" class=\"cmsmasters_column one_first\">\n<div class=\"cmsmasters_column_inner\"><div class=\"cmsmasters_text\">\n<p><nav aria-label=\"breadcrumbs\">\n            <div class=\"breadcrumb-container theme1\">\n                <ol>\n                                    <\/ol>\n            <\/div>\n        <\/nav>    <script type=\"application\/ld+json\">\n        {\n            \"@context\": \"http:\/\/schema.org\",\n            \"@type\": \"BreadcrumbList\",\n            \"itemListElement\": [\n                            ]\n        }\n    <\/script>\n   \n    <script>\n            <\/script>\n<\/p>\n<\/div>\n<\/div><\/div>\n<\/div>\n<\/div>\n<\/div>\n<\/div>\n<\/div>\n<div id=\"cmsmasters_row_7c1c11db73\" class=\"cmsmasters_row cmsmasters_color_scheme_default responsive-sidebar-padding cmsmasters_row_top_default cmsmasters_row_bot_default cmsmasters_row_boxed\">\n<div class=\"cmsmasters_row_outer_parent\">\n<div class=\"cmsmasters_row_outer\">\n<div class=\"cmsmasters_row_inner\">\n<div class=\"cmsmasters_row_margin\">\n<div id=\"cmsmasters_column_18105c8427\" class=\"cmsmasters_column one_third stickyinfocolumn\">\n<div class=\"cmsmasters_column_inner\"><div id=\"cmsmasters_heading_06oshyxaep\" class=\"cmsmasters_heading_wrap cmsmasters_heading_align_center\">\n\t<h3 class=\"cmsmasters_heading\">Informace pro pacienty a n\u00e1v\u0161t\u011bvy<\/h3>\n<\/div>\n<div id=\"cmsmasters_divider_fk418hu6k\" class=\"cmsmasters_divider cmsmasters_divider_width_short cmsmasters_divider_pos_center\"><\/div>\n<div class=\"cmsmasters_sidebar sidebar_layout_11 sidebar-custom-menu\"><div class=\"cl\"><\/div>\n<\/div>\n<\/div><\/div>\n<div id=\"cmsmasters_column_b598bb73ec\" class=\"cmsmasters_column two_third\">\n<div class=\"cmsmasters_column_inner\"><div id=\"cmsmasters_heading_jbkdy7601\" class=\"cmsmasters_heading_wrap cmsmasters_heading_align_left\">\n\t<h2 class=\"cmsmasters_heading\">L\u00e9ka\u0159sk\u00e1 pohotovostn\u00ed slu\u017eba<\/h2>\n<\/div>\n<div id=\"cmsmasters_divider_cgzp2dct0z\" class=\"cmsmasters_divider cmsmasters_divider_width_short cmsmasters_divider_pos_left\"><\/div>\n<div class=\"cmsmasters_text page-custom-content\">\n<h4 class=\"cvi text-to-speech\"><strong class=\"zprava\"><span class=\"zvyrazneni\">LPS &#8211; dosp\u011bl\u00ed v p\u0159\u00edzem\u00ed Pavilonu urgentn\u00ed a intenzivn\u00ed p\u00e9\u010de, urgentn\u00ed p\u0159\u00edjem<\/span><\/strong><\/h4>\n<p>Ordina\u010dn\u00ed hodiny:<\/p>\n<p>Pond\u011bl\u00ed &#8211; p\u00e1tek :\u00a0 \u00a0 \u00a0 \u00a0 \u00a0 \u00a0 \u00a0 \u00a0<strong>17:00 &#8211; 20:00<\/strong>\u00a0hodin<\/p>\n<p>Sobota, ned\u011ble, sv\u00e1tky:\u00a0 \u00a0 <strong>9:00 &#8211; 20:00<\/strong>\u00a0hodin<\/p>\n<p>Telefon: <strong>567 157 376<\/strong><\/p>\n<hr \/>\n<h4><strong class=\"zvyrazneni\">LPS d\u011btsk\u00e1 v p\u0159\u00edzem\u00ed p\u0159\u00edjmu B &#8211; d\u011btsk\u00e9 odborn\u00e9 ambulance<\/strong><\/h4>\n<p>Ordina\u010dn\u00ed hodiny:<\/p>\n<p>Pond\u011bl\u00ed &#8211; p\u00e1tek:\u00a0 \u00a0 \u00a0 \u00a0 \u00a0 \u00a0 \u00a0 \u00a0<strong>17:00 &#8211; 20:00<\/strong>\u00a0hodin<\/p>\n<p>Sobota, ned\u011ble, sv\u00e1tky:\u00a0 \u00a0 <strong>8:00 &#8211; 20:00<\/strong>\u00a0hodin<\/p>\n<p>Telefon: <strong>567 157 816<\/strong><\/p>\n<p>&nbsp;<\/p>\n<hr \/>\n<h5 style=\"text-align: center;\"><strong>P\u0159i o\u0161et\u0159en\u00ed v dob\u011b LPS je pot\u0159eba uhradit regula\u010dn\u00ed poplatek 90K\u010d.\u00a0<\/strong><\/h5>\n<p style=\"text-align: center;\"><b><span class=\"zvyrazneni\">Mimo provozn\u00ed dobu pohotovosti jsou V\u00e1m k dispozici nemocni\u010dn\u00ed \u00a0ambulance.<\/span><\/b><\/p>\n<p style=\"text-align: center;\"><strong>N\u00e1vodn\u00fd semafor, kdy vyhledat LPS pro d\u011bti:<br \/>\n<a href=\"\/wp-content\/uploads\/2025\/04\/semafor.png\"><img loading=\"lazy\" decoding=\"async\" class=\"aligncenter wp-image-33194\" src=\"\/wp-content\/uploads\/2025\/04\/semafor.png\" alt=\"\" width=\"600\" height=\"221\" srcset=\"\/wp-content\/uploads\/2025\/04\/semafor.png 946w, \/wp-content\/uploads\/2025\/04\/semafor-300x110.png 300w, \/wp-content\/uploads\/2025\/04\/semafor-768x283.png 768w, \/wp-content\/uploads\/2025\/04\/semafor-18x7.png 18w, \/wp-content\/uploads\/2025\/04\/semafor-580x213.png 580w, \/wp-content\/uploads\/2025\/04\/semafor-860x316.png 860w\" sizes=\"auto, (max-width: 600px) 100vw, 600px\" \/><\/a><br \/>\n<\/strong><\/p>\n<p>&nbsp;<\/p>\n<\/div>\n<\/div><\/div>\n<\/div>\n<\/div>\n<\/div>\n<\/div>\n<\/div>\n\n","protected":false},"excerpt":{"rendered":"","protected":false},"author":5,"featured_media":19787,"parent":14993,"menu_order":0,"comment_status":"closed","ping_status":"closed","template":"","meta":{"pgc_sgb_lightbox_settings":"","footnotes":"","_links_to":"","_links_to_target":""},"categories":[86],"class_list":["post-34863","page","type-page","status-publish","has-post-thumbnail","hentry","category-page-informace-pro-pacienty-a-navstevy"],"publishpress_future_action":{"enabled":false,"date":"2026-04-24 01:35:26","action":"change-status","newStatus":"draft","terms":[],"taxonomy":"category","extraData":[]},"publishpress_future_workflow_manual_trigger":{"enabledWorkflows":[]},"_links":{"self":[{"href":"https:\/\/webnemji.azurewebsites.net\/en\/wp-json\/wp\/v2\/pages\/34863","targetHints":{"allow":["GET"]}}],"collection":[{"href":"https:\/\/webnemji.azurewebsites.net\/en\/wp-json\/wp\/v2\/pages"}],"about":[{"href":"https:\/\/webnemji.azurewebsites.net\/en\/wp-json\/wp\/v2\/types\/page"}],"author":[{"embeddable":true,"href":"https:\/\/webnemji.azurewebsites.net\/en\/wp-json\/wp\/v2\/users\/5"}],"replies":[{"embeddable":true,"href":"https:\/\/webnemji.azurewebsites.net\/en\/wp-json\/wp\/v2\/comments?post=34863"}],"version-history":[{"count":0,"href":"https:\/\/webnemji.azurewebsites.net\/en\/wp-json\/wp\/v2\/pages\/34863\/revisions"}],"up":[{"embeddable":true,"href":"https:\/\/webnemji.azurewebsites.net\/en\/wp-json\/wp\/v2\/pages\/14993"}],"wp:featuredmedia":[{"embeddable":true,"href":"https:\/\/webnemji.azurewebsites.net\/en\/wp-json\/wp\/v2\/media\/19787"}],"wp:attachment":[{"href":"https:\/\/webnemji.azurewebsites.net\/en\/wp-json\/wp\/v2\/media?parent=34863"}],"wp:term":[{"taxonomy":"category","embeddable":true,"href":"https:\/\/webnemji.azurewebsites.net\/en\/wp-json\/wp\/v2\/categories?post=34863"}],"curies":[{"name":"wp","href":"https:\/\/api.w.org\/{rel}","templated":true}]}}