{"id":35102,"date":"2026-02-05T09:04:59","date_gmt":"2026-02-05T08:04:59","guid":{"rendered":"https:\/\/webnemji.azurewebsites.net\/?page_id=35102"},"modified":"2026-04-13T14:20:26","modified_gmt":"2026-04-13T12:20:26","slug":"onko-koo","status":"publish","type":"page","link":"https:\/\/webnemji.azurewebsites.net\/en\/oddeleni\/onkologicke-oddeleni\/onko-koo\/","title":{"rendered":"Oncology Care Coordinators"},"content":{"rendered":"<div id=\"cmsmasters_row_6iluctg3hk\" class=\"cmsmasters_row cmsmasters_color_scheme_default cmsmasters_row_top_default cmsmasters_row_bot_default cmsmasters_row_boxed\">\n<div class=\"cmsmasters_row_outer_parent\">\n<div class=\"cmsmasters_row_overlay\"><\/div>\n<div class=\"cmsmasters_row_outer\">\n<div class=\"cmsmasters_row_inner\">\n<div class=\"cmsmasters_row_margin\">\n<div id=\"cmsmasters_column_sybg7he2sg\" class=\"cmsmasters_column one_first\">\n<div class=\"cmsmasters_column_inner\"><div id=\"cmsmasters_heading_b3c74b95a0\" class=\"cmsmasters_heading_wrap cmsmasters_heading_align_center pageheadingtitle\">\n\t<h1 class=\"cmsmasters_heading\">Koordin\u00e1to\u0159i onkologick\u00e9 p\u00e9\u010de<\/h1>\n<\/div>\n<\/div><\/div>\n<\/div>\n<\/div>\n<\/div>\n<\/div>\n<\/div>\n<div id=\"cmsmasters_row_ly5ze1hf8e\" class=\"cmsmasters_row cmsmasters_color_scheme_default cmsmasters_row_top_default cmsmasters_row_bot_default cmsmasters_row_boxed\">\n<div class=\"cmsmasters_row_outer_parent\">\n<div class=\"cmsmasters_row_outer\">\n<div class=\"cmsmasters_row_inner\">\n<div class=\"cmsmasters_row_margin\">\n<div id=\"cmsmasters_column_v67ee6nvg7\" class=\"cmsmasters_column one_first\">\n<div class=\"cmsmasters_column_inner\"><div class=\"cmsmasters_text\">\n<p><nav aria-label=\"breadcrumbs\">\n            <div class=\"breadcrumb-container theme1\">\n                <ol>\n                                    <\/ol>\n            <\/div>\n        <\/nav>    <script type=\"application\/ld+json\">\n        {\n            \"@context\": \"http:\/\/schema.org\",\n            \"@type\": \"BreadcrumbList\",\n            \"itemListElement\": [\n                            ]\n        }\n    <\/script>\n   \n    <script>\n            <\/script>\n<\/p>\n<\/div>\n<\/div><\/div>\n<\/div>\n<\/div>\n<\/div>\n<\/div>\n<\/div>\n<div id=\"cmsmasters_row_3f2f8816dd\" class=\"cmsmasters_row cmsmasters_color_scheme_default cmsmasters_row_top_default cmsmasters_row_bot_default cmsmasters_row_boxed\">\n<div class=\"cmsmasters_row_outer_parent\">\n<div class=\"cmsmasters_row_outer\">\n<div class=\"cmsmasters_row_inner\">\n<div class=\"cmsmasters_row_margin\">\n<div id=\"cmsmasters_column_0a1c5940f5\" class=\"cmsmasters_column one_third stickyinfocolumn\">\n<div class=\"cmsmasters_column_inner\"><div id=\"cmsmasters_heading_rva6m2t32d\" class=\"cmsmasters_heading_wrap cmsmasters_heading_align_center\">\n\t<h3 class=\"cmsmasters_heading\">Informace o odd\u011blen\u00ed<\/h3>\n<\/div>\n<div id=\"cmsmasters_divider_dpp34mcdj5\" class=\"cmsmasters_divider cmsmasters_divider_width_short cmsmasters_divider_pos_center\"><\/div>\n<div class=\"cmsmasters_sidebar sidebar_layout_11 sidebar-custom-menu\"><aside id=\"nav_menu-96\" class=\"widget widget_nav_menu\"><h3 class=\"widgettitle\">Koordin\u00e1to\u0159i ONKO<\/h3><div class=\"menu-koordinatori-onko-container\"><ul id=\"menu-koordinatori-onko\" class=\"menu\"><li id=\"menu-item-35121\" class=\"menu-item menu-item-type-custom menu-item-object-custom menu-item-35121\"><a href=\"\/oddeleni\/onkologicke-oddeleni\/onko-koo\/#popis-oddeleni\" data-ps2id-api=\"true\"><i class=\"fa-solid fa-info\"><\/i> Popis \u010dinnosti<\/a><\/li>\n<li id=\"menu-item-35122\" class=\"menu-item menu-item-type-custom menu-item-object-custom menu-item-35122\"><a href=\"\/oddeleni\/onkologicke-oddeleni\/onko-koo\/#personalni-obsazeni\" data-ps2id-api=\"true\"><i class=\"fa-solid fa-user-doctor\"><\/i> Koordin\u00e1to\u0159i<\/a><\/li>\n<li id=\"menu-item-35124\" class=\"menu-item menu-item-type-custom menu-item-object-custom menu-item-35124\"><a href=\"\/oddeleni\/onkologicke-oddeleni\/onko-koo\/#kontaktni-informace\" data-ps2id-api=\"true\"><i class=\"fa-solid fa-phone\"><\/i> Kontaktn\u00ed informace<\/a><\/li>\n<li id=\"menu-item-35126\" class=\"menu-custom-separator menu-item menu-item-type-custom menu-item-object-custom menu-item-35126\"><hr class=\"mhm-menu-separator\"><\/li>\n<li id=\"menu-item-35123\" class=\"menu-item menu-item-type-custom menu-item-object-custom menu-item-35123\"><a data-ps2id-api=\"true\"><i class=\"fa-solid fa-person-walking\"><\/i> Cesta pacienta &#8211; P\u0158IPRAVUJEME<\/a><\/li>\n<\/ul><\/div><\/aside><aside id=\"block-15\" class=\"widget widget_block\"><\/aside><aside id=\"block-16\" class=\"widget widget_block\"><\/aside><aside id=\"custom-contact-info-11\" class=\"widget widget_custom_contact_info_entries\"><h3 class=\"widgettitle\">Contact Information<\/h3><\/aside><aside id=\"block-17\" class=\"widget widget_block\"><\/aside><aside id=\"block-18\" class=\"widget widget_block\"><\/aside><aside id=\"block-19\" class=\"widget widget_block\"><\/aside><aside id=\"block-20\" class=\"widget widget_block\"><\/aside><aside id=\"block-21\" class=\"widget widget_block\"><\/aside><aside id=\"block-22\" class=\"widget widget_block\"><\/aside><div class=\"cl\"><\/div>\n<\/div>\n<\/div><\/div>\n<div id=\"cmsmasters_column_k7vlyuz4yq\" class=\"cmsmasters_column two_third\">\n<div class=\"cmsmasters_column_inner\"><div class=\"cmsmasters_text scroll-location\">\n<p><a id=\"popis-oddeleni\"><\/a><\/p>\n<\/div>\n<div id=\"cmsmasters_heading_0cx4mcjjyd\" class=\"cmsmasters_heading_wrap cmsmasters_heading_align_left\">\n\t<h2 class=\"cmsmasters_heading\">Popis \u010dinnosti<\/h2>\n<\/div>\n<div id=\"cmsmasters_divider_kul4awri6m\" class=\"cmsmasters_divider cmsmasters_divider_width_short cmsmasters_divider_pos_left\"><\/div>\n<div class=\"cmsmasters_text\">\n<p>Jihlavsk\u00e1 nemocnice a jej\u00ed <strong>Komplexn\u00ed onkologick\u00e9 centrum (KOC)<\/strong>, roz\u0161i\u0159uje sv\u00e9 slu\u017eby o koordin\u00e1tory onkologick\u00e9 p\u00e9\u010de. Jejich c\u00edlem je zrychlit a zp\u0159ehlednit proces vy\u0161et\u0159en\u00ed a zah\u00e1jen\u00ed l\u00e9\u010dby u pacient\u016f s podez\u0159en\u00edm na zhoubn\u00e9 n\u00e1dorov\u00e9 onemocn\u011bn\u00ed a poskytnout jim oporu v jedn\u00e9 z nejn\u00e1ro\u010dn\u011bj\u0161\u00edch \u017eivotn\u00edch situac\u00ed.<\/p>\n<p>Slu\u017eba je ur\u010dena p\u0159edev\u0161\u00edm zdravotn\u00edk\u016fm, kte\u0159\u00ed pot\u0159ebuj\u00ed rychle a spr\u00e1vn\u011b nastavit dal\u0161\u00ed diagnostick\u00fd a l\u00e9\u010debn\u00fd postup u sv\u00fdch pacient\u016f.<\/p>\n<p>\u201eSmyslem koordin\u00e1tor\u016f je urychlit cestu pacienta od prvn\u00edho podez\u0159en\u00ed k potvrzen\u00ed diagn\u00f3zy a zah\u00e1jen\u00ed l\u00e9\u010dby. Pom\u00e1haj\u00ed zajistit n\u00e1vaznost vy\u0161et\u0159en\u00ed, spr\u00e1vn\u00e9 na\u010dasov\u00e1n\u00ed jednotliv\u00fdch krok\u016f a rychl\u00e9 projedn\u00e1n\u00ed p\u0159\u00edpadu v multidisciplin\u00e1rn\u00edm t\u00fdmu,\u201c up\u0159es\u0148uje \u0159editel jihlavsk\u00e9 nemocnice <span style=\"text-decoration: underline;\">Ing. Alexander Filip<\/span>.<\/p>\n<p>Hlavn\u00edm c\u00edlem slu\u017eby je zrychlen\u00ed a zefektivn\u011bn\u00ed onkologick\u00e9 p\u00e9\u010de, zkr\u00e1cen\u00ed \u010dekac\u00edch dob na vy\u0161et\u0159en\u00ed a l\u00e9\u010dbu a zaji\u0161t\u011bn\u00ed plynul\u00e9 a p\u0159ehledn\u00e9 n\u00e1vaznosti cel\u00e9ho procesu. Nejedn\u00e1 se o preventivn\u00ed linky, ale o podporu pacient\u016f ji\u017e v b\u011b\u017e\u00edc\u00edm vy\u0161et\u0159ovac\u00edm nebo l\u00e9\u010debn\u00e9m procesu.<\/p>\n<\/div>\n\n<div id=\"cmsmasters_divider_mxu45bey7f\" class=\"cl\"><\/div>\n<div id=\"cmsmasters_heading_jj11y0uw38\" class=\"cmsmasters_heading_wrap cmsmasters_heading_align_left\">\n\t<h2 class=\"cmsmasters_heading\">Kdy\u017e jsou pacienti na prvn\u00edm m\u00edst\u011b &#8211; video<\/h2>\n<\/div>\n<div id=\"cmsmasters_divider_hgdnxm8b9\" class=\"cmsmasters_divider cmsmasters_divider_width_medium cmsmasters_divider_pos_left\"><\/div>\n<div id=\"cmsmasters_divider_b5z4slfh2q\" class=\"cl\"><\/div>\n<div class=\"cmsmasters_embed_wrap\">\n<iframe loading=\"lazy\" title=\"Koordin\u00e1torky onkologick\u00e9 p\u00e9\u010de\" width=\"500\" height=\"281\" src=\"https:\/\/www.youtube.com\/embed\/hMpc0X9wvmo?feature=oembed\" frameborder=\"0\" allow=\"accelerometer; autoplay; clipboard-write; encrypted-media; gyroscope; picture-in-picture; web-share\" referrerpolicy=\"strict-origin-when-cross-origin\" allowfullscreen><\/iframe><\/div>\n<div id=\"cmsmasters_divider_dkmojlsop\" class=\"cl\"><\/div>\n<div class=\"cmsmasters_text\">\n<p><a id=\"personalni-obsazeni\"><\/a><\/p>\n<\/div>\n<div id=\"cmsmasters_heading_6105a9c140\" class=\"cmsmasters_heading_wrap cmsmasters_heading_align_left\">\n\t<h2 class=\"cmsmasters_heading\">Koordin\u00e1to\u0159i onkologick\u00e9 p\u00e9\u010de<\/h2>\n<\/div>\n<div id=\"cmsmasters_divider_zpp0ewe88n\" class=\"cmsmasters_divider cmsmasters_divider_width_short cmsmasters_divider_pos_left\"><\/div>\n<div class=\"cmsmasters_text personalni-obsazeni\">\n<div class=\"abcfslGridCntr personalni-obsazeni abcfslMLRAuto slv174_t19992_L abcfslGridCntr_19992\"><div class=\"abcfslItemCntrLst abcfslPadBMB30 abcfClrFix\" style=\"padding-bottom: 0;\"><div class=\"abcfslLstCol abcfslLstCol-4 abcfslImgColLst\"><div class=\"abcfslImgCntrLst abcfslMLRPc\"><a href=\"https:\/\/www.nemji.cz\/profil\/fialova\/\" target=\"_blank\" rel=\"noopener\"><img decoding=\"async\"  src=\"\/wp-content\/uploads\/2026\/02\/kovarum.jpg\" class=\"ProfileImage\" alt=\"Kov\u00e1\u0159\u016f Michaela\"  itemprop=\"image\"  \/><\/a><\/div><\/div><div class=\"abcfslLstCol abcfslLstCol-8 abcfslTxtColLst\"><div class=\"abcfslTxtCntrLst  abcfslPadLPc5\" style=\"padding-left: 20px;\"><h4 class=\"abcfslF18_6 MP-F1\"><span class=\"abcfslSpanMP2\">Bc. Michaela <\/span><span class=\"abcfslSpanMP1\">Kov\u00e1\u0159\u016f <\/span><\/h4><h5 class=\"abcfslF14_6 T-F2\">Koordin\u00e1tor onkologick\u00e9 p\u00e9\u010de<\/h5><div class=\"abcfslMT10  abcfslF14 profile-department-link CE-F8\"><p><a href=\"\/oddeleni\/onkologicke-oddeleni\/\">Onkologick\u00e9 odd\u011blen\u00ed,<\/a> Koordin\u00e1to\u0159i onkologick\u00e9 p\u00e9\u010de<\/p>\n<\/div><div class=\"abcfslMT5  abcfslF14 LT-F5\"><span><i class=\"fa-solid fa-envelope\"><\/i>\u00a0&nbsp;<\/span><span class=\"profile-department-link\"><a href=\"mailto:kovarum@nemji.cz\">kovarum@nemji.cz<\/a><\/span><\/div><div class=\"abcfslMT5  abcfslF14 LT-F4\"><span><i class=\"fa-solid fa-phone\"><\/i>\u00a0&nbsp;<\/span><span class=\"profile-department-link\"><a href=\"tel:+420567157377\">+420 567 157 377<\/a><br>\u00a0\u00a0\u00a0\u00a0\u00a0\u00a0<a href=\"tel:+420705\u00a0749\u00a0494\">+420 705\u00a0749\u00a0494<\/a><\/span><\/div><\/div><\/div><\/div><div class=\"abcfslItemCntrLst abcfslPadBMB30 abcfClrFix\" style=\"padding-bottom: 0;\"><div class=\"abcfslLstCol abcfslLstCol-4 abcfslImgColLst\"><div class=\"abcfslImgCntrLst abcfslMLRPc\"><a href=\"https:\/\/www.nemji.cz\/profil\/fialova\/\" target=\"_blank\" rel=\"noopener\"><img decoding=\"async\"  src=\"\/wp-content\/uploads\/2026\/02\/fialovas.jpg\" class=\"ProfileImage\" alt=\"\u0160\u00e1rka Fialov\u00e1\"  itemprop=\"image\"  \/><\/a><\/div><\/div><div class=\"abcfslLstCol abcfslLstCol-8 abcfslTxtColLst\"><div class=\"abcfslTxtCntrLst  abcfslPadLPc5\" style=\"padding-left: 20px;\"><h4 class=\"abcfslF18_6 MP-F1\"><span class=\"abcfslSpanMP2\">Bc. \u0160\u00e1rka <\/span><span class=\"abcfslSpanMP1\">Fialov\u00e1 <\/span><\/h4><h5 class=\"abcfslF14_6 T-F2\">Koordin\u00e1tor onkologick\u00e9 p\u00e9\u010de<\/h5><div class=\"abcfslMT10  abcfslF14 profile-department-link CE-F8\"><p><a href=\"\/oddeleni\/onkologicke-oddeleni\/\">Onkologick\u00e9 odd\u011blen\u00ed,<\/a> Koordin\u00e1to\u0159i onkologick\u00e9 p\u00e9\u010de<\/p>\n<\/div><div class=\"abcfslMT5  abcfslF14 LT-F5\"><span><i class=\"fa-solid fa-envelope\"><\/i>\u00a0&nbsp;<\/span><span class=\"profile-department-link\"><a href=\"mailto:fialovas@nemji.cz\">fialovas@nemji.cz<\/a><\/span><\/div><div class=\"abcfslMT5  abcfslF14 LT-F4\"><span><i class=\"fa-solid fa-phone\"><\/i>\u00a0&nbsp;<\/span><span class=\"profile-department-link\"><a href=\"tel:+420567157377\">+420 567 157 377<\/a><br>\u00a0\u00a0\u00a0\u00a0\u00a0\u00a0<a href=\"tel:+420705\u00a0749\u00a0494\">+420 705\u00a0749\u00a0494<\/a><\/span><\/div><\/div><\/div><\/div><\/div>\n<\/div>\n\n<div id=\"cmsmasters_divider_vkv7lp8b4e\" class=\"cmsmasters_divider cmsmasters_divider_width_long cmsmasters_divider_pos_left\"><\/div>\n<div id=\"cmsmasters_heading_5xxarfwhy\" class=\"cmsmasters_heading_wrap cmsmasters_heading_align_left\">\n\t<h2 class=\"cmsmasters_heading\">Kontaktn\u00ed informace<\/h2>\n<\/div>\n<div id=\"cmsmasters_divider_rusg61vdrs\" class=\"cmsmasters_divider cmsmasters_divider_width_short cmsmasters_divider_pos_left\"><\/div>\n<div class=\"cmsmasters_text\">\n<p><a id=\"kontaktni-informace\"><\/a><\/p>\n<\/div>\n<div id=\"cmsmasters_icon_box_9aja2xqzg\" class=\"cmsmasters_icon_box cmsmasters_icon_box_left box_icon_type_icon cmsmasters-icon-phone sidebar-icons-contact\">\n<div class=\"icon_box_inner\">\n<h6 class=\"icon_box_heading\">Telefon na koordin\u00e1torky - pevn\u00e1 linka<\/h6>\n<div class=\"icon_box_text\">\n<p><a href=\"tel:+420567157377\">+420 567\u00a0157\u00a0377<\/a><\/p>\n<\/div>\n<\/div>\n<\/div>\n<div id=\"cmsmasters_icon_box_579tyof8uc\" class=\"cmsmasters_icon_box cmsmasters_icon_box_left box_icon_type_icon cmsmasters-icon-mobile-1 sidebar-icons-contact\">\n<div class=\"icon_box_inner\">\n<h6 class=\"icon_box_heading\">Mobiln\u00ed telefon na koordin\u00e1torky<\/h6>\n<div class=\"icon_box_text\">\n<p><a href=\"tel:+420705749494\" target=\"_blank\" rel=\"noopener\">+420 705\u00a0749\u00a0494<\/a><\/p>\n<\/div>\n<\/div>\n<\/div>\n<div id=\"cmsmasters_icon_box_dgvd1ssclt\" class=\"cmsmasters_icon_box cmsmasters_icon_box_left box_icon_type_icon cmsmasters-icon-mail-alt sidebar-icons-contact\">\n<div class=\"icon_box_inner\">\n<h6 class=\"icon_box_heading\">E-mail<\/h6>\n<div class=\"icon_box_text\">\n<p><strong><a href=\"mailto:koordinatoronk@nemji.cz\">koordinatoronk@nemji.cz<\/a><\/strong><\/p>\n<\/div>\n<\/div>\n<\/div>\n<div id=\"cmsmasters_divider_myfkhkxxn\" class=\"cl\"><\/div>\n<div class=\"cmsmasters_text\">\n<p><a id=\"kde-nas-najdete\"><\/a><\/p>\n<\/div>\n<div id=\"cmsmasters_heading_lyo3n3lbz\" class=\"cmsmasters_heading_wrap cmsmasters_heading_align_left\">\n\t<h2 class=\"cmsmasters_heading\">Kde n\u00e1s najdete<\/h2>\n<\/div>\n<div id=\"cmsmasters_divider_kpd8femfce\" class=\"cmsmasters_divider cmsmasters_divider_width_medium cmsmasters_divider_pos_left\"><\/div>\n<div id=\"cmsmasters_icon_box_ebylm81288\" class=\"cmsmasters_icon_box cmsmasters_icon_box_left box_icon_type_icon cmsmasters-icon-location sidebar-icons-contact\">\n<div class=\"icon_box_inner\">\n<h6 class=\"icon_box_heading\"> Intern\u00ed pavilon, 4.patro,<\/h6>\n<div class=\"icon_box_text\">\n<p>Onkologick\u00e9 odd\u011blen\u00ed<\/p>\n<\/div>\n<\/div>\n<\/div>\n<div class=\"cmsmasters_text\">\n<p><a href=\"\/wp-content\/uploads\/2023\/10\/onk_plan.png\"><img loading=\"lazy\" decoding=\"async\" class=\"aligncenter wp-image-21988\" src=\"\/wp-content\/uploads\/2023\/10\/onk_plan.png\" alt=\"mapka onkologie\" width=\"400\" height=\"238\" srcset=\"\/wp-content\/uploads\/2023\/10\/onk_plan.png 2374w, \/wp-content\/uploads\/2023\/10\/onk_plan-300x179.png 300w, \/wp-content\/uploads\/2023\/10\/onk_plan-1024x609.png 1024w, \/wp-content\/uploads\/2023\/10\/onk_plan-768x457.png 768w, \/wp-content\/uploads\/2023\/10\/onk_plan-1536x914.png 1536w, \/wp-content\/uploads\/2023\/10\/onk_plan-2048x1219.png 2048w, \/wp-content\/uploads\/2023\/10\/onk_plan-580x345.png 580w, \/wp-content\/uploads\/2023\/10\/onk_plan-860x512.png 860w, \/wp-content\/uploads\/2023\/10\/onk_plan-1160x690.png 1160w\" sizes=\"auto, (max-width: 400px) 100vw, 400px\" \/><\/a><\/p>\n<\/div>\n<div id=\"cmsmasters_divider_rq3dpaefrn\" class=\"cl\"><\/div>\n<\/div><\/div>\n<\/div>\n<\/div>\n<\/div>\n<\/div>\n<\/div>\n<div id=\"cmsmasters_row_p3q31vpf9\" class=\"cmsmasters_row cmsmasters_color_scheme_default cmsmasters_row_top_default cmsmasters_row_bot_default cmsmasters_row_boxed\">\n<div class=\"cmsmasters_row_outer_parent\">\n<div class=\"cmsmasters_row_outer\">\n<div class=\"cmsmasters_row_inner\">\n<div class=\"cmsmasters_row_margin\">\n<div id=\"cmsmasters_column_cydy5g2ufy\" class=\"cmsmasters_column one_first\">\n<div class=\"cmsmasters_column_inner\"><\/div><\/div>\n<\/div>\n<\/div>\n<\/div>\n<\/div>\n<\/div>\n<div id=\"cmsmasters_row_jcajrxx6wj\" class=\"cmsmasters_row cmsmasters_color_scheme_default cmsmasters_row_top_default cmsmasters_row_bot_default cmsmasters_row_boxed\">\n<div class=\"cmsmasters_row_outer_parent\">\n<div class=\"cmsmasters_row_outer\">\n<div class=\"cmsmasters_row_inner\">\n<div class=\"cmsmasters_row_margin\">\n<div id=\"cmsmasters_column_ngowsuj0x\" class=\"cmsmasters_column one_first\">\n<div class=\"cmsmasters_column_inner\"><\/div><\/div>\n<\/div>\n<\/div>\n<\/div>\n<\/div>\n<\/div>\n\n","protected":false},"excerpt":{"rendered":"","protected":false},"author":5,"featured_media":24262,"parent":21973,"menu_order":0,"comment_status":"closed","ping_status":"closed","template":"","meta":{"pgc_sgb_lightbox_settings":"","footnotes":"","_links_to":"","_links_to_target":""},"categories":[85],"class_list":["post-35102","page","type-page","status-publish","has-post-thumbnail","hentry","category-page-oddeleni"],"publishpress_future_action":{"enabled":false,"date":"2026-04-22 01:41:10","action":"change-status","newStatus":"draft","terms":[],"taxonomy":"category","extraData":[]},"publishpress_future_workflow_manual_trigger":{"enabledWorkflows":[]},"_links":{"self":[{"href":"https:\/\/webnemji.azurewebsites.net\/en\/wp-json\/wp\/v2\/pages\/35102","targetHints":{"allow":["GET"]}}],"collection":[{"href":"https:\/\/webnemji.azurewebsites.net\/en\/wp-json\/wp\/v2\/pages"}],"about":[{"href":"https:\/\/webnemji.azurewebsites.net\/en\/wp-json\/wp\/v2\/types\/page"}],"author":[{"embeddable":true,"href":"https:\/\/webnemji.azurewebsites.net\/en\/wp-json\/wp\/v2\/users\/5"}],"replies":[{"embeddable":true,"href":"https:\/\/webnemji.azurewebsites.net\/en\/wp-json\/wp\/v2\/comments?post=35102"}],"version-history":[{"count":8,"href":"https:\/\/webnemji.azurewebsites.net\/en\/wp-json\/wp\/v2\/pages\/35102\/revisions"}],"predecessor-version":[{"id":35691,"href":"https:\/\/webnemji.azurewebsites.net\/en\/wp-json\/wp\/v2\/pages\/35102\/revisions\/35691"}],"up":[{"embeddable":true,"href":"https:\/\/webnemji.azurewebsites.net\/en\/wp-json\/wp\/v2\/pages\/21973"}],"wp:featuredmedia":[{"embeddable":true,"href":"https:\/\/webnemji.azurewebsites.net\/en\/wp-json\/wp\/v2\/media\/24262"}],"wp:attachment":[{"href":"https:\/\/webnemji.azurewebsites.net\/en\/wp-json\/wp\/v2\/media?parent=35102"}],"wp:term":[{"taxonomy":"category","embeddable":true,"href":"https:\/\/webnemji.azurewebsites.net\/en\/wp-json\/wp\/v2\/categories?post=35102"}],"curies":[{"name":"wp","href":"https:\/\/api.w.org\/{rel}","templated":true}]}}