{"id":35562,"date":"2026-03-25T11:21:40","date_gmt":"2026-03-25T10:21:40","guid":{"rendered":"https:\/\/webnemji.azurewebsites.net\/?page_id=35562"},"modified":"2026-03-25T14:30:50","modified_gmt":"2026-03-25T13:30:50","slug":"citlivost_info","status":"publish","type":"page","link":"https:\/\/webnemji.azurewebsites.net\/en\/oddeleni\/ict\/citlivost_info\/","title":{"rendered":"Ozna\u010dov\u00e1n\u00ed citlivosti informac\u00ed"},"content":{"rendered":"<div id=\"cmsmasters_row_6iluctg3hk\" class=\"cmsmasters_row cmsmasters_color_scheme_default cmsmasters_row_top_default cmsmasters_row_bot_default cmsmasters_row_boxed\">\n<div class=\"cmsmasters_row_outer_parent\">\n<div class=\"cmsmasters_row_overlay\"><\/div>\n<div class=\"cmsmasters_row_outer\">\n<div class=\"cmsmasters_row_inner\">\n<div class=\"cmsmasters_row_margin\">\n<div id=\"cmsmasters_column_sybg7he2sg\" class=\"cmsmasters_column one_first\">\n<div class=\"cmsmasters_column_inner\"><div id=\"cmsmasters_heading_b3c74b95a0\" class=\"cmsmasters_heading_wrap cmsmasters_heading_align_center pageheadingtitle\">\n\t<h1 class=\"cmsmasters_heading\">Ozna\u010dov\u00e1n\u00ed citlivosti informac\u00ed<\/h1>\n<\/div>\n<\/div><\/div>\n<\/div>\n<\/div>\n<\/div>\n<\/div>\n<\/div>\n<div id=\"cmsmasters_row_ly5ze1hf8e\" class=\"cmsmasters_row cmsmasters_color_scheme_default cmsmasters_row_top_default cmsmasters_row_bot_default cmsmasters_row_boxed\">\n<div class=\"cmsmasters_row_outer_parent\">\n<div class=\"cmsmasters_row_outer\">\n<div class=\"cmsmasters_row_inner\">\n<div class=\"cmsmasters_row_margin\">\n<div id=\"cmsmasters_column_v67ee6nvg7\" class=\"cmsmasters_column one_first\">\n<div class=\"cmsmasters_column_inner\"><div class=\"cmsmasters_text\">\n<p><nav aria-label=\"breadcrumbs\">\n            <div class=\"breadcrumb-container theme1\">\n                <ol>\n                                    <\/ol>\n            <\/div>\n        <\/nav>    <script type=\"application\/ld+json\">\n        {\n            \"@context\": \"http:\/\/schema.org\",\n            \"@type\": \"BreadcrumbList\",\n            \"itemListElement\": [\n                            ]\n        }\n    <\/script>\n   \n    <script>\n            <\/script>\n<\/p>\n<\/div>\n<\/div><\/div>\n<\/div>\n<\/div>\n<\/div>\n<\/div>\n<\/div>\n<div id=\"cmsmasters_row_3f2f8816dd\" class=\"cmsmasters_row cmsmasters_color_scheme_default cmsmasters_row_top_default cmsmasters_row_bot_default cmsmasters_row_boxed\">\n<div class=\"cmsmasters_row_outer_parent\">\n<div class=\"cmsmasters_row_outer\">\n<div class=\"cmsmasters_row_inner\">\n<div class=\"cmsmasters_row_margin\">\n<div id=\"cmsmasters_column_0a1c5940f5\" class=\"cmsmasters_column one_third stickyinfocolumn\">\n<div class=\"cmsmasters_column_inner\"><div id=\"cmsmasters_heading_rva6m2t32d\" class=\"cmsmasters_heading_wrap cmsmasters_heading_align_center\">\n\t<h3 class=\"cmsmasters_heading\">Informace o odd\u011blen\u00ed<\/h3>\n<\/div>\n<div id=\"cmsmasters_divider_dpp34mcdj5\" class=\"cmsmasters_divider cmsmasters_divider_width_short cmsmasters_divider_pos_center\"><\/div>\n<div class=\"cmsmasters_sidebar sidebar_layout_11 sidebar-custom-menu\"><aside id=\"nav_menu-64\" class=\"widget widget_nav_menu\"><div class=\"menu-ict-container\"><ul id=\"menu-ict\" class=\"menu\"><li id=\"menu-item-29413\" class=\"menu-item menu-item-type-custom menu-item-object-custom menu-item-29413\"><a href=\"\/oddeleni\/ict\/#popis-oddeleni\" data-ps2id-api=\"true\"><i class=\"fa-solid fa-info\"><\/i> Popis odd\u011blen\u00ed<\/a><\/li>\n<li id=\"menu-item-29414\" class=\"static-link menu-item menu-item-type-custom menu-item-object-custom menu-item-29414\"><a href=\"\/kontakty\/usek-ict\/\" data-ps2id-api=\"true\"><i class=\"fa-solid fa-user-doctor\"><\/i> Person\u00e1ln\u00ed obsazen\u00ed<\/a><\/li>\n<li id=\"menu-item-29415\" class=\"menu-item menu-item-type-custom menu-item-object-custom menu-item-29415\"><a href=\"\/oddeleni\/ICT\/#oteviraci-hodiny\" data-ps2id-api=\"true\"><i class=\"fa-regular fa-clock\"><\/i> Pracovn\u00ed doba<\/a><\/li>\n<li id=\"menu-item-29466\" class=\"menu-item menu-item-type-custom menu-item-object-custom menu-item-29466\"><a href=\"\/oddeleni\/ICT\/#napsali\" data-ps2id-api=\"true\"><i class=\"fa-regular fa-newspaper\"><\/i>Napsali o n\u00e1s<\/a><\/li>\n<li id=\"menu-item-29417\" class=\"menu-item menu-item-type-custom menu-item-object-custom menu-item-29417\"><a href=\"\/oddeleni\/ICT\/#kde-nas-najdete\" data-ps2id-api=\"true\"><i class=\"fa-solid fa-location-dot\"><\/i> Kde n\u00e1s najdete<\/a><\/li>\n<li id=\"menu-item-29418\" class=\"menu-item menu-item-type-custom menu-item-object-custom menu-item-29418\"><a href=\"\/oddeleni\/ICT\/#fotogalerie\" data-ps2id-api=\"true\"><i class=\"fa-solid fa-camera\"><\/i> Fotogalerie<\/a><\/li>\n<li id=\"menu-item-29517\" class=\"menu-custom-separator menu-item menu-item-type-custom menu-item-object-custom menu-item-29517\"><hr class=\"mhm-menu-separator\"><\/li>\n<li id=\"menu-item-32404\" class=\"static-link menu-item menu-item-type-custom menu-item-object-custom menu-item-32404\"><a href=\"\/oddeleni\/ict\/pkict\/\" data-ps2id-api=\"true\"><i class=\"fa-solid fa-file-shield\"><\/i>P\u0159\u00edru\u010dka kvality ICT<\/a><\/li>\n<li id=\"menu-item-35564\" class=\"menu-item menu-item-type-custom menu-item-object-custom menu-item-35564\"><a href=\"\/oddeleni\/ict\/citlivost_info\/\" data-ps2id-api=\"true\"><i class=\"fa-solid fa-tag\"><\/i>Ozna\u010dov\u00e1n\u00ed citlivosti informac\u00ed<\/a><\/li>\n<li id=\"menu-item-35565\" class=\"menu-item menu-item-type-custom menu-item-object-custom menu-item-35565\"><a href=\"\/o-nemocnici\/kyberbezpecnost\/\" data-ps2id-api=\"true\"><i class=\"fa-solid fa-shield-halved\"><\/i> Kyberbezpe\u010dnost<\/a><\/li>\n<li id=\"menu-item-30736\" class=\"static-link menu-item menu-item-type-custom menu-item-object-custom menu-item-30736\"><a href=\"\/oddeleni\/ict\/wifi\/\" data-ps2id-api=\"true\"><i class=\"fa-solid fa-wifi\"><\/i>WiFi p\u0159ipojen\u00ed<\/a><\/li>\n<li id=\"menu-item-29561\" class=\"static-link menu-item menu-item-type-custom menu-item-object-custom menu-item-29561\"><a href=\"\/oddeleni\/ict\/historie-ict\/\" data-ps2id-api=\"true\"><i class=\"fa-solid fa-computer\"><\/i>Historie ICT<\/a><\/li>\n<li id=\"menu-item-29578\" class=\"static-link menu-item menu-item-type-custom menu-item-object-custom menu-item-29578\"><a href=\"\/kariera\/volne-pracovni-pozice\/#hfaq-post-29288\" data-ps2id-api=\"true\"><i class=\"fa-solid fa-id-card-clip\"><\/i>Pracovn\u00ed p\u0159\u00edle\u017eitosti<\/a><\/li>\n<li id=\"menu-item-29470\" class=\"menu-item menu-item-type-custom menu-item-object-custom menu-item-29470\"><a href=\"http:\/\/get.teamviewer.com\/bntmts4\" data-ps2id-api=\"true\"><i class=\"fa-solid fa-headset\"><\/i>Podpora ICT (TeamViewer)<\/a><\/li>\n<\/ul><\/div><\/aside><div class=\"cl\"><\/div>\n<\/div>\n<\/div><\/div>\n<div id=\"cmsmasters_column_k7vlyuz4yq\" class=\"cmsmasters_column two_third\">\n<div class=\"cmsmasters_column_inner\"><div class=\"cmsmasters_text scroll-location\">\n<p><a id=\"popis-oddeleni\"><\/a><\/p>\n<\/div>\n<div id=\"cmsmasters_heading_0cx4mcjjyd\" class=\"cmsmasters_heading_wrap cmsmasters_heading_align_left\">\n\t<h2 class=\"cmsmasters_heading\">Ozna\u010dov\u00e1n\u00ed citlivosti informac\u00ed<\/h2>\n<\/div>\n<div id=\"cmsmasters_divider_kul4awri6m\" class=\"cmsmasters_divider cmsmasters_divider_width_short cmsmasters_divider_pos_left\"><\/div>\n<div class=\"cmsmasters_text\">\n<p><a href=\"\/wp-content\/uploads\/2026\/03\/semaf.jpg\"><img loading=\"lazy\" decoding=\"async\" class=\"aligncenter wp-image-35569\" src=\"\/wp-content\/uploads\/2026\/03\/semaf.jpg\" alt=\"Barevna interpretace\" width=\"700\" height=\"394\" srcset=\"\/wp-content\/uploads\/2026\/03\/semaf.jpg 1908w, \/wp-content\/uploads\/2026\/03\/semaf-300x169.jpg 300w, \/wp-content\/uploads\/2026\/03\/semaf-1024x576.jpg 1024w, \/wp-content\/uploads\/2026\/03\/semaf-768x432.jpg 768w, \/wp-content\/uploads\/2026\/03\/semaf-1536x865.jpg 1536w, \/wp-content\/uploads\/2026\/03\/semaf-18x10.jpg 18w, \/wp-content\/uploads\/2026\/03\/semaf-580x326.jpg 580w, \/wp-content\/uploads\/2026\/03\/semaf-860x484.jpg 860w, \/wp-content\/uploads\/2026\/03\/semaf-1160x653.jpg 1160w\" sizes=\"auto, (max-width: 700px) 100vw, 700px\" \/><\/a><\/p>\n<p style=\"text-align: center;\"><div class=\"ntb_table_wrapper ninja_table_builder_instance_0\"\n     id='ninja_table_builder_32639'\n     data-ninja_table_builder_instance=\"ninja_table_builder_instance_0\"\n     style=\"\n     max-height:800px;\n     max-width: 894px;margin-left: auto; margin-right: auto;\">\n    <table id=\"ntb_table\" role=\"table\" class=\"table ninja_tables_builder_class_32639 ntb_32639\" style=\"margin: 0px auto; table-layout: fixed; border-collapse: collapse; border: 0px solid rgb(227, 227, 227); font-family: inherit; border-spacing: 0px;\"><tbody class=\"tbody\"><tr class=\"desktop-view tr_class_7530809\" id=\"tr_id_7530809\" data-draggable=\"true\" draggable=\"false\" style=\"height: 57px; background: rgb(0, 60, 86);\"><td id=\"td_id_13858067\" class=\"td_class_13858067 table-data\" rowspan=\"1\" colspan=\"1\" style=\"padding: 10px; max-width: 100px; min-width: 100px;\" cellindex=\"1\"><div id=\"cell_13858067\"><div class=\"single-item other-item\" data-draggable=\"true\"><div class=\"ntb-datas-wrapper\" style=\"margin: 1px;\"><span data-v-bd450b80=\"\" data-placeholder=\"Add New\" class=\"hover-item mce-content-body\" style=\"padding: 0px; font-weight: bold; font-style: normal; text-decoration: none; font-size: 15px; display: block; text-align: center; color: rgb(255, 255, 255); opacity: 1; line-height: 1.2; position: relative;\" id=\"mce_361\" spellcheck=\"false\">N\u00e1zev<\/span><\/div><\/div><\/div><\/td><td id=\"td_id_76270460\" class=\"td_class_76270460 table-data\" rowspan=\"1\" colspan=\"1\" style=\"padding: 10px; max-width: 120px; min-width: 120px;\" cellindex=\"2\"><div id=\"cell_76270460\"><div class=\"single-item other-item\" data-draggable=\"true\"><div class=\"ntb-datas-wrapper\" style=\"margin: 1px;\"><span data-v-bd450b80=\"\" data-placeholder=\"Add New\" class=\"hover-item mce-content-body\" style=\"padding: 0px; font-weight: bold; font-style: normal; text-decoration: none; font-size: 15px; display: block; text-align: center; color: rgb(255, 255, 255); opacity: 1; line-height: 1.2; position: relative;\" id=\"mce_362\" spellcheck=\"false\">Kategorie dat<\/span><\/div><\/div><\/div><\/td><td id=\"td_id_74448029\" class=\"td_class_74448029 table-data\" rowspan=\"1\" colspan=\"1\" style=\"padding: 10px; max-width: 600px; min-width: 600px;\" cellindex=\"3\"><div id=\"cell_74448029\"><div class=\"single-item other-item\" data-draggable=\"true\" draggable=\"false\"><div class=\"ntb-datas-wrapper\" style=\"margin: 1px;\"><span data-v-bd450b80=\"\" data-placeholder=\"Add New\" class=\"hover-item mce-content-body\" style=\"padding: 0px; font-weight: bold; font-style: normal; text-decoration: none; font-size: 15px; display: block; text-align: center; color: rgb(255, 255, 255); opacity: 1; line-height: 1.2; position: relative;\" id=\"mce_363\" spellcheck=\"false\">Popis<\/span><\/div><\/div><\/div><\/td><\/tr><tr class=\"desktop-view tr_class_4304106\" id=\"tr_id_4304106\" data-draggable=\"true\" style=\"background: rgb(255, 255, 255);\"><td id=\"td_id_96420662\" class=\"td_class_96420662 table-data\" rowspan=\"1\" colspan=\"1\" style=\"padding: 10px; max-width: 100px; min-width: 100px; border: 1px solid rgb(227, 227, 227);\" cellindex=\"4\"><div id=\"cell_96420662\"><div class=\"single-item other-item\" data-draggable=\"true\"><div class=\"ntb-datas-wrapper\" style=\"margin: 1px;\"><span data-v-bd450b80=\"\" data-placeholder=\"Add New\" class=\"hover-item mce-content-body\" style=\"padding: 2px 0px; font-weight: normal; font-style: normal; text-decoration: none; font-size: 15px; display: block; text-align: center; color: rgb(0, 0, 1); opacity: 1; line-height: 1.2; position: relative;\" id=\"mce_364\" spellcheck=\"false\"><strong>B\u00edl\u00e1<\/strong><\/span><\/div><\/div><\/div><\/td><td id=\"td_id_19091012\" class=\"td_class_19091012 table-data\" rowspan=\"1\" colspan=\"1\" style=\"padding: 10px; max-width: 120px; min-width: 120px; border: 1px solid rgb(227, 227, 227);\" cellindex=\"5\"><div id=\"cell_19091012\"><div class=\"single-item other-item\" data-draggable=\"true\"><div class=\"ntb-datas-wrapper\" style=\"margin: 1px;\"><span data-v-bd450b80=\"\" data-placeholder=\"Add New\" class=\"hover-item mce-content-body\" style=\"padding: 2px 0px; font-weight: normal; font-style: normal; text-decoration: none; font-size: 15px; display: block; text-align: center; color: rgb(0, 0, 1); opacity: 1; line-height: 1.2; position: relative;\" id=\"mce_365\" spellcheck=\"false\"><strong>Ve\u0159ejn\u00e9 informace<\/strong>, Public<\/span><\/div><\/div><\/div><\/td><td id=\"td_id_24002162\" class=\"td_class_24002162 table-data\" rowspan=\"1\" colspan=\"1\" style=\"padding: 10px; max-width: 600px; min-width: 600px; border: 1px solid rgb(227, 227, 227);\" cellindex=\"6\"><div id=\"cell_24002162\"><div class=\"single-item other-item\" data-draggable=\"true\"><div class=\"ntb-datas-wrapper\" style=\"margin: 1px;\"><span data-v-bd450b80=\"\" data-placeholder=\"Add New\" class=\"hover-item mce-content-body\" style=\"padding: 2px 0px; font-weight: normal; font-style: normal; text-decoration: none; font-size: 15px; display: block; text-align: left; color: rgb(0, 0, 1); opacity: 1; line-height: 1.2; position: relative;\" id=\"mce_366\" spellcheck=\"false\">Ofici\u00e1ln\u00ed informace, neklasifikovan\u00e1 informace. Informace zp\u0159\u00edstupniteln\u00e1 komukoliv bez jak\u00fdchkoliv omezen\u00ed, nap\u0159. ve\u0159ejn\u011b vystaven\u00e9 na internetu. Jejich zve\u0159ejn\u011bn\u00ed nep\u0159edstavuje \u017e\u00e1dn\u00e9 ohro\u017een\u00ed pro NEMJI nebo jin\u00e9 instituce \u010di osoby.<\/span><\/div><\/div><\/div><\/td><\/tr><tr class=\"desktop-view tr_class_6711011\" id=\"tr_id_6711011\" data-draggable=\"true\" style=\"background: rgb(245, 245, 245);\"><td id=\"td_id_97248821\" class=\"td_class_97248821 table-data\" rowspan=\"1\" colspan=\"1\" style=\"padding: 10px; max-width: 100px; min-width: 100px; background-color: rgb(64, 162, 29); border: 1px solid rgb(227, 227, 227);\" cellindex=\"7\"><div id=\"cell_97248821\"><div class=\"single-item other-item\" data-draggable=\"true\"><div class=\"ntb-datas-wrapper\" style=\"margin: 1px;\"><span data-v-bd450b80=\"\" data-placeholder=\"Add New\" class=\"hover-item mce-content-body\" style=\"padding: 2px 0px; font-weight: normal; font-style: normal; text-decoration: none; font-size: 15px; display: block; text-align: center; color: rgb(0, 0, 1); opacity: 1; line-height: 1.2; position: relative;\" id=\"mce_367\" spellcheck=\"false\"><strong style=\"padding: 50% 0;\" data-mce-style=\"padding: 50% 0;\">Zelen\u00e1<\/strong><\/span><\/div><\/div><\/div><\/td><td id=\"td_id_91711117\" class=\"td_class_91711117 table-data\" rowspan=\"1\" colspan=\"1\" style=\"padding: 10px; max-width: 120px; min-width: 120px; background-color: rgb(64, 162, 29); border: 1px solid rgb(227, 227, 227);\" cellindex=\"8\"><div id=\"cell_91711117\"><div class=\"single-item other-item\" data-draggable=\"true\"><div class=\"ntb-datas-wrapper\" style=\"margin: 1px;\"><span data-v-bd450b80=\"\" data-placeholder=\"Add New\" class=\"hover-item mce-content-body\" style=\"padding: 2px 0px; font-weight: normal; font-style: normal; text-decoration: none; font-size: 15px; display: block; text-align: center; color: rgb(0, 0, 1); opacity: 1; line-height: 1.2; position: relative;\" id=\"mce_368\" spellcheck=\"false\"><strong>Intern\u00ed informace, <\/strong><em>Internal<\/em><\/span><\/div><\/div><\/div><\/td><td id=\"td_id_19991991\" class=\"td_class_19991991 table-data\" rowspan=\"1\" colspan=\"1\" style=\"padding: 10px; max-width: 600px; min-width: 600px; border: 1px solid rgb(227, 227, 227);\" cellindex=\"9\"><div id=\"cell_19991991\"><div class=\"single-item other-item\" data-draggable=\"true\"><div class=\"ntb-datas-wrapper\" style=\"margin: 1px;\"><span data-v-bd450b80=\"\" data-placeholder=\"Add New\" class=\"hover-item mce-content-body\" style=\"padding: 2px 0px; font-weight: normal; font-style: normal; text-decoration: none; font-size: 15px; display: block; text-align: left; color: rgb(0, 0, 1); opacity: 1; line-height: 1.2; position: relative;\" id=\"mce_369\" spellcheck=\"false\">Informace s omezenou publikac\u00ed. Informace ur\u010den\u00e9 jen pro vnit\u0159n\u00ed pot\u0159ebu Nemocnice Jihlava, p\u0159\u00edsp\u011bvkov\u00e1 organizace, obecn\u011b definovan\u00e9 skupiny osob (nap\u0159. spolupracovn\u00edci projektu, pracovn\u00edci instituce apod.). Nevy\u017eaduj\u00ed v\u0161ak zvl\u00e1\u0161tn\u00ed regulaci nebo ochranu (ze z\u00e1kona, dle smlouvy apod.). Zp\u0159\u00edstupn\u011bn\u00ed mimo danou skupinu nezp\u016fsob\u00ed p\u0159\u00edmou \u0161kodu (finan\u010dn\u00ed, mor\u00e1ln\u00ed, pr\u00e1vn\u00ed apod.)<\/span><\/div><\/div><\/div><\/td><\/tr><tr class=\"desktop-view tr_class_7557643\" id=\"tr_id_7557643\" data-draggable=\"true\" style=\"background: rgb(255, 255, 255);\"><td id=\"td_id_73579770\" class=\"td_class_73579770 table-data\" rowspan=\"1\" colspan=\"1\" style=\"padding: 10px; max-width: 100px; min-width: 100px; background-color: rgb(208, 127, 29); border: 1px solid rgb(227, 227, 227);\" cellindex=\"10\"><div id=\"cell_73579770\"><div class=\"single-item other-item\" data-draggable=\"true\"><div class=\"ntb-datas-wrapper\" style=\"margin: 1px;\"><span data-v-bd450b80=\"\" data-placeholder=\"Add New\" class=\"hover-item mce-content-body\" style=\"padding: 2px 0px; font-weight: normal; font-style: normal; text-decoration: none; font-size: 15px; display: block; text-align: center; color: rgb(0, 0, 1); opacity: 1; line-height: 1.2; position: relative;\" id=\"mce_370\" spellcheck=\"false\"><strong>Oran\u017eov\u00e1<\/strong><\/span><\/div><\/div><\/div><\/td><td id=\"td_id_74595579\" class=\"td_class_74595579 table-data\" rowspan=\"1\" colspan=\"1\" style=\"padding: 10px; max-width: 120px; min-width: 120px; background-color: rgb(208, 127, 29); border: 1px solid rgb(227, 227, 227);\" cellindex=\"11\"><div id=\"cell_74595579\"><div class=\"single-item other-item\" data-draggable=\"true\" draggable=\"false\"><div class=\"ntb-datas-wrapper\" style=\"margin: 1px;\"><span data-v-bd450b80=\"\" data-placeholder=\"Add New\" class=\"hover-item mce-content-body\" style=\"padding: 2px 0px; font-weight: normal; font-style: normal; text-decoration: none; font-size: 15px; display: block; text-align: center; color: rgb(0, 0, 1); opacity: 1; line-height: 1.2; position: relative;\" id=\"mce_371\" spellcheck=\"false\"><strong>Chr\u00e1n\u011bn\u00e9 informace, <\/strong><em>Protected<\/em><\/span><\/div><\/div><\/div><\/td><td id=\"td_id_01769717\" class=\"td_class_01769717 table-data\" rowspan=\"1\" colspan=\"1\" style=\"padding: 10px; max-width: 600px; min-width: 600px; border: 1px solid rgb(227, 227, 227);\" cellindex=\"12\"><div id=\"cell_01769717\"><div class=\"single-item other-item\" data-draggable=\"true\"><div class=\"ntb-datas-wrapper\" style=\"margin: 1px;\"><span data-v-bd450b80=\"\" data-placeholder=\"Add New\" class=\"hover-item mce-content-body\" style=\"padding: 2px 0px; font-weight: normal; font-style: normal; text-decoration: none; font-size: 15px; display: block; text-align: left; color: rgb(0, 0, 1); opacity: 1; line-height: 1.2; position: relative;\" id=\"mce_372\" spellcheck=\"false\">Informace ur\u010den\u00e9 v\u00fdhradn\u011b pro vnit\u0159n\u00ed pot\u0159ebu p\u0159esn\u011b definovan\u00e9 skupiny osob (nap\u0159. zam\u011bstnanec \/ st\u00e1tn\u00ed zam\u011bstnanec a jeho p\u0159\u00edm\u00fd nad\u0159\u00edzen\u00fd, zam\u011bstnanec \/ st\u00e1tn\u00ed zam\u011bstnanec HR odd\u011blen\u00ed a uchaze\u010d o zam\u011bstn\u00e1n\u00ed, datov\u00fd spr\u00e1vce, datov\u00fd analytik, skupina spr\u00e1vc\u016f IT syst\u00e9mu s administr\u00e1torsk\u00fdmi pr\u00e1vy k n\u011bmu). Vy\u017eaduj\u00ed ze sv\u00e9 povahy regulaci nebo ochranu, typicky jsou data chr\u00e1n\u011bn\u00e1 ze z\u00e1kona nebo na z\u00e1klad\u011b n\u011bjak\u00e9 smlouvy \/ licence (jedn\u00e1 se nap\u0159. o osobn\u00ed \u00fadaje osob, data spadaj\u00edc\u00ed pod obchodn\u00ed tajemstv\u00ed apod.). Zp\u0159\u00edstupn\u011bn\u00ed mimo danou skupinu osob velmi pravd\u011bpodobn\u011b zp\u016fsob\u00ed \u0161kodu (finan\u010dn\u00ed, mor\u00e1ln\u00ed apod.).<\/span><\/div><\/div><\/div><\/td><\/tr><tr class=\"desktop-view tr_class_7121076\" id=\"tr_id_7121076\" data-draggable=\"true\" style=\"background: rgb(245, 245, 245);\"><td id=\"td_id_05166257\" class=\"td_class_05166257 table-data\" rowspan=\"1\" colspan=\"1\" style=\"padding: 10px; max-width: 100px; min-width: 100px; background-color: rgb(233, 9, 9); border: 1px solid rgb(227, 227, 227);\" cellindex=\"13\"><div id=\"cell_05166257\"><div class=\"single-item other-item\" data-draggable=\"true\"><div class=\"ntb-datas-wrapper\" style=\"margin: 1px;\"><span data-v-bd450b80=\"\" data-placeholder=\"Add New\" class=\"hover-item mce-content-body\" style=\"padding: 2px 0px; font-weight: normal; font-style: normal; text-decoration: none; font-size: 15px; display: block; text-align: center; color: rgb(255, 255, 255); opacity: 1; line-height: 1.2; position: relative;\" id=\"mce_373\" spellcheck=\"false\"><strong>\u010cerven\u00e1<\/strong><\/span><\/div><\/div><\/div><\/td><td id=\"td_id_70474107\" class=\"td_class_70474107 table-data\" rowspan=\"1\" colspan=\"1\" style=\"padding: 10px; max-width: 120px; min-width: 120px; background-color: rgb(233, 9, 9); border: 1px solid rgb(227, 227, 227);\" cellindex=\"14\"><div id=\"cell_70474107\"><div class=\"single-item item-active other-item\" data-draggable=\"true\"><div class=\"ntb-datas-wrapper\" style=\"margin: 1px;\"><span data-v-bd450b80=\"\" data-placeholder=\"Add New\" class=\"hover-item mce-content-body mce-edit-focus\" style=\"padding: 2px 0px; font-weight: normal; font-style: normal; text-decoration: none; font-size: 15px; display: block; text-align: center; color: rgb(255, 255, 255); opacity: 1; line-height: 1.2; position: relative;\" id=\"mce_374\" spellcheck=\"false\"><strong>Citliv\u00e9 informace s&nbsp;omezen\u00fdm p\u0159\u00edstupem,&nbsp;<\/strong><br><em>Sensitive<\/em><\/span><\/div><\/div><\/div><\/td><td id=\"td_id_57675155\" class=\"td_class_57675155 table-data\" rowspan=\"1\" colspan=\"1\" style=\"padding: 10px; max-width: 600px; min-width: 600px; border: 1px solid rgb(227, 227, 227);\" cellindex=\"15\"><div id=\"cell_57675155\"><div class=\"single-item other-item\" data-draggable=\"true\"><div class=\"ntb-datas-wrapper\" style=\"margin: 1px;\"><span data-v-bd450b80=\"\" data-placeholder=\"Add New\" class=\"hover-item mce-content-body\" style=\"padding: 2px 0px; font-weight: normal; font-style: normal; text-decoration: none; font-size: 15px; display: block; text-align: left; color: rgb(0, 0, 1); opacity: 1; line-height: 1.2; position: relative;\" id=\"mce_375\" spellcheck=\"false\">Informace ur\u010den\u00e9 v\u00fdhradn\u011b jen pro vnit\u0159n\u00ed pot\u0159ebu p\u0159esn\u011b definovan\u00e9 skupiny osob (nap\u0159. zdravotn\u00edk a jeho pacient, \u0159e\u0161itel\u00e9 projektu pracuj\u00edc\u00ed s daty podl\u00e9haj\u00edc\u00edmi obchodn\u00edmu \u010di podobn\u00e9mu tajemstv\u00ed apod.). Vy\u017eaduj\u00ed ze sv\u00e9 povahy zvl\u00e1\u0161tn\u00ed regulaci nebo obzvl\u00e1\u0161tn\u00ed ochranu, typicky jsou data p\u0159\u00edsn\u011b chr\u00e1n\u011bn\u00e1 ze z\u00e1kona nebo na z\u00e1klad\u011b smlouvy \/ licence (jedn\u00e1 se nap\u0159. o velmi cenn\u00e1 data spadaj\u00edc\u00ed pod obchodn\u00ed tajemstv\u00ed, citliv\u00e9 osobn\u00ed \u00fadaje apod.). Zp\u0159\u00edstupn\u011bn\u00ed mimo danou skupinu opr\u00e1vn\u011bn\u00fdch osob velmi pravd\u011bpodobn\u011b zp\u016fsob\u00ed \u0161kodu (finan\u010dn\u00ed, mor\u00e1ln\u00ed apod.) velk\u00e9ho rozsahu (\u00a7 138 trestn\u00edho z\u00e1kon\u00edku) se z\u00e1va\u017en\u00fdmi \/ nevratn\u00fdmi n\u00e1sledky. <\/span><\/div><\/div><\/div><\/td><\/tr><\/tbody><\/table><\/div>\n<\/div>\n\n<div id=\"cmsmasters_divider_hgdnxm8b9\" class=\"cl\"><\/div>\n<\/div><\/div>\n<\/div>\n<\/div>\n<\/div>\n<\/div>\n<\/div>\n<div id=\"cmsmasters_row_4kb0apw7ag\" class=\"cmsmasters_row cmsmasters_color_scheme_default cmsmasters_row_top_default cmsmasters_row_bot_default cmsmasters_row_boxed\">\n<div class=\"cmsmasters_row_outer_parent\">\n<div class=\"cmsmasters_row_outer\">\n<div class=\"cmsmasters_row_inner\">\n<div class=\"cmsmasters_row_margin\">\n<div id=\"cmsmasters_column_nwwitfqy0a\" class=\"cmsmasters_column one_first\">\n<div class=\"cmsmasters_column_inner\"><\/div><\/div>\n<\/div>\n<\/div>\n<\/div>\n<\/div>\n<\/div>\n\n","protected":false},"excerpt":{"rendered":"","protected":false},"author":5,"featured_media":29548,"parent":29423,"menu_order":0,"comment_status":"closed","ping_status":"closed","template":"","meta":{"pgc_sgb_lightbox_settings":"","footnotes":"","_links_to":"","_links_to_target":""},"categories":[85],"class_list":["post-35562","page","type-page","status-publish","has-post-thumbnail","hentry","category-page-oddeleni"],"publishpress_future_action":{"enabled":false,"date":"2026-04-23 20:28:54","action":"change-status","newStatus":"draft","terms":[],"taxonomy":"category","extraData":[]},"publishpress_future_workflow_manual_trigger":{"enabledWorkflows":[]},"_links":{"self":[{"href":"https:\/\/webnemji.azurewebsites.net\/en\/wp-json\/wp\/v2\/pages\/35562","targetHints":{"allow":["GET"]}}],"collection":[{"href":"https:\/\/webnemji.azurewebsites.net\/en\/wp-json\/wp\/v2\/pages"}],"about":[{"href":"https:\/\/webnemji.azurewebsites.net\/en\/wp-json\/wp\/v2\/types\/page"}],"author":[{"embeddable":true,"href":"https:\/\/webnemji.azurewebsites.net\/en\/wp-json\/wp\/v2\/users\/5"}],"replies":[{"embeddable":true,"href":"https:\/\/webnemji.azurewebsites.net\/en\/wp-json\/wp\/v2\/comments?post=35562"}],"version-history":[{"count":0,"href":"https:\/\/webnemji.azurewebsites.net\/en\/wp-json\/wp\/v2\/pages\/35562\/revisions"}],"up":[{"embeddable":true,"href":"https:\/\/webnemji.azurewebsites.net\/en\/wp-json\/wp\/v2\/pages\/29423"}],"wp:featuredmedia":[{"embeddable":true,"href":"https:\/\/webnemji.azurewebsites.net\/en\/wp-json\/wp\/v2\/media\/29548"}],"wp:attachment":[{"href":"https:\/\/webnemji.azurewebsites.net\/en\/wp-json\/wp\/v2\/media?parent=35562"}],"wp:term":[{"taxonomy":"category","embeddable":true,"href":"https:\/\/webnemji.azurewebsites.net\/en\/wp-json\/wp\/v2\/categories?post=35562"}],"curies":[{"name":"wp","href":"https:\/\/api.w.org\/{rel}","templated":true}]}}