{"id":35604,"date":"2026-04-01T10:26:48","date_gmt":"2026-04-01T08:26:48","guid":{"rendered":"https:\/\/webnemji.azurewebsites.net\/?page_id=35604"},"modified":"2026-04-01T10:30:53","modified_gmt":"2026-04-01T08:30:53","slug":"pacientska-rada","status":"publish","type":"page","link":"https:\/\/webnemji.azurewebsites.net\/en\/oddeleni\/onkologicke-oddeleni\/pacientska-rada\/","title":{"rendered":"Pacientsk\u00e1 rada"},"content":{"rendered":"<div id=\"cmsmasters_row_ksciwp6ujf\" class=\"cmsmasters_row cmsmasters_color_scheme_default heroblocks cmsmasters_row_top_default cmsmasters_row_bot_default cmsmasters_row_boxed\">\n<div id=\"heroboxes\" class=\"cmsmasters_row_outer_parent\">\n<div class=\"cmsmasters_row_overlay\"><\/div>\n<div class=\"cmsmasters_row_outer\">\n<div class=\"cmsmasters_row_inner\">\n<div class=\"cmsmasters_row_margin\">\n<div id=\"cmsmasters_column_bxgnwqgwt\" class=\"cmsmasters_column one_first\">\n<div class=\"cmsmasters_column_inner\"><div id=\"cmsmasters_heading_mkdgjovddq\" class=\"cmsmasters_heading_wrap cmsmasters_heading_align_center pageheadingtitle\" data-animation=\"fadeIn\" data-delay=\"100\">\n\t<h1 class=\"cmsmasters_heading\">Pacientsk\u00e1 rada<\/h1>\n<\/div><div id=\"cmsmasters_heading_gb7vg9rtje\" class=\"cmsmasters_heading_wrap cmsmasters_heading_align_center\" data-animation=\"fadeIn\" data-delay=\"150\">\n\t<h3 class=\"cmsmasters_heading\">Nemocnice Jihlava, p\u0159\u00edsp\u011bvkov\u00e1 organizace<\/h3>\n<\/div>\n<\/div><\/div>\n<\/div>\n<\/div>\n<\/div>\n<\/div>\n<\/div>\n<div id=\"cmsmasters_row_bj7zxjapxj\" class=\"cmsmasters_row cmsmasters_color_scheme_default cmsmasters_row_top_default cmsmasters_row_bot_default cmsmasters_row_boxed\">\n<div class=\"cmsmasters_row_outer_parent\">\n<div class=\"cmsmasters_row_outer\">\n<div class=\"cmsmasters_row_inner\">\n<div class=\"cmsmasters_row_margin\">\n<div id=\"cmsmasters_column_22eksm2374\" class=\"cmsmasters_column one_first\">\n<div class=\"cmsmasters_column_inner\"><div class=\"cmsmasters_text\">\n<p><nav aria-label=\"breadcrumbs\">\n            <div class=\"breadcrumb-container theme1\">\n                <ol>\n                                    <\/ol>\n            <\/div>\n        <\/nav>    <script type=\"application\/ld+json\">\n        {\n            \"@context\": \"http:\/\/schema.org\",\n            \"@type\": \"BreadcrumbList\",\n            \"itemListElement\": [\n                            ]\n        }\n    <\/script>\n   \n    <script>\n            <\/script>\n<\/p>\n<\/div>\n<\/div><\/div>\n<\/div>\n<\/div>\n<\/div>\n<\/div>\n<\/div>\n<div id=\"cmsmasters_row_5gr16na4ms\" class=\"cmsmasters_row cmsmasters_color_scheme_default cmsmasters_row_top_default cmsmasters_row_bot_default cmsmasters_row_boxed\">\n<div class=\"cmsmasters_row_outer_parent\">\n<div class=\"cmsmasters_row_outer\">\n<div class=\"cmsmasters_row_inner\">\n<div class=\"cmsmasters_row_margin\">\n<div id=\"cmsmasters_column_xonfjk045g\" class=\"cmsmasters_column one_third stickyinfocolumn\">\n<div class=\"cmsmasters_column_inner\"><div id=\"cmsmasters_heading_luukg1lxw\" class=\"cmsmasters_heading_wrap cmsmasters_heading_align_center\">\n\t<h3 class=\"cmsmasters_heading\">Pacientsk\u00e1 rada<\/h3>\n<\/div>\n<div id=\"cmsmasters_divider_09kab0ikwl\" class=\"cmsmasters_divider cmsmasters_divider_width_short cmsmasters_divider_pos_center\"><\/div>\n<div class=\"cmsmasters_sidebar sidebar_layout_11 sidebar-custom-menu\"><aside id=\"nav_menu-27\" class=\"widget widget_nav_menu\"><div class=\"menu-oddeleni-onkologie-container\"><ul id=\"menu-oddeleni-onkologie\" class=\"menu\"><li id=\"menu-item-21990\" class=\"menu-item menu-item-type-custom menu-item-object-custom menu-item-21990\"><a href=\"\/oddeleni\/onkologicke-oddeleni\/#popis-oddeleni\" data-ps2id-api=\"true\"><i class=\"fa-solid fa-info\"><\/i> Popis odd\u011blen\u00ed<\/a><\/li>\n<li id=\"menu-item-21991\" class=\"menu-item menu-item-type-custom menu-item-object-custom menu-item-21991\"><a href=\"\/oddeleni\/onkologicke-oddeleni\/#personalni-obsazeni\" data-ps2id-api=\"true\"><i class=\"fa-solid fa-user-doctor\"><\/i> Person\u00e1ln\u00ed obsazen\u00ed<\/a><\/li>\n<li id=\"menu-item-21992\" class=\"menu-item menu-item-type-custom menu-item-object-custom menu-item-21992\"><a href=\"\/oddeleni\/onkologicke-oddeleni\/#ordinacni-hodiny\" data-ps2id-api=\"true\"><i class=\"fa-regular fa-clock\"><\/i> Ordina\u010dn\u00ed hodiny<\/a><\/li>\n<li id=\"menu-item-21993\" class=\"menu-item menu-item-type-custom menu-item-object-custom menu-item-21993\"><a href=\"\/oddeleni\/onkologicke-oddeleni\/#kontaktni-informace\" data-ps2id-api=\"true\"><i class=\"fa-solid fa-phone\"><\/i> Kontaktn\u00ed informace<\/a><\/li>\n<li id=\"menu-item-21994\" class=\"menu-item menu-item-type-custom menu-item-object-custom menu-item-21994\"><a href=\"\/oddeleni\/onkologicke-oddeleni\/#kde-nas-najdete\" data-ps2id-api=\"true\"><i class=\"fa-solid fa-location-dot\"><\/i> Kde n\u00e1s najdete<\/a><\/li>\n<li id=\"menu-item-21995\" class=\"menu-item menu-item-type-custom menu-item-object-custom menu-item-21995\"><a href=\"\/oddeleni\/onkologicke-oddeleni\/#fotogalerie\" data-ps2id-api=\"true\"><i class=\"fa-solid fa-camera\"><\/i> Fotogalerie<\/a><\/li>\n<li id=\"menu-item-21996\" class=\"menu-custom-separator menu-item menu-item-type-custom menu-item-object-custom menu-item-21996\"><hr class=\"mhm-menu-separator\"><\/li>\n<li id=\"menu-item-28403\" class=\"static-link menu-item menu-item-type-custom menu-item-object-custom menu-item-28403\"><a href=\"\/oddeleni\/onkologicke-oddeleni\/onkologicke-ambulance\/\" data-ps2id-api=\"true\"><i class=\"fa-solid fa-house-medical\"><\/i>Ambulance<\/a><\/li>\n<li id=\"menu-item-22052\" class=\"static-link menu-item menu-item-type-custom menu-item-object-custom menu-item-22052\"><a href=\"\/oddeleni\/onkologicke-oddeleni\/spektrum-pece\/\" data-ps2id-api=\"true\"><i class=\"fa-solid fa-stethoscope\"><\/i> Spektrum p\u00e9\u010de<\/a><\/li>\n<li id=\"menu-item-21998\" class=\"static-link menu-item menu-item-type-custom menu-item-object-custom menu-item-21998\"><a href=\"\/oddeleni\/onkologicke-oddeleni\/luzkova-cast\/\" data-ps2id-api=\"true\"><i class=\"fa-solid fa-bed-pulse\"><\/i> L\u016f\u017ekov\u00e1 \u010d\u00e1st<\/a><\/li>\n<li id=\"menu-item-35398\" class=\"static-link menu-item menu-item-type-custom menu-item-object-custom menu-item-35398\"><a href=\"\/oddeleni\/onkologicke-oddeleni\/kooperujici-onkologicke-centrum\/\" data-ps2id-api=\"true\"><i class=\"fa-solid fa-arrows-to-dot\"><\/i>Komplexn\u00ed onkologick\u00e9 centrum<\/a><\/li>\n<li id=\"menu-item-35616\" class=\"static-link menu-item menu-item-type-custom menu-item-object-custom menu-item-35616\"><a href=\"\/oddeleni\/onkologicke-oddeleni\/pacientska-rada\/\" data-ps2id-api=\"true\"><i class=\"fa-solid fa-users\"><\/i> Pacientsk\u00e1 rada<\/a><\/li>\n<li id=\"menu-item-22057\" class=\"static-link menu-item menu-item-type-custom menu-item-object-custom menu-item-22057\"><a href=\"\/oddeleni\/onkologicke-oddeleni\/kooperujici-onkologicka-skupina-kraje-vysocina\/\" data-ps2id-api=\"true\"><i class=\"fa-solid fa-people-group\"><\/i> Kooperuj\u00edc\u00ed onkologick\u00e1 skupina Kraje Vyso\u010dina<\/a><\/li>\n<li id=\"menu-item-35181\" class=\"static-link menu-item menu-item-type-custom menu-item-object-custom menu-item-35181\"><a href=\"\/oddeleni\/onkologicke-oddeleni\/onko-koo\/\" data-ps2id-api=\"true\"><i class=\"fa-solid fa-hand-holding-heart\"><\/i> Koordin\u00e1to\u0159i onkologick\u00e9 p\u00e9\u010de<\/a><\/li>\n<li id=\"menu-item-28218\" class=\"menu-item menu-item-type-custom menu-item-object-custom menu-item-28218\"><a href=\"\/oddeleni\/onkologicke-oddeleni\/historie-onk\/\" data-ps2id-api=\"true\"><i class=\"fa-solid fa-ribbon\"><\/i>Historie Onkologick\u00e9ho odd\u011blen\u00ed<\/a><\/li>\n<\/ul><\/div><\/aside><div class=\"cl\"><\/div>\n<\/div>\n<\/div><\/div>\n<div id=\"cmsmasters_column_bo0xyc1mnm\" class=\"cmsmasters_column two_third\">\n<div class=\"cmsmasters_column_inner\"><div id=\"cmsmasters_heading_19qdr5f6te\" class=\"cmsmasters_heading_wrap cmsmasters_heading_align_left\">\n\t<h2 class=\"cmsmasters_heading\">Pacientsk\u00e1 rada onkologick\u00e9ho odd\u011blen\u00ed<\/h2>\n<\/div>\n<div id=\"cmsmasters_divider_55oq46kd3\" class=\"cmsmasters_divider cmsmasters_divider_width_short cmsmasters_divider_pos_left\"><\/div>\n<div class=\"cmsmasters_text\">\n<h4><a href=\"\/wp-content\/uploads\/2026\/04\/pacient_rada-scaled.jpg\"><img loading=\"lazy\" decoding=\"async\" class=\"aligncenter wp-image-35607\" src=\"\/wp-content\/uploads\/2026\/04\/pacient_rada-scaled.jpg\" alt=\"pacientsk\u00e1 rada\" width=\"500\" height=\"333\" srcset=\"\/wp-content\/uploads\/2026\/04\/pacient_rada-scaled.jpg 2560w, \/wp-content\/uploads\/2026\/04\/pacient_rada-300x200.jpg 300w, \/wp-content\/uploads\/2026\/04\/pacient_rada-1024x683.jpg 1024w, \/wp-content\/uploads\/2026\/04\/pacient_rada-768x512.jpg 768w, \/wp-content\/uploads\/2026\/04\/pacient_rada-1536x1024.jpg 1536w, \/wp-content\/uploads\/2026\/04\/pacient_rada-2048x1365.jpg 2048w, \/wp-content\/uploads\/2026\/04\/pacient_rada-18x12.jpg 18w, \/wp-content\/uploads\/2026\/04\/pacient_rada-580x387.jpg 580w, \/wp-content\/uploads\/2026\/04\/pacient_rada-860x573.jpg 860w, \/wp-content\/uploads\/2026\/04\/pacient_rada-1160x773.jpg 1160w\" sizes=\"auto, (max-width: 500px) 100vw, 500px\" \/><\/a><\/h4>\n<p>&nbsp;<\/p>\n<p>\u010clenov\u00e9 pacientsk\u00e9 rady (PR) Nemocnice Jihlava:<\/p>\n<p><strong>Ing. Alexander Filip<\/strong>, \u0159editel Nemocnice Jihlava<\/p>\n<p>&nbsp;<\/p>\n<p><em><span style=\"text-decoration: underline;\">Pacienti:<\/span><\/em><\/p>\n<p><strong>Kv\u011bta Bulantov\u00e1<\/strong><\/p>\n<p><strong>Bc. Michaela Frol\u00edkov\u00e1<\/strong><\/p>\n<p><strong>Marie Klime\u0161ov\u00e1<\/strong><\/p>\n<p><strong>Milada Pachrov\u00e1<\/strong><\/p>\n<p>&nbsp;<\/p>\n<p><em><span style=\"text-decoration: underline;\">Pacientsk\u00e9 organizace:<\/span><\/em><\/p>\n<p>Hlas onkologick\u00fdch pacient\u016f, z.s. &#8211; <strong>Bc. Michaela T\u016fmov\u00e1<\/strong><\/p>\n<p>Am\u00e9lie, z.s. \u2013 <strong>Mgr. \u0160\u00e1rka Slav\u00edkov\u00e1<\/strong><\/p>\n<p>\u010cesk\u00e9 ILCO, z.s. \u2013 <strong>Ing. Marie \u0158edinov\u00e1<\/strong><\/p>\n<p>&nbsp;<\/p>\n<p><em><span style=\"text-decoration: underline;\">Nemocnice Jihlava<\/span><\/em><\/p>\n<p><strong>MUDr. Lubom\u00edr Slav\u00ed\u010dek, Ph.D.<\/strong> \u2013prim\u00e1\u0159 onkologick\u00e9ho odd\u011blen\u00ed<\/p>\n<p><strong>Mgr. Marta Dosko\u010dilov\u00e1<\/strong> \u2013 vrchn\u00ed sestra onkologick\u00e9ho odd\u011blen\u00ed<\/p>\n<p><strong>Bc. Michaela Kov\u00e1\u0159\u016f<\/strong> &#8211; koordin\u00e1torka onkologick\u00e9 p\u00e9\u010de<\/p>\n<p><strong>Dita Ondrou\u0161kov\u00e1<\/strong> &#8211; ombudsman nemocnice<\/p>\n<p>&nbsp;<\/p>\n<p><em><span style=\"text-decoration: underline;\">Kontakt:<br \/>\n<\/span><\/em><br \/>\n<strong>Dita Ondrou\u0161kov\u00e1<\/strong><br \/>\nE-mail: ombudsman@nemji.cz<br \/>\nT: +420 705 749 429<\/p>\n<p>&nbsp;<\/p>\n<p>&nbsp;<\/p>\n<\/div>\n<div id=\"cmsmasters_heading_2eu67bckz\" class=\"cmsmasters_heading_wrap cmsmasters_heading_align_left\">\n\t<h3 class=\"cmsmasters_heading\">Etick\u00fd kodex pacientsk\u00e9 rady<\/h3>\n<\/div><div class=\"cmsmasters_text download-links-large\">\n<p><a href=\"\/wp-content\/uploads\/2026\/04\/Eticky-kodex-pro-Pacientskou-radu-Jihlava.pdf\">Etick\u00fd kodex pacientsk\u00e9 rady<\/a><\/p>\n<\/div>\n<\/div><\/div>\n<\/div>\n<\/div>\n<\/div>\n<\/div>\n<\/div>\n\n","protected":false},"excerpt":{"rendered":"","protected":false},"author":5,"featured_media":23377,"parent":21973,"menu_order":0,"comment_status":"closed","ping_status":"closed","template":"","meta":{"pgc_sgb_lightbox_settings":"","footnotes":"","_links_to":"","_links_to_target":""},"categories":[],"class_list":["post-35604","page","type-page","status-publish","has-post-thumbnail","hentry"],"publishpress_future_action":{"enabled":false,"date":"2026-04-12 01:28:50","action":"change-status","newStatus":"draft","terms":[],"taxonomy":"category","extraData":[]},"publishpress_future_workflow_manual_trigger":{"enabledWorkflows":[]},"_links":{"self":[{"href":"https:\/\/webnemji.azurewebsites.net\/en\/wp-json\/wp\/v2\/pages\/35604","targetHints":{"allow":["GET"]}}],"collection":[{"href":"https:\/\/webnemji.azurewebsites.net\/en\/wp-json\/wp\/v2\/pages"}],"about":[{"href":"https:\/\/webnemji.azurewebsites.net\/en\/wp-json\/wp\/v2\/types\/page"}],"author":[{"embeddable":true,"href":"https:\/\/webnemji.azurewebsites.net\/en\/wp-json\/wp\/v2\/users\/5"}],"replies":[{"embeddable":true,"href":"https:\/\/webnemji.azurewebsites.net\/en\/wp-json\/wp\/v2\/comments?post=35604"}],"version-history":[{"count":8,"href":"https:\/\/webnemji.azurewebsites.net\/en\/wp-json\/wp\/v2\/pages\/35604\/revisions"}],"predecessor-version":[{"id":35615,"href":"https:\/\/webnemji.azurewebsites.net\/en\/wp-json\/wp\/v2\/pages\/35604\/revisions\/35615"}],"up":[{"embeddable":true,"href":"https:\/\/webnemji.azurewebsites.net\/en\/wp-json\/wp\/v2\/pages\/21973"}],"wp:featuredmedia":[{"embeddable":true,"href":"https:\/\/webnemji.azurewebsites.net\/en\/wp-json\/wp\/v2\/media\/23377"}],"wp:attachment":[{"href":"https:\/\/webnemji.azurewebsites.net\/en\/wp-json\/wp\/v2\/media?parent=35604"}],"wp:term":[{"taxonomy":"category","embeddable":true,"href":"https:\/\/webnemji.azurewebsites.net\/en\/wp-json\/wp\/v2\/categories?post=35604"}],"curies":[{"name":"wp","href":"https:\/\/api.w.org\/{rel}","templated":true}]}}