{"id":529,"date":"2015-04-20T11:50:56","date_gmt":"2015-04-20T09:50:56","guid":{"rendered":"http:\/\/welfare.cmsmasters.net\/?page_id=529"},"modified":"2025-02-25T07:53:12","modified_gmt":"2025-02-25T06:53:12","slug":"o-nemocnici","status":"publish","type":"page","link":"https:\/\/webnemji.azurewebsites.net\/en\/o-nemocnici\/","title":{"rendered":"About Hospital"},"content":{"rendered":"<div id=\"cmsmasters_row_0b6bd5f67e\" class=\"cmsmasters_row cmsmasters_color_scheme_default heroblocks cmsmasters_row_top_default cmsmasters_row_bot_default cmsmasters_row_boxed\">\n<div id=\"heroboxes\" class=\"cmsmasters_row_outer_parent\">\n<div class=\"cmsmasters_row_overlay\"><\/div>\n<div class=\"cmsmasters_row_outer\">\n<div class=\"cmsmasters_row_inner\">\n<div class=\"cmsmasters_row_margin\">\n<div id=\"cmsmasters_column_b6d3203234\" class=\"cmsmasters_column one_first\">\n<div class=\"cmsmasters_column_inner\"><div id=\"cmsmasters_heading_a82262ad0f\" class=\"cmsmasters_heading_wrap cmsmasters_heading_align_center pageheadingtitle\" data-animation=\"fadeIn\" data-delay=\"0\">\n\t<h1 class=\"cmsmasters_heading\">O nemocnici<\/h1>\n<\/div><div id=\"cmsmasters_heading_g59trqd5a\" class=\"cmsmasters_heading_wrap cmsmasters_heading_align_center\">\n\t<h3 class=\"cmsmasters_heading\">Nemocnice Jihlava, p\u0159\u00edsp\u011bvkov\u00e1 organizace<\/h3>\n<\/div>\n<\/div><\/div>\n<\/div>\n<\/div>\n<\/div>\n<\/div>\n<\/div>\n<div id=\"cmsmasters_row_ewyb4wi2t\" class=\"cmsmasters_row cmsmasters_color_scheme_default cmsmasters_row_top_default cmsmasters_row_bot_default cmsmasters_row_boxed\">\n<div class=\"cmsmasters_row_outer_parent\">\n<div class=\"cmsmasters_row_outer\">\n<div class=\"cmsmasters_row_inner\">\n<div class=\"cmsmasters_row_margin\">\n<div id=\"cmsmasters_column_7bgnudqpin\" class=\"cmsmasters_column one_first\">\n<div class=\"cmsmasters_column_inner\"><div class=\"cmsmasters_text\">\n<p><nav aria-label=\"breadcrumbs\">\n            <div class=\"breadcrumb-container theme1\">\n                <ol>\n                                    <\/ol>\n            <\/div>\n        <\/nav>    <script type=\"application\/ld+json\">\n        {\n            \"@context\": \"http:\/\/schema.org\",\n            \"@type\": \"BreadcrumbList\",\n            \"itemListElement\": [\n                            ]\n        }\n    <\/script>\n   \n    <script>\n            <\/script>\n<\/p>\n<\/div>\n<\/div><\/div>\n<\/div>\n<\/div>\n<\/div>\n<\/div>\n<\/div>\n<div id=\"cmsmasters_row_7c1c11db73\" class=\"cmsmasters_row cmsmasters_color_scheme_default responsive-sidebar-padding cmsmasters_row_top_default cmsmasters_row_bot_default cmsmasters_row_boxed\">\n<div class=\"cmsmasters_row_outer_parent\">\n<div class=\"cmsmasters_row_outer\">\n<div class=\"cmsmasters_row_inner\">\n<div class=\"cmsmasters_row_margin\">\n<div id=\"cmsmasters_column_18105c8427\" class=\"cmsmasters_column one_third stickyinfocolumn\">\n<div class=\"cmsmasters_column_inner\"><div id=\"cmsmasters_heading_06oshyxaep\" class=\"cmsmasters_heading_wrap cmsmasters_heading_align_center\">\n\t<h3 class=\"cmsmasters_heading\">O nemocnici<\/h3>\n<\/div>\n<div id=\"cmsmasters_divider_fk418hu6k\" class=\"cmsmasters_divider cmsmasters_divider_width_short cmsmasters_divider_pos_center\"><\/div>\n<div class=\"cmsmasters_sidebar sidebar_layout_11 sidebar-custom-menu\"><aside id=\"nav_menu-4\" class=\"widget widget_nav_menu\"><div class=\"menu-o-nemocnici-container\"><ul id=\"menu-o-nemocnici\" class=\"menu\"><li id=\"menu-item-15789\" class=\"static-link menu-item menu-item-type-post_type menu-item-object-page menu-item-15789\"><a href=\"https:\/\/webnemji.azurewebsites.net\/en\/o-nemocnici\/\" data-ps2id-api=\"true\"><i class=\"fa-solid fa-circle-info\"><\/i> Z\u00e1kladn\u00ed informace<\/a><\/li>\n<li id=\"menu-item-15339\" class=\"static-link menu-item menu-item-type-post_type menu-item-object-page menu-item-15339\"><a href=\"https:\/\/webnemji.azurewebsites.net\/en\/o-nemocnici\/jak-se-k-nam-dostanete\/\" data-ps2id-api=\"true\"><i class=\"fa-solid fa-bus\"><\/i> Jak se k n\u00e1m dostanete<\/a><\/li>\n<li id=\"menu-item-15351\" class=\"static-link menu-item menu-item-type-post_type menu-item-object-page menu-item-15351\"><a href=\"https:\/\/webnemji.azurewebsites.net\/en\/o-nemocnici\/orientacni-plan-nemocnice\/\" data-ps2id-api=\"true\"><i class=\"fa-solid fa-map-location-dot\"><\/i> Orienta\u010dn\u00ed pl\u00e1n nemocnice<\/a><\/li>\n<li id=\"menu-item-15603\" class=\"static-link menu-item menu-item-type-post_type menu-item-object-page menu-item-15603\"><a href=\"https:\/\/webnemji.azurewebsites.net\/en\/o-nemocnici\/organizacni-struktura\/\" data-ps2id-api=\"true\"><i class=\"fa-solid fa-sitemap\"><\/i> Organiza\u010dn\u00ed struktura<\/a><\/li>\n<li id=\"menu-item-15335\" class=\"static-link menu-item menu-item-type-post_type menu-item-object-page menu-item-15335\"><a href=\"https:\/\/webnemji.azurewebsites.net\/en\/o-nemocnici\/historie-nemocnice\/\" data-ps2id-api=\"true\"><i class=\"fa-solid fa-book-medical\"><\/i> Historie nemocnice<\/a><\/li>\n<li id=\"menu-item-15334\" class=\"static-link menu-item menu-item-type-post_type menu-item-object-page menu-item-15334\"><a href=\"https:\/\/webnemji.azurewebsites.net\/en\/o-nemocnici\/vyrocni-zpravy\/\" data-ps2id-api=\"true\"><i class=\"fa-regular fa-calendar-days\"><\/i> V\u00fdro\u010dn\u00ed zpr\u00e1vy<\/a><\/li>\n<li id=\"menu-item-31370\" class=\"static-link menu-item menu-item-type-custom menu-item-object-custom menu-item-31370\"><a href=\"\/informace-o-prumerne-cekaci-dobe\/\" data-ps2id-api=\"true\"><i class=\"fa-solid fa-circle-info\"><\/i> \u010cekac\u00ed doba na pl\u00e1novan\u00e9 v\u00fdkony a vy\u0161et\u0159en\u00ed<\/a><\/li>\n<li id=\"menu-item-31374\" class=\"menu-item menu-item-type-custom menu-item-object-custom menu-item-31374\"><a href=\"\/hodnoceni-cinnosti-traumacentra\/\" data-ps2id-api=\"true\"><i class=\"fa-solid fa-book-medical\"><\/i> Hodnocen\u00ed \u010dinnosti a v\u00fdkonnosti Traumacentra II. typu<\/a><\/li>\n<li id=\"menu-item-22171\" class=\"menu-custom-separator menu-item menu-item-type-custom menu-item-object-custom menu-item-22171\"><hr class=\"mhm-menu-separator\"><\/li>\n<li id=\"menu-item-29142\" class=\"static-link menu-item menu-item-type-custom menu-item-object-custom menu-item-29142\"><a href=\"\/o-nemocnici\/evropske-fondy\/\" data-ps2id-api=\"true\"><i class=\"fa-solid fa-euro-sign\"><\/i> Evropsk\u00e9 fondy<\/a><\/li>\n<li id=\"menu-item-15788\" class=\"static-link menu-item menu-item-type-post_type menu-item-object-page menu-item-15788\"><a href=\"https:\/\/webnemji.azurewebsites.net\/en\/o-nemocnici\/zpracovavane-osobni-udaje\/\" data-ps2id-api=\"true\"><i class=\"fa-solid fa-lock\"><\/i> Zpracov\u00e1van\u00e9 osobn\u00ed \u00fadaje<\/a><\/li>\n<li id=\"menu-item-27819\" class=\"static-link menu-item menu-item-type-post_type menu-item-object-page menu-item-27819\"><a href=\"https:\/\/webnemji.azurewebsites.net\/en\/o-nemocnici\/ombudsman\/\" data-ps2id-api=\"true\"><i class=\"fa-solid fa-user-shield\"><\/i> Nemocni\u010dn\u00ed ombudsman<\/a><\/li>\n<li id=\"menu-item-25702\" class=\"static-link menu-item menu-item-type-post_type menu-item-object-page menu-item-25702\"><a href=\"https:\/\/webnemji.azurewebsites.net\/en\/o-nemocnici\/whistleblowing\/\" data-ps2id-api=\"true\"><i class=\"fa-solid fa-bullhorn\"><\/i> Whistleblowing<\/a><\/li>\n<li id=\"menu-item-26755\" class=\"static-link menu-item menu-item-type-post_type menu-item-object-page menu-item-26755\"><a href=\"https:\/\/webnemji.azurewebsites.net\/en\/oddeleni\/ict\/kyberbezpecnost\/\" data-ps2id-api=\"true\"><i class=\"fa-solid fa-shield-halved\"><\/i> Kyberbezpe\u010dnost<\/a><\/li>\n<li id=\"menu-item-27077\" class=\"static-link menu-item menu-item-type-post_type menu-item-object-page menu-item-27077\"><a href=\"https:\/\/webnemji.azurewebsites.net\/en\/o-nemocnici\/povinne-zverejnovane-informace\/\" data-ps2id-api=\"true\"><i class=\"fa-solid fa-info\"><\/i> Povinn\u011b zve\u0159ej\u0148ovan\u00e9 informace<\/a><\/li>\n<li id=\"menu-item-28025\" class=\"static-link menu-item menu-item-type-post_type menu-item-object-page menu-item-28025\"><a href=\"https:\/\/webnemji.azurewebsites.net\/en\/o-nemocnici\/kamerovy-system\/\" data-ps2id-api=\"true\"><i class=\"fa-solid fa-video\"><\/i> Kamerov\u00fd syst\u00e9m<\/a><\/li>\n<\/ul><\/div><\/aside><div class=\"cl\"><\/div>\n<\/div>\n<\/div><\/div>\n<div id=\"cmsmasters_column_b598bb73ec\" class=\"cmsmasters_column two_third\">\n<div class=\"cmsmasters_column_inner\"><div id=\"cmsmasters_heading_bec7wv05ho\" class=\"cmsmasters_heading_wrap cmsmasters_heading_align_left\">\n\t<h2 class=\"cmsmasters_heading\">Nemocnice Jihlava, p\u0159\u00edsp\u011bvkov\u00e1 organizace<\/h2>\n<\/div>\n<div id=\"cmsmasters_divider_ao28wc88g4\" class=\"cmsmasters_divider cmsmasters_divider_width_short cmsmasters_divider_pos_left\"><\/div>\n<div class=\"cmsmasters_text\">\n<p>Vrchlick\u00e9ho 59, 586 01 Jihlava<br \/>\ntel.: +420 567 157 111<br \/>\nID DS: 4srk6jw<br \/>\ne-mail: sekretariat@nemji.cz<br \/>\nwww.nemji.cz<br \/>\nI\u010cO: 00090638<br \/>\nDI\u010c: CZ00090638<\/p>\n<p>&nbsp;<\/p>\n<h4><strong>\u00da\u010dty nemocnice<\/strong><\/h4>\n<p>B\u011b\u017en\u00fd \u00fa\u010det: 18736681\/0100<\/p>\n<p>Adresa pro zas\u00edl\u00e1n\u00ed elektronick\u00fdch faktur:\u00a0efaktura@nemji.cz<\/p>\n<p>Z\u0159\u00edzena na z\u00e1klad\u011b z\u0159izovac\u00ed listiny schv\u00e1len\u00e9 usnesen\u00edm \u010d. 074\/02\/2003\/ZK na jedn\u00e1n\u00ed Zastupitelstva\u00a0Kraje Vyso\u010dina dne 31. 3. 2003.<\/p>\n<p>ID datov\u00e9 schr\u00e1nky: 4srk6jw\u00a0\u00a0Maxim\u00e1ln\u00ed velikost jedn\u00e9 datov\u00e9 zpr\u00e1vy je 100 MB.<\/p>\n<p>Adresa elektronick\u00e9 podatelny: podatelna@nemji.cz.\u00a0Velikost jednoho e-mailu v\u010detn\u011b p\u0159\u00edloh je max. 10 MB.<\/p>\n<p>&nbsp;<\/p>\n<h4><strong>Po\u017eadavky na elektronick\u00e1 pod\u00e1n\u00ed:<\/strong><\/h4>\n<p>Nemocnice Jihlava, p\u0159\u00edsp\u011bvkov\u00e1 organizace akceptuje jako p\u0159\u00edlohu pod\u00e1n\u00ed soubory v t\u011bchto form\u00e1tech:<\/p>\n<ul>\n<li>Dokument MS word (.doc, .docx).<\/li>\n<li>Dokument MS excel (.xls, .xlsx).<\/li>\n<li>V\u00fdstupn\u00edm datov\u00fdm form\u00e1tem pro statick\u00e9 textov\u00e9 dokumenty a kombinovan\u00e9 statick\u00e9 textov\u00e9 a obr\u00e1zkov\u00e9 dokumenty je PDF\/A (dokument ve form\u00e1tu Adobe Acrobat Reader).<\/li>\n<li>V\u00fdstupn\u00edm datov\u00fdm form\u00e1tem pro statick\u00e9 obrazov\u00e9 dokumenty je PNG, TIF\/TIFF, JPEG\/JFIF.<\/li>\n<li>V\u00fdstupn\u00edm datov\u00fdm form\u00e1tem pro datab\u00e1ze je XML.<\/li>\n<li>V\u00fdstupn\u00edm datov\u00fdm form\u00e1tem pro \u00fa\u010detn\u00ed z\u00e1znamy v elektronick\u00e9 podob\u011b je ISDOC.<\/li>\n<li>Elektronick\u00fd podpis je akceptov\u00e1n pouze u form\u00e1t\u016f PDF\/A, ZFO, FO. U e-mailov\u00fdch zpr\u00e1v ve form\u00e1tu S\/MIME.<\/li>\n<li>Jednou e-mailovou zpr\u00e1vou (nebo na jednom technick\u00e9m nosi\u010di dat) zas\u00edlejte pouze jedno pod\u00e1n\u00ed.<\/li>\n<li>Pokud sou\u010d\u00e1st\u00ed jednoho pod\u00e1n\u00ed je v\u00edce elektronick\u00fdch dokument\u016f, mus\u00ed b\u00fdt z\u0159ejm\u00e9, kter\u00fd dokument je vlastn\u00edm pod\u00e1n\u00edm a kter\u00e9 dokumenty jsou dal\u0161\u00edmi elektronick\u00fdmi p\u0159\u00edlohami tohoto pod\u00e1n\u00ed.<\/li>\n<\/ul>\n<p>&nbsp;<\/p>\n<h4><strong>Postup v p\u0159\u00edpad\u011b zji\u0161t\u011bn\u00ed z\u00e1vad u p\u0159ijat\u00e9ho pod\u00e1n\u00ed:<\/strong><\/h4>\n<ul>\n<li>Pokud je dokument v digit\u00e1ln\u00ed podob\u011b v\u010d. datov\u00e9 zpr\u00e1vy, v n\u00ed\u017e je obsa\u017een, ne\u00fapln\u00fd, nelze jej zobrazit (nen\u00ed \u010diteln\u00fd), obsahuje \u0161kodliv\u00fd k\u00f3d (chybn\u00fd datov\u00fd form\u00e1t nebo po\u010d\u00edta\u010dov\u00fd program, kter\u00fd je zp\u016fsobil\u00fd p\u0159ivodit \u0161kodu na informa\u010dn\u00edm syst\u00e9mu nebo na informac\u00edch zpracov\u00e1van\u00fdch Nemocnic\u00ed Jihlava, p\u0159\u00edsp. org.), nen\u00ed v datov\u00e9m form\u00e1tu nebo nen\u00ed ulo\u017een na p\u0159enosn\u00e9m technick\u00e9m nosi\u010di dat, na kter\u00e9m Nemocnice Jihlava, p\u0159\u00edsp. org. p\u0159ij\u00edm\u00e1 dokumenty v digit\u00e1ln\u00ed podob\u011b, bude o t\u00e9to skute\u010dnosti odes\u00edlatel, pokud je zn\u00e1m, vyrozum\u011bn a bude mu stanoven postup pro odstran\u011bn\u00ed vady dokumentu. Nen\u00ed-li Nemocnice Jihlava, p\u0159\u00edsp. org. schopna ur\u010dit odes\u00edlatele nebo nepoda\u0159\u00ed-li se j\u00ed ve spolupr\u00e1ci s odes\u00edlatelem vadu doru\u010den\u00e9ho dokumentu odstranit, d\u00e1le dokument nezpracov\u00e1v\u00e1.<\/li>\n<li>P\u0159i zji\u0161t\u011bn\u00ed, \u017ee doru\u010den\u00fd analogov\u00fd dokument je ne\u00fapln\u00fd nebo ne\u010diteln\u00fd a Nemocnice Jihlava, p\u0159\u00edsp. org. je schopna ur\u010dit odes\u00edlatele, vyrozum\u00ed jej o zji\u0161t\u011bn\u00e9 vad\u011b a po\u017e\u00e1d\u00e1 o znovupod\u00e1n\u00ed. Pokud se nepoda\u0159\u00ed odes\u00edlatele ur\u010dit, pod\u00e1n\u00ed se d\u00e1le nezpracov\u00e1v\u00e1.<\/li>\n<\/ul>\n<p>&nbsp;<\/p>\n<h4><strong>Z\u0159izovatel:<\/strong><\/h4>\n<p>Kraj Vyso\u010dina, \u017di\u017ekova 57, Jihlava<\/p>\n<p>&nbsp;<\/p>\n<h4><strong>P\u0159edm\u011bt a hlavn\u00ed \u00fa\u010del \u010dinnosti:<\/strong><\/h4>\n<p>Organizace poskytuje zdravotn\u00ed p\u00e9\u010di, v n\u00ed\u017e je zahrnuta ambulantn\u00ed a l\u016f\u017ekov\u00e1 z\u00e1kladn\u00ed a specializovan\u00e1 diagnostick\u00e1 a l\u00e9\u010debn\u00e1 p\u00e9\u010de, nezbytn\u00e1 preventivn\u00ed p\u00e9\u010de a l\u00e9k\u00e1rensk\u00e1 \u010dinnost. Organizace prov\u00e1d\u00ed v\u011bdeckou, vzd\u011bl\u00e1vac\u00ed a informa\u010dn\u00ed \u010dinnost ve zdravotnictv\u00ed, j\u00ed\u017e se zejm\u00e9na rozum\u00ed prov\u00e1d\u011bn\u00ed klinick\u00e9ho hodnocen\u00ed \u00fa\u010dink\u016f l\u00e9k\u016f a nov\u00e9 zdravotnick\u00e9 techniky, v\u011bdeckov\u00fdzkumn\u00e1 \u010dinnost, pregradu\u00e1ln\u00ed v\u00fdchova zdravotnick\u00fdch pracovn\u00edk\u016f, postgradu\u00e1ln\u00ed a kontinu\u00e1ln\u00ed vzd\u011bl\u00e1v\u00e1n\u00ed pracovn\u00edk\u016f ve zdravotnictv\u00ed a zaji\u0161t\u011bn\u00ed \u010dinnosti odborn\u00e9 knihovny.<\/p>\n<p>&nbsp;<\/p>\n<h4><strong>Dopl\u0148kov\u00e9 \u010dinnosti:<\/strong><\/h4>\n<ul>\n<li>P\u0159\u00edprava a prodej ob\u011bd\u016f ciz\u00edm str\u00e1vn\u00edk\u016fm.<\/li>\n<li>P\u0159\u00edprava a prodej potravin a dopl\u0148kov\u00e9ho sortimentu v kant\u00fdn\u00e1ch \u010di v bufetech, v\u010detn\u011b prodeje vlastn\u00edch v\u00fdrobk\u016f.<\/li>\n<li>V\u00fddej a prodej l\u00e9\u010div\u00fdch p\u0159\u00edpravk\u016f, l\u00e1tek a zdravotn\u00edch pom\u016fcek, prodej ostatn\u00edho materi\u00e1lu a zbo\u017e\u00ed.<\/li>\n<li>Provozov\u00e1n\u00ed parkovi\u0161t\u011b, zpoplatn\u011bn\u00ed vjezdu do are\u00e1lu.<\/li>\n<li>Pron\u00e1jem v\u011bc\u00ed movit\u00fdch.<\/li>\n<li>Po\u0159\u00e1d\u00e1n\u00ed kulturn\u00edch, sportovn\u00edch a spole\u010densk\u00fdch akc\u00ed, provozov\u00e1n\u00ed t\u011blov\u00fdchovn\u00fdch a sportovn\u00edch za\u0159\u00edzen\u00ed.<\/li>\n<li>Sterilizace zdravotnick\u00fdch prost\u0159edk\u016f.<\/li>\n<li>Distribuce l\u00e9\u010div\u00fdch p\u0159\u00edpravk\u016f.<\/li>\n<li>Pron\u00e1jem nemovitost\u00ed, byt\u016f a nebytov\u00fdch prostor.<\/li>\n<\/ul>\n<\/div>\n<\/div><\/div>\n<\/div>\n<\/div>\n<\/div>\n<\/div>\n<\/div>\n\n","protected":false},"excerpt":{"rendered":"","protected":false},"author":2,"featured_media":19778,"parent":0,"menu_order":0,"comment_status":"closed","ping_status":"closed","template":"","meta":{"pgc_sgb_lightbox_settings":"","footnotes":"","_links_to":"","_links_to_target":""},"categories":[87],"class_list":["post-529","page","type-page","status-publish","has-post-thumbnail","hentry","category-page-o-nemocnici"],"publishpress_future_action":{"enabled":false,"date":"2026-04-23 18:53:42","action":"change-status","newStatus":"draft","terms":[],"taxonomy":"category","extraData":[]},"publishpress_future_workflow_manual_trigger":{"enabledWorkflows":[]},"_links":{"self":[{"href":"https:\/\/webnemji.azurewebsites.net\/en\/wp-json\/wp\/v2\/pages\/529","targetHints":{"allow":["GET"]}}],"collection":[{"href":"https:\/\/webnemji.azurewebsites.net\/en\/wp-json\/wp\/v2\/pages"}],"about":[{"href":"https:\/\/webnemji.azurewebsites.net\/en\/wp-json\/wp\/v2\/types\/page"}],"author":[{"embeddable":true,"href":"https:\/\/webnemji.azurewebsites.net\/en\/wp-json\/wp\/v2\/users\/2"}],"replies":[{"embeddable":true,"href":"https:\/\/webnemji.azurewebsites.net\/en\/wp-json\/wp\/v2\/comments?post=529"}],"version-history":[{"count":0,"href":"https:\/\/webnemji.azurewebsites.net\/en\/wp-json\/wp\/v2\/pages\/529\/revisions"}],"wp:featuredmedia":[{"embeddable":true,"href":"https:\/\/webnemji.azurewebsites.net\/en\/wp-json\/wp\/v2\/media\/19778"}],"wp:attachment":[{"href":"https:\/\/webnemji.azurewebsites.net\/en\/wp-json\/wp\/v2\/media?parent=529"}],"wp:term":[{"taxonomy":"category","embeddable":true,"href":"https:\/\/webnemji.azurewebsites.net\/en\/wp-json\/wp\/v2\/categories?post=529"}],"curies":[{"name":"wp","href":"https:\/\/api.w.org\/{rel}","templated":true}]}}